{"id":3764,"date":"2024-11-27T17:00:23","date_gmt":"2024-11-27T17:00:23","guid":{"rendered":"https:\/\/dmr-portugal.org\/?page_id=3764"},"modified":"2025-06-18T23:01:59","modified_gmt":"2025-06-18T22:01:59","slug":"3764-2","status":"publish","type":"page","link":"https:\/\/dmr-portugal.org\/?page_id=3764","title":{"rendered":"netCT 12\u00aa sess\u00e3o"},"content":{"rendered":"<p>&nbsp;<\/p>\n<p style=\"text-align: center;\"><span style=\"font-family: arial, helvetica, sans-serif; font-size: 20px;\"><strong>Hist\u00f3rico da 12\u00aa sess\u00e3o<\/strong><\/span><\/p>\n<p>&nbsp;<\/p>\n<p><img fetchpriority=\"high\" decoding=\"async\" class=\"size-full wp-image-3768 aligncenter\" src=\"https:\/\/dmr-portugal.org\/wp-content\/uploads\/2024\/11\/Log-net-08_12.png\" alt=\"\" width=\"967\" height=\"769\" srcset=\"https:\/\/dmr-portugal.org\/wp-content\/uploads\/2024\/11\/Log-net-08_12.png 967w, https:\/\/dmr-portugal.org\/wp-content\/uploads\/2024\/11\/Log-net-08_12-300x239.png 300w, https:\/\/dmr-portugal.org\/wp-content\/uploads\/2024\/11\/Log-net-08_12-768x611.png 768w, https:\/\/dmr-portugal.org\/wp-content\/uploads\/2024\/11\/Log-net-08_12-150x119.png 150w\" sizes=\"(max-width: 967px) 100vw, 967px\" \/><\/p>\n<p style=\"text-align: center;\"><span style=\"font-family: arial, helvetica, sans-serif;\"><em><strong>Log da 12\u00aa sess\u00e3o do 8\u00ba ano<\/strong><\/em><\/span><\/p>\n<p>&nbsp;<\/p>\n<p><span style=\"font-family: arial, helvetica, sans-serif;\">17 utilizadores fizeram representar as suas associa\u00e7\u00f5es. 4 utilizadores responderam corretamente \u00e0 quest\u00e3o do Quiz e 1 parcialmente.<\/span><\/p>\n<p>&nbsp;<\/p>\n<p style=\"text-align: center;\"><strong><span style=\"font-family: arial, helvetica, sans-serif; font-size: 20px;\">Quiz<\/span><\/strong><\/p>\n<p>&nbsp;<\/p>\n<p><span style=\"font-family: arial, helvetica, sans-serif;\"><strong><em>Esta \u00e9 uma pergunta para quem conhe\u00e7a a rede nacional ou a p\u00e1gina do Wiki de Portugal.<\/em><\/strong><\/span><\/p>\n<p>&nbsp;<\/p>\n<ul>\n<li><span style=\"font-family: arial, helvetica, sans-serif;\"><span style=\"font-family: arial, helvetica, sans-serif;\"><strong>Existem TG\u2019s somente de informa\u00e7\u00e3o que devem ser usados como chamada privada.\u00a0 Quais s\u00e3o eles?<\/strong><\/span><\/span><\/li>\n<\/ul>\n<p style=\"text-align: center;\"><strong><span style=\"font-family: arial, helvetica, sans-serif; font-size: 20px;\">\u2297<\/span><\/strong><\/p>\n<p>&nbsp;<\/p>\n<p><strong><span style=\"font-family: arial, helvetica, sans-serif;\">R:<\/span><\/strong><\/p>\n<p><span style=\"font-family: arial, helvetica, sans-serif;\">268900 \u2013 Servi\u00e7o Hor\u00e1rio, comunica\u00e7\u00e3o da hora actual.<br \/>\n<\/span><span style=\"font-family: arial, helvetica, sans-serif;\">268990 \u2013 Informa\u00e7\u00e3o do ID que est\u00e3o a utilizar, seja hotspot (n\u00e3o faz sentido) seja num repetidor que n\u00e3o sabem qual.<br \/>\n<\/span><span style=\"font-family: arial, helvetica, sans-serif;\">268991 \u2013 Informa\u00e7\u00e3o dos TG\u2019s est\u00e1ticos ou dinamicos, no hotspot\/repetidor que estiverem a usar.<\/span><\/p>\n<p>&nbsp;<\/p>\n<p><span style=\"font-family: arial, helvetica, sans-serif;\">Estes TG informativos s\u00f3 ser\u00e3o ouvidos se no perfil Selfcare da vossa conta estiver selecionada a lingua Portugu\u00easa.<\/span><\/p>\n<p>&nbsp;<\/p>\n<p><span style=\"font-family: arial, helvetica, sans-serif;\"><strong>Nota<\/strong>: <em>A \u00e1rea Selfcare do BrandMeister tem um bug, sempre que fizerem altera\u00e7\u00f5es e as salvarem por defeito a l\u00edngua passa a \u2018English\u2019, devem alterar para portugu\u00eas e voltar a salvar.<\/em><\/span><\/p>\n<p>&nbsp;<\/p>\n<p style=\"text-align: center;\"><span style=\"font-family: arial, helvetica, sans-serif; font-size: 20px;\"><strong>Fotos rececionadas<\/strong><\/span><\/p>\n<p style=\"text-align: center;\"><span style=\"font-family: arial, helvetica, sans-serif;\">(n\u00e3o foram recebidas)<\/span><\/p>\n<p>&nbsp;<\/p>\n<p><span style=\"font-family: arial, helvetica, sans-serif;\">Resultados da sondagem lan\u00e7ada a 6\/11 (teve uma dura\u00e7\u00e3o de 15 dias para recolha de informa\u00e7\u00e3o)<\/span><\/p>\n<p><img decoding=\"async\" class=\"size-full wp-image-3776 aligncenter\" src=\"https:\/\/dmr-portugal.org\/wp-content\/uploads\/2024\/11\/sondagem-net.png\" alt=\"\" width=\"674\" height=\"693\" srcset=\"https:\/\/dmr-portugal.org\/wp-content\/uploads\/2024\/11\/sondagem-net.png 674w, https:\/\/dmr-portugal.org\/wp-content\/uploads\/2024\/11\/sondagem-net-292x300.png 292w, https:\/\/dmr-portugal.org\/wp-content\/uploads\/2024\/11\/sondagem-net-146x150.png 146w\" sizes=\"(max-width: 674px) 100vw, 674px\" \/><br \/>\n<span style=\"font-family: arial, helvetica, sans-serif;\">Com este resultado conclu\u00edmos ser maioritariamente do interesse geral que existam bridges entre os modos de voz digital disponibilizados pelo BrandMeister Portugal.<\/span><\/p>\n<p>&nbsp;<\/p>\n<p style=\"text-align: center;\"><span style=\"font-family: arial, helvetica, sans-serif; font-size: 20px;\"><strong>Pontos<\/strong><\/span><\/p>\n<p style=\"text-align: center;\"><span style=\"font-family: arial, helvetica, sans-serif;\"><strong>Top \u2018Selfies\u2019\/Quiz<\/strong><\/span><\/p>\n<p style=\"text-align: center;\"><img decoding=\"async\" class=\"size-full wp-image-3775 aligncenter\" src=\"https:\/\/dmr-portugal.org\/wp-content\/uploads\/2024\/11\/pontos-12.png\" alt=\"\" width=\"264\" height=\"529\" srcset=\"https:\/\/dmr-portugal.org\/wp-content\/uploads\/2024\/11\/pontos-12.png 264w, https:\/\/dmr-portugal.org\/wp-content\/uploads\/2024\/11\/pontos-12-150x300.png 150w, https:\/\/dmr-portugal.org\/wp-content\/uploads\/2024\/11\/pontos-12-75x150.png 75w\" sizes=\"(max-width: 264px) 100vw, 264px\" \/><\/p>\n<p>&nbsp;<\/p>\n<p style=\"text-align: center;\"><span style=\"font-family: arial, helvetica, sans-serif;\"><span style=\"font-size: 20px;\"><strong>Utilizador mais ativo sem. 14\/11 ~ 19\/11<\/strong><\/span><\/span><\/p>\n<table style=\"border-collapse: collapse; width: 100%;\">\n<tbody>\n<tr style=\"border-style: hidden;\">\n<td style=\"width: 473.5px; text-align: center;\"><img loading=\"lazy\" decoding=\"async\" class=\"size-full wp-image-3777 aligncenter\" src=\"https:\/\/dmr-portugal.org\/wp-content\/uploads\/2024\/11\/top-12.png\" alt=\"\" width=\"344\" height=\"129\" srcset=\"https:\/\/dmr-portugal.org\/wp-content\/uploads\/2024\/11\/top-12.png 344w, https:\/\/dmr-portugal.org\/wp-content\/uploads\/2024\/11\/top-12-300x113.png 300w, https:\/\/dmr-portugal.org\/wp-content\/uploads\/2024\/11\/top-12-150x56.png 150w\" sizes=\"(max-width: 344px) 100vw, 344px\" \/><\/td>\n<td style=\"width: 473.5px; text-align: center;\"><img loading=\"lazy\" decoding=\"async\" class=\"size-full wp-image-3778 aligncenter\" src=\"https:\/\/dmr-portugal.org\/wp-content\/uploads\/2024\/11\/top-tg-12.png\" alt=\"\" width=\"377\" height=\"331\" srcset=\"https:\/\/dmr-portugal.org\/wp-content\/uploads\/2024\/11\/top-tg-12.png 377w, https:\/\/dmr-portugal.org\/wp-content\/uploads\/2024\/11\/top-tg-12-300x263.png 300w, https:\/\/dmr-portugal.org\/wp-content\/uploads\/2024\/11\/top-tg-12-150x132.png 150w\" sizes=\"(max-width: 377px) 100vw, 377px\" \/><\/td>\n<\/tr>\n<\/tbody>\n<\/table>\n<p>&nbsp;<\/p>\n<p>&nbsp;<\/p>\n<p><img loading=\"lazy\" decoding=\"async\" class=\"size-full wp-image-3780 aligncenter\" src=\"https:\/\/dmr-portugal.org\/wp-content\/uploads\/2024\/11\/associacoes-12.png\" alt=\"\" width=\"318\" height=\"526\" srcset=\"https:\/\/dmr-portugal.org\/wp-content\/uploads\/2024\/11\/associacoes-12.png 318w, https:\/\/dmr-portugal.org\/wp-content\/uploads\/2024\/11\/associacoes-12-181x300.png 181w, https:\/\/dmr-portugal.org\/wp-content\/uploads\/2024\/11\/associacoes-12-91x150.png 91w\" sizes=\"(max-width: 318px) 100vw, 318px\" \/><\/p>\n","protected":false},"excerpt":{"rendered":"<p>&nbsp; Hist\u00f3rico da 12\u00aa sess\u00e3o &nbsp; Log da 12\u00aa sess\u00e3o do 8\u00ba ano &nbsp; 17 utilizadores fizeram representar as suas associa\u00e7\u00f5es. 4 utilizadores responderam corretamente \u00e0 quest\u00e3o do Quiz e 1 parcialmente. &nbsp; Quiz &nbsp; Esta \u00e9 uma pergunta para quem conhe\u00e7a a rede nacional ou a p\u00e1gina do Wiki \u2026 <a class=\"continue-reading-link\" href=\"https:\/\/dmr-portugal.org\/?page_id=3764\"> Continua&#8230; <span class=\"meta-nav\">&rarr; <\/span><\/a><\/p>\n","protected":false},"author":1,"featured_media":0,"parent":3842,"menu_order":35,"comment_status":"closed","ping_status":"closed","template":"","meta":{"footnotes":""},"class_list":["post-3764","page","type-page","status-publish","hentry"],"_links":{"self":[{"href":"https:\/\/dmr-portugal.org\/index.php?rest_route=\/wp\/v2\/pages\/3764","targetHints":{"allow":["GET"]}}],"collection":[{"href":"https:\/\/dmr-portugal.org\/index.php?rest_route=\/wp\/v2\/pages"}],"about":[{"href":"https:\/\/dmr-portugal.org\/index.php?rest_route=\/wp\/v2\/types\/page"}],"author":[{"embeddable":true,"href":"https:\/\/dmr-portugal.org\/index.php?rest_route=\/wp\/v2\/users\/1"}],"replies":[{"embeddable":true,"href":"https:\/\/dmr-portugal.org\/index.php?rest_route=%2Fwp%2Fv2%2Fcomments&post=3764"}],"version-history":[{"count":13,"href":"https:\/\/dmr-portugal.org\/index.php?rest_route=\/wp\/v2\/pages\/3764\/revisions"}],"predecessor-version":[{"id":4302,"href":"https:\/\/dmr-portugal.org\/index.php?rest_route=\/wp\/v2\/pages\/3764\/revisions\/4302"}],"up":[{"embeddable":true,"href":"https:\/\/dmr-portugal.org\/index.php?rest_route=\/wp\/v2\/pages\/3842"}],"wp:attachment":[{"href":"https:\/\/dmr-portugal.org\/index.php?rest_route=%2Fwp%2Fv2%2Fmedia&parent=3764"}],"curies":[{"name":"wp","href":"https:\/\/api.w.org\/{rel}","templated":true}]}}