{"id":3751,"date":"2024-11-25T16:17:20","date_gmt":"2024-11-25T16:17:20","guid":{"rendered":"https:\/\/dmr-portugal.org\/?page_id=3751"},"modified":"2025-01-14T17:34:00","modified_gmt":"2025-01-14T17:34:00","slug":"netct-11a-sessao","status":"publish","type":"page","link":"https:\/\/dmr-portugal.org\/?page_id=3751","title":{"rendered":"netCT 11\u00aa sess\u00e3o"},"content":{"rendered":"<p>&nbsp;<\/p>\n<p style=\"text-align: center;\"><strong><span style=\"font-family: arial, helvetica, sans-serif; font-size: 20px;\">Hist\u00f3rico da 11\u00aa sess\u00e3o<\/span><\/strong><\/p>\n<p>&nbsp;<\/p>\n<p><img fetchpriority=\"high\" decoding=\"async\" class=\"size-full wp-image-3752 aligncenter\" src=\"https:\/\/dmr-portugal.org\/wp-content\/uploads\/2024\/11\/Log-net-08_11.png\" alt=\"\" width=\"973\" height=\"769\" srcset=\"https:\/\/dmr-portugal.org\/wp-content\/uploads\/2024\/11\/Log-net-08_11.png 973w, https:\/\/dmr-portugal.org\/wp-content\/uploads\/2024\/11\/Log-net-08_11-300x237.png 300w, https:\/\/dmr-portugal.org\/wp-content\/uploads\/2024\/11\/Log-net-08_11-768x607.png 768w, https:\/\/dmr-portugal.org\/wp-content\/uploads\/2024\/11\/Log-net-08_11-150x119.png 150w\" sizes=\"(max-width: 973px) 100vw, 973px\" \/><\/p>\n<p style=\"text-align: center;\"><span style=\"font-family: arial, helvetica, sans-serif;\"><em><strong>Log da 11\u00aa sess\u00e3o do 8\u00ba ano<\/strong><\/em><\/span><\/p>\n<p>&nbsp;<\/p>\n<p><span style=\"font-family: arial, helvetica, sans-serif;\">19 utilizadores fizeram representar as suas associa\u00e7\u00f5es. 1 utilizador respondeu parcialmente \u00e0 quest\u00e3o do Quiz.<\/span><\/p>\n<p>&nbsp;<\/p>\n<p style=\"text-align: center;\"><strong><span style=\"font-family: arial, helvetica, sans-serif; font-size: 20px;\">Quiz<\/span><\/strong><\/p>\n<p>&nbsp;<\/p>\n<ul>\n<li>\u00a0<span style=\"font-family: arial, helvetica, sans-serif;\"><strong>Tenho um Hotspot para C4FM e queria utilizar a liga\u00e7\u00e3o ao DSTAR sem ter que usar o DMR com o modulo YSF2DMR (YSF para DMR), \u00e9 poss\u00edvel outra forma de liga\u00e7\u00e3o ? e qual ?<\/strong><\/span><\/li>\n<\/ul>\n<p style=\"text-align: center;\"><strong><span style=\"font-family: arial, helvetica, sans-serif; font-size: 20px;\">\u2297<\/span><\/strong><\/p>\n<p>&nbsp;<\/p>\n<p><span style=\"font-family: arial, helvetica, sans-serif;\"><strong>R:<\/strong> Sim \u00e9 poss\u00edvel, procure na listagem dos hospedeiros (masters) por XLX268 e ligue-se. O modo de uso \u00e9 por DG-ID e tem dispon\u00edveis os 26 m\u00f3dulos presentes no XLX em: <a href=\"https:\/\/xlx268.from-ct.com\/index.php?show=modules\" target=\"_blank\" rel=\"nofollow noopener noreferrer\">https:\/\/xlx268.from-ct.com\/index.php?show=modules<\/a>, na coluna YSF DG-ID.<\/span><\/p>\n<p>&nbsp;<\/p>\n<p style=\"text-align: center;\"><span style=\"font-family: arial, helvetica, sans-serif; font-size: 20px;\"><strong>Fotos rececionadas<\/strong><\/span><\/p>\n<div id=\"attachment_3757\" style=\"width: 235px\" class=\"wp-caption aligncenter\"><a href=\"https:\/\/dmr-portugal.org\/wp-content\/uploads\/2024\/11\/CT7AYK-11.jpg\" target=\"_blank\" rel=\"noopener\"><img decoding=\"async\" aria-describedby=\"caption-attachment-3757\" class=\"wp-image-3757 size-medium\" src=\"https:\/\/dmr-portugal.org\/wp-content\/uploads\/2024\/11\/CT7AYK-11-225x300.jpg\" alt=\"\" width=\"225\" height=\"300\" srcset=\"https:\/\/dmr-portugal.org\/wp-content\/uploads\/2024\/11\/CT7AYK-11-225x300.jpg 225w, https:\/\/dmr-portugal.org\/wp-content\/uploads\/2024\/11\/CT7AYK-11-768x1024.jpg 768w, https:\/\/dmr-portugal.org\/wp-content\/uploads\/2024\/11\/CT7AYK-11-1152x1536.jpg 1152w, https:\/\/dmr-portugal.org\/wp-content\/uploads\/2024\/11\/CT7AYK-11-113x150.jpg 113w, https:\/\/dmr-portugal.org\/wp-content\/uploads\/2024\/11\/CT7AYK-11.jpg 1536w\" sizes=\"(max-width: 225px) 100vw, 225px\" \/><\/a><p id=\"caption-attachment-3757\" class=\"wp-caption-text\"><span style=\"font-family: arial, helvetica, sans-serif;\">CT7AYK &#8211; 3 pontos<\/span><\/p><\/div>\n<p>&nbsp;<\/p>\n<p style=\"text-align: center;\"><strong><span style=\"font-family: arial, helvetica, sans-serif; font-size: 20px;\">Pontos<\/span><\/strong><\/p>\n<p style=\"text-align: center;\"><strong><span style=\"font-family: arial, helvetica, sans-serif;\">Top \u2018Selfies\u2019\/Quiz<\/span><\/strong><\/p>\n<p><img decoding=\"async\" class=\"size-full wp-image-3758 aligncenter\" src=\"https:\/\/dmr-portugal.org\/wp-content\/uploads\/2024\/11\/pontos-11.png\" alt=\"\" width=\"273\" height=\"493\" srcset=\"https:\/\/dmr-portugal.org\/wp-content\/uploads\/2024\/11\/pontos-11.png 273w, https:\/\/dmr-portugal.org\/wp-content\/uploads\/2024\/11\/pontos-11-166x300.png 166w, https:\/\/dmr-portugal.org\/wp-content\/uploads\/2024\/11\/pontos-11-83x150.png 83w\" sizes=\"(max-width: 273px) 100vw, 273px\" \/><\/p>\n<p>&nbsp;<\/p>\n<table style=\"border-collapse: collapse; width: 100%;\">\n<tbody>\n<tr>\n<td style=\"width: 50%;\"><img loading=\"lazy\" decoding=\"async\" class=\"size-full wp-image-3759 aligncenter\" src=\"https:\/\/dmr-portugal.org\/wp-content\/uploads\/2024\/11\/top-11.png\" alt=\"\" width=\"375\" height=\"148\" srcset=\"https:\/\/dmr-portugal.org\/wp-content\/uploads\/2024\/11\/top-11.png 375w, https:\/\/dmr-portugal.org\/wp-content\/uploads\/2024\/11\/top-11-300x118.png 300w, https:\/\/dmr-portugal.org\/wp-content\/uploads\/2024\/11\/top-11-150x59.png 150w\" sizes=\"(max-width: 375px) 100vw, 375px\" \/><\/td>\n<td style=\"width: 50%;\"><img loading=\"lazy\" decoding=\"async\" class=\"size-full wp-image-3760 aligncenter\" src=\"https:\/\/dmr-portugal.org\/wp-content\/uploads\/2024\/11\/top-tg-11.png\" alt=\"\" width=\"393\" height=\"296\" srcset=\"https:\/\/dmr-portugal.org\/wp-content\/uploads\/2024\/11\/top-tg-11.png 393w, https:\/\/dmr-portugal.org\/wp-content\/uploads\/2024\/11\/top-tg-11-300x226.png 300w, https:\/\/dmr-portugal.org\/wp-content\/uploads\/2024\/11\/top-tg-11-150x113.png 150w\" sizes=\"(max-width: 393px) 100vw, 393px\" \/><\/td>\n<\/tr>\n<\/tbody>\n<\/table>\n<p>&nbsp;<\/p>\n<p style=\"text-align: center;\"><img loading=\"lazy\" decoding=\"async\" class=\"size-full wp-image-3762 aligncenter\" src=\"https:\/\/dmr-portugal.org\/wp-content\/uploads\/2024\/11\/associacoes-11.png\" alt=\"\" width=\"335\" height=\"526\" srcset=\"https:\/\/dmr-portugal.org\/wp-content\/uploads\/2024\/11\/associacoes-11.png 335w, https:\/\/dmr-portugal.org\/wp-content\/uploads\/2024\/11\/associacoes-11-191x300.png 191w, https:\/\/dmr-portugal.org\/wp-content\/uploads\/2024\/11\/associacoes-11-96x150.png 96w\" sizes=\"(max-width: 335px) 100vw, 335px\" \/><\/p>\n<hr \/>\n<p>&nbsp;<\/p>\n","protected":false},"excerpt":{"rendered":"<p>&nbsp; Hist\u00f3rico da 11\u00aa sess\u00e3o &nbsp; Log da 11\u00aa sess\u00e3o do 8\u00ba ano &nbsp; 19 utilizadores fizeram representar as suas associa\u00e7\u00f5es. 1 utilizador respondeu parcialmente \u00e0 quest\u00e3o do Quiz. &nbsp; Quiz &nbsp; \u00a0Tenho um Hotspot para C4FM e queria utilizar a liga\u00e7\u00e3o ao DSTAR sem ter que usar o DMR \u2026 <a class=\"continue-reading-link\" href=\"https:\/\/dmr-portugal.org\/?page_id=3751\"> Continua&#8230; <span class=\"meta-nav\">&rarr; <\/span><\/a><\/p>\n","protected":false},"author":1,"featured_media":0,"parent":3842,"menu_order":36,"comment_status":"closed","ping_status":"closed","template":"","meta":{"footnotes":""},"class_list":["post-3751","page","type-page","status-publish","hentry"],"_links":{"self":[{"href":"https:\/\/dmr-portugal.org\/index.php?rest_route=\/wp\/v2\/pages\/3751","targetHints":{"allow":["GET"]}}],"collection":[{"href":"https:\/\/dmr-portugal.org\/index.php?rest_route=\/wp\/v2\/pages"}],"about":[{"href":"https:\/\/dmr-portugal.org\/index.php?rest_route=\/wp\/v2\/types\/page"}],"author":[{"embeddable":true,"href":"https:\/\/dmr-portugal.org\/index.php?rest_route=\/wp\/v2\/users\/1"}],"replies":[{"embeddable":true,"href":"https:\/\/dmr-portugal.org\/index.php?rest_route=%2Fwp%2Fv2%2Fcomments&post=3751"}],"version-history":[{"count":6,"href":"https:\/\/dmr-portugal.org\/index.php?rest_route=\/wp\/v2\/pages\/3751\/revisions"}],"predecessor-version":[{"id":3763,"href":"https:\/\/dmr-portugal.org\/index.php?rest_route=\/wp\/v2\/pages\/3751\/revisions\/3763"}],"up":[{"embeddable":true,"href":"https:\/\/dmr-portugal.org\/index.php?rest_route=\/wp\/v2\/pages\/3842"}],"wp:attachment":[{"href":"https:\/\/dmr-portugal.org\/index.php?rest_route=%2Fwp%2Fv2%2Fmedia&parent=3751"}],"curies":[{"name":"wp","href":"https:\/\/api.w.org\/{rel}","templated":true}]}}