{"id":3699,"date":"2024-10-31T11:41:15","date_gmt":"2024-10-31T11:41:15","guid":{"rendered":"https:\/\/dmr-portugal.org\/?page_id=3699"},"modified":"2025-01-14T17:33:30","modified_gmt":"2025-01-14T17:33:30","slug":"netct-9a-sessao","status":"publish","type":"page","link":"https:\/\/dmr-portugal.org\/?page_id=3699","title":{"rendered":"netCT 9\u00aa sess\u00e3o"},"content":{"rendered":"<p>&nbsp;<\/p>\n<p style=\"text-align: center;\"><span style=\"font-family: arial, helvetica, sans-serif; font-size: 20px;\"><strong>Hist\u00f3rico da 9\u00aa sess\u00e3o<\/strong><\/span><\/p>\n<p>&nbsp;<\/p>\n<p><img fetchpriority=\"high\" decoding=\"async\" class=\"size-full wp-image-3701 aligncenter\" src=\"https:\/\/dmr-portugal.org\/wp-content\/uploads\/2024\/10\/Log-net-08_09.png\" alt=\"\" width=\"968\" height=\"770\" srcset=\"https:\/\/dmr-portugal.org\/wp-content\/uploads\/2024\/10\/Log-net-08_09.png 968w, https:\/\/dmr-portugal.org\/wp-content\/uploads\/2024\/10\/Log-net-08_09-300x239.png 300w, https:\/\/dmr-portugal.org\/wp-content\/uploads\/2024\/10\/Log-net-08_09-768x611.png 768w, https:\/\/dmr-portugal.org\/wp-content\/uploads\/2024\/10\/Log-net-08_09-150x119.png 150w\" sizes=\"(max-width: 968px) 100vw, 968px\" \/><\/p>\n<p>&nbsp;<\/p>\n<p style=\"text-align: center;\"><span style=\"font-family: arial, helvetica, sans-serif; font-size: 20px;\"><em><strong>Log da 9\u00aa sess\u00e3o do 8\u00ba ano<\/strong><\/em><\/span><\/p>\n<p>&nbsp;<\/p>\n<p><span style=\"font-family: arial, helvetica, sans-serif;\">16 utilizadores fizeram representar as suas associa\u00e7\u00f5es. 1 utilizador respondeu corretamente a quest\u00e3o do Quiz. Foram notados problemas de duplica\u00e7\u00e3o de sess\u00f5es bem como um utilizador se queixou que fez quatro tentativas de se fazer presente via plataforma Zello sem nunca ter sido escutado. Ap\u00f3s o netCT foi testado o app Zello sem que fosse notado qualquer problema.<\/span><\/p>\n<p>&nbsp;<\/p>\n<p style=\"text-align: center;\"><strong><span style=\"font-family: arial, helvetica, sans-serif; font-size: 20px;\">Quiz<\/span><\/strong><\/p>\n<p>&nbsp;<\/p>\n<ul>\n<li><span style=\"font-family: arial, helvetica, sans-serif;\"><strong>Qual a finalidade das fun\u00e7\u00f5es \u201cGroup Call Hold Time\u201d e \u201cPerson Call Hold Time\u201d por exemplo existentes no CPS do Anytone 878 ?<\/strong><\/span><\/li>\n<li><\/li>\n<\/ul>\n<p style=\"text-align: center;\"><strong><span style=\"font-family: arial, helvetica, sans-serif; font-size: 20px;\">\u2297<\/span><\/strong><\/p>\n<p>&nbsp;<\/p>\n<p>&nbsp;<\/p>\n<p><span style=\"font-family: arial, helvetica, sans-serif;\"><span style=\"font-size: 16px;\"><strong>R: <\/strong><\/span>S\u00e3o fun\u00e7\u00f5es que permitem melhorar o uso do equipamento por exemplo usando o Promiscous. O \u2018GroupCallHangTime\u2019 \u00e9 o tempo reservado pelo equipamento sempre que escuta um grupo de conversa\u00e7\u00e3o (TG), este valor dever\u00e1 andar entre os 3 a 5 segundos (3000 a 5000 ms) para um uso normal, para quem leve algum tempo a pensar se h\u00e1-de falar aconselha-se a subir este tempo ao m\u00e1ximo poss\u00edvel, no caso dos Tytera, Retevis ser\u00e1 7 segundos (7000 ms), no Ailunce HD-1 poder\u00e1 ir at\u00e9 aos 10 segundos.<\/span><br \/>\n<span style=\"font-family: arial, helvetica, sans-serif;\">O\u00a0\u2018PrivateHangCall\u2019 (estes nomes est\u00e3o dependentes da marca) \u00e9 a mesma reserva feita, mas neste caso para chamadas em privado. Como a utiliza\u00e7\u00e3o em privado n\u00e3o necessita do tempo de espera para que algu\u00e9m possa entrar em QSO, sendo privado \u00e9 entre os dois, n\u00e3o faz sentido que esta fun\u00e7\u00e3o tenha mais que 1 a 2 segundos.<\/span><\/p>\n<p>&nbsp;<\/p>\n<p style=\"text-align: center;\"><span style=\"font-family: arial, helvetica, sans-serif; font-size: 20px;\"><strong>Fotos rececionadas<\/strong><\/span><\/p>\n<p>&nbsp;<\/p>\n<table style=\"border-collapse: collapse; width: 100%;\">\n<tbody>\n<tr>\n<td style=\"width: 50%; text-align: center;\">\n<p><div id=\"attachment_3714\" style=\"width: 310px\" class=\"wp-caption aligncenter\"><a href=\"https:\/\/dmr-portugal.org\/wp-content\/uploads\/2024\/10\/CS8ACT-9a-scaled.jpg\" target=\"_blank\" rel=\"noopener\"><img decoding=\"async\" aria-describedby=\"caption-attachment-3714\" class=\"wp-image-3714 size-medium\" src=\"https:\/\/dmr-portugal.org\/wp-content\/uploads\/2024\/10\/CS8ACT-9a-300x300.jpg\" alt=\"\" width=\"300\" height=\"300\" srcset=\"https:\/\/dmr-portugal.org\/wp-content\/uploads\/2024\/10\/CS8ACT-9a-300x300.jpg 300w, https:\/\/dmr-portugal.org\/wp-content\/uploads\/2024\/10\/CS8ACT-9a-1024x1024.jpg 1024w, https:\/\/dmr-portugal.org\/wp-content\/uploads\/2024\/10\/CS8ACT-9a-150x150.jpg 150w, https:\/\/dmr-portugal.org\/wp-content\/uploads\/2024\/10\/CS8ACT-9a-768x768.jpg 768w, https:\/\/dmr-portugal.org\/wp-content\/uploads\/2024\/10\/CS8ACT-9a-1536x1536.jpg 1536w, https:\/\/dmr-portugal.org\/wp-content\/uploads\/2024\/10\/CS8ACT-9a-2048x2048.jpg 2048w\" sizes=\"(max-width: 300px) 100vw, 300px\" \/><\/a><p id=\"caption-attachment-3714\" class=\"wp-caption-text\"><span style=\"font-family: arial, helvetica, sans-serif;\">CS8ACT 3 pontos<\/span><\/p><\/div><\/td>\n<td style=\"width: 50%; text-align: center;\">\n<p><div id=\"attachment_3715\" style=\"width: 310px\" class=\"wp-caption aligncenter\"><a href=\"https:\/\/dmr-portugal.org\/wp-content\/uploads\/2024\/10\/CS7AWH-9-scaled.jpg\" target=\"_blank\" rel=\"noopener\"><img decoding=\"async\" aria-describedby=\"caption-attachment-3715\" class=\"wp-image-3715 size-medium\" src=\"https:\/\/dmr-portugal.org\/wp-content\/uploads\/2024\/10\/CS7AWH-9-300x225.jpg\" alt=\"\" width=\"300\" height=\"225\" srcset=\"https:\/\/dmr-portugal.org\/wp-content\/uploads\/2024\/10\/CS7AWH-9-300x225.jpg 300w, https:\/\/dmr-portugal.org\/wp-content\/uploads\/2024\/10\/CS7AWH-9-1024x768.jpg 1024w, https:\/\/dmr-portugal.org\/wp-content\/uploads\/2024\/10\/CS7AWH-9-768x576.jpg 768w, https:\/\/dmr-portugal.org\/wp-content\/uploads\/2024\/10\/CS7AWH-9-1536x1152.jpg 1536w, https:\/\/dmr-portugal.org\/wp-content\/uploads\/2024\/10\/CS7AWH-9-2048x1536.jpg 2048w, https:\/\/dmr-portugal.org\/wp-content\/uploads\/2024\/10\/CS7AWH-9-150x113.jpg 150w\" sizes=\"(max-width: 300px) 100vw, 300px\" \/><\/a><p id=\"caption-attachment-3715\" class=\"wp-caption-text\"><span style=\"font-family: arial, helvetica, sans-serif;\">CS7AWH 3 pontos<\/span><\/p><\/div><\/td>\n<\/tr>\n<\/tbody>\n<\/table>\n<p>&nbsp;<\/p>\n<p>&nbsp;<\/p>\n<p style=\"text-align: center;\"><span style=\"font-family: arial, helvetica, sans-serif; font-size: 20px;\"><strong>Pontos<\/strong><\/span><\/p>\n<p style=\"text-align: center;\"><span style=\"font-family: arial, helvetica, sans-serif;\"><strong>Top \u2018Selfies\u2019\/Quiz<\/strong><\/span><\/p>\n<p style=\"text-align: center;\"><img loading=\"lazy\" decoding=\"async\" class=\"alignnone size-full wp-image-3717\" src=\"https:\/\/dmr-portugal.org\/wp-content\/uploads\/2024\/10\/pontos-9.png\" alt=\"\" width=\"254\" height=\"485\" srcset=\"https:\/\/dmr-portugal.org\/wp-content\/uploads\/2024\/10\/pontos-9.png 254w, https:\/\/dmr-portugal.org\/wp-content\/uploads\/2024\/10\/pontos-9-157x300.png 157w, https:\/\/dmr-portugal.org\/wp-content\/uploads\/2024\/10\/pontos-9-79x150.png 79w\" sizes=\"(max-width: 254px) 100vw, 254px\" \/><\/p>\n<p>&nbsp;<\/p>\n<p style=\"text-align: center;\"><span style=\"font-family: arial, helvetica, sans-serif; font-size: 20px;\"><strong>Utilizador mais ativo sem. 24\/10 ~ 29\/10<\/strong><\/span><\/p>\n<p>&nbsp;<\/p>\n<table style=\"border-collapse: collapse; width: 100%;\">\n<tbody>\n<tr>\n<td style=\"width: 50%; text-align: center;\"><img loading=\"lazy\" decoding=\"async\" class=\"size-full wp-image-3720 aligncenter\" src=\"https:\/\/dmr-portugal.org\/wp-content\/uploads\/2024\/10\/top-semana-9.png\" alt=\"\" width=\"352\" height=\"180\" srcset=\"https:\/\/dmr-portugal.org\/wp-content\/uploads\/2024\/10\/top-semana-9.png 352w, https:\/\/dmr-portugal.org\/wp-content\/uploads\/2024\/10\/top-semana-9-300x153.png 300w, https:\/\/dmr-portugal.org\/wp-content\/uploads\/2024\/10\/top-semana-9-150x77.png 150w\" sizes=\"(max-width: 352px) 100vw, 352px\" \/><\/td>\n<td style=\"width: 50%; text-align: center;\"><img loading=\"lazy\" decoding=\"async\" class=\"size-full wp-image-3721 aligncenter\" src=\"https:\/\/dmr-portugal.org\/wp-content\/uploads\/2024\/10\/top-tg-9.png\" alt=\"\" width=\"458\" height=\"302\" srcset=\"https:\/\/dmr-portugal.org\/wp-content\/uploads\/2024\/10\/top-tg-9.png 458w, https:\/\/dmr-portugal.org\/wp-content\/uploads\/2024\/10\/top-tg-9-300x198.png 300w, https:\/\/dmr-portugal.org\/wp-content\/uploads\/2024\/10\/top-tg-9-150x99.png 150w\" sizes=\"(max-width: 458px) 100vw, 458px\" \/><\/td>\n<\/tr>\n<\/tbody>\n<\/table>\n<p>&nbsp;<\/p>\n<p>&nbsp;<\/p>\n<p><img loading=\"lazy\" decoding=\"async\" class=\"size-full wp-image-3722 aligncenter\" src=\"https:\/\/dmr-portugal.org\/wp-content\/uploads\/2024\/10\/associacoes-9.png\" alt=\"\" width=\"321\" height=\"521\" srcset=\"https:\/\/dmr-portugal.org\/wp-content\/uploads\/2024\/10\/associacoes-9.png 321w, https:\/\/dmr-portugal.org\/wp-content\/uploads\/2024\/10\/associacoes-9-185x300.png 185w, https:\/\/dmr-portugal.org\/wp-content\/uploads\/2024\/10\/associacoes-9-92x150.png 92w\" sizes=\"(max-width: 321px) 100vw, 321px\" \/><\/p>\n<p>&nbsp;<\/p>\n<hr \/>\n<p>&nbsp;<\/p>\n","protected":false},"excerpt":{"rendered":"<p>&nbsp; Hist\u00f3rico da 9\u00aa sess\u00e3o &nbsp; &nbsp; Log da 9\u00aa sess\u00e3o do 8\u00ba ano &nbsp; 16 utilizadores fizeram representar as suas associa\u00e7\u00f5es. 1 utilizador respondeu corretamente a quest\u00e3o do Quiz. Foram notados problemas de duplica\u00e7\u00e3o de sess\u00f5es bem como um utilizador se queixou que fez quatro tentativas de se fazer \u2026 <a class=\"continue-reading-link\" href=\"https:\/\/dmr-portugal.org\/?page_id=3699\"> Continua&#8230; <span class=\"meta-nav\">&rarr; <\/span><\/a><\/p>\n","protected":false},"author":1,"featured_media":0,"parent":3842,"menu_order":38,"comment_status":"closed","ping_status":"closed","template":"","meta":{"footnotes":""},"class_list":["post-3699","page","type-page","status-publish","hentry"],"_links":{"self":[{"href":"https:\/\/dmr-portugal.org\/index.php?rest_route=\/wp\/v2\/pages\/3699","targetHints":{"allow":["GET"]}}],"collection":[{"href":"https:\/\/dmr-portugal.org\/index.php?rest_route=\/wp\/v2\/pages"}],"about":[{"href":"https:\/\/dmr-portugal.org\/index.php?rest_route=\/wp\/v2\/types\/page"}],"author":[{"embeddable":true,"href":"https:\/\/dmr-portugal.org\/index.php?rest_route=\/wp\/v2\/users\/1"}],"replies":[{"embeddable":true,"href":"https:\/\/dmr-portugal.org\/index.php?rest_route=%2Fwp%2Fv2%2Fcomments&post=3699"}],"version-history":[{"count":14,"href":"https:\/\/dmr-portugal.org\/index.php?rest_route=\/wp\/v2\/pages\/3699\/revisions"}],"predecessor-version":[{"id":3702,"href":"https:\/\/dmr-portugal.org\/index.php?rest_route=\/wp\/v2\/pages\/3699\/revisions\/3702"}],"up":[{"embeddable":true,"href":"https:\/\/dmr-portugal.org\/index.php?rest_route=\/wp\/v2\/pages\/3842"}],"wp:attachment":[{"href":"https:\/\/dmr-portugal.org\/index.php?rest_route=%2Fwp%2Fv2%2Fmedia&parent=3699"}],"curies":[{"name":"wp","href":"https:\/\/api.w.org\/{rel}","templated":true}]}}