{"id":3659,"date":"2024-10-21T10:07:22","date_gmt":"2024-10-21T09:07:22","guid":{"rendered":"https:\/\/dmr-portugal.org\/?page_id=3659"},"modified":"2025-01-14T17:32:48","modified_gmt":"2025-01-14T17:32:48","slug":"netct-7a-sessao","status":"publish","type":"page","link":"https:\/\/dmr-portugal.org\/?page_id=3659","title":{"rendered":"netCT 7\u00aa sess\u00e3o"},"content":{"rendered":"<p>&nbsp;<\/p>\n<p style=\"text-align: center;\"><strong><span style=\"font-family: arial, helvetica, sans-serif; font-size: 20px;\">Hist\u00f3rico da 7\u00aa sess\u00e3o<\/span><\/strong><\/p>\n<p>&nbsp;<\/p>\n<p style=\"text-align: center;\"><span style=\"font-family: arial, helvetica, sans-serif;\"><img fetchpriority=\"high\" decoding=\"async\" class=\"size-full wp-image-3661 aligncenter\" src=\"https:\/\/dmr-portugal.org\/wp-content\/uploads\/2024\/10\/Log-net-08_07.png\" alt=\"\" width=\"1008\" height=\"753\" srcset=\"https:\/\/dmr-portugal.org\/wp-content\/uploads\/2024\/10\/Log-net-08_07.png 1008w, https:\/\/dmr-portugal.org\/wp-content\/uploads\/2024\/10\/Log-net-08_07-300x224.png 300w, https:\/\/dmr-portugal.org\/wp-content\/uploads\/2024\/10\/Log-net-08_07-768x574.png 768w, https:\/\/dmr-portugal.org\/wp-content\/uploads\/2024\/10\/Log-net-08_07-150x112.png 150w\" sizes=\"(max-width: 1008px) 100vw, 1008px\" \/><\/span><\/p>\n<p style=\"text-align: center;\"><span style=\"font-family: arial, helvetica, sans-serif; font-size: 20px;\"><em><strong>Log da 7\u00aa sess\u00e3o do 8\u00ba ano<\/strong><\/em><\/span><\/p>\n<p>&nbsp;<\/p>\n<p><span style=\"font-family: arial, helvetica, sans-serif;\">19 colegas fizeram representar a sua associa\u00e7\u00e3o. 8 responderam ao Quiz, muito embora n\u00e3o justificassem a sua resposta, sendo atribu\u00edda uma pontua\u00e7\u00e3o relativa ao pouco desenvolvimento dado por cada um. Foi notada uma resposta que embora n\u00e3o certa criou um ambiente alegre dada a veracidade da resposta, foi ela &#8216;<em>o melhor que a minha disponibilidade financeira me permita<\/em>&#8216;, a pergunta do Quiz est\u00e1 mais abaixo bem como a resposta.<\/span><\/p>\n<p>&nbsp;<\/p>\n<p style=\"text-align: center;\"><strong><span style=\"font-family: arial, helvetica, sans-serif; font-size: 20px;\">Quiz<\/span><\/strong><\/p>\n<p>&nbsp;<\/p>\n<p style=\"padding-left: 40px;\">&#8211; Dentro os modelos que existem \u00e0 venda de hotspots qual deles \u00e9 o melhor? Ou o que define a escolha.<\/p>\n<p style=\"text-align: center;\"><strong><span style=\"font-size: 20px;\">\u2297<\/span><\/strong><\/p>\n<p>&nbsp;<\/p>\n<p><strong><span style=\"font-size: 20px; font-family: arial, helvetica, sans-serif;\">R:\u00a0<\/span><\/strong><span style=\"font-size: 20px; font-family: arial, helvetica, sans-serif;\"><span style=\"font-size: 16px;\">Quando falamos em &#8216;hotspot&#8217; falamos na placa colocada por cima da Raspberry (GPIO) ou ligada por cabo USB \u00e0 mesma Raspberry (USB).<\/span><\/span><\/p>\n<p><span style=\"font-family: arial, helvetica, sans-serif;\">Os hotspots todos eles se baseiam no chip ADF7021, ou seja o respons\u00e1vel por receber da internet e transmitir para o r\u00e1dio, o mesmo no sentido inverso. O ADF \u00e9 um chip fant\u00e1stico mas&#8230; falha em sensibilidade (-109dBm) e na seletividade, mas sendo para uso num hotspot que ser\u00e1 usado sempre muito pr\u00f3ximo tal n\u00e3o \u00e9 importante. Deve-se dar prefer\u00eancia a dispositivos fabricados por algu\u00e9m conceituado, \u00e9 muito importante a estabilidade do cristal controlado por temperatura, numa palavra se existem placas MMDVM a 80\u20ac comprarmos uma de 20 n\u00e3o vai ser a mesma coisa.<\/span><\/p>\n<p><span style=\"font-family: arial, helvetica, sans-serif;\">Onde peca ent\u00e3o, na estabilidade do oscilador local e na qualidade do mesmo,\u00a0 a largura atribu\u00edda ao protocolo o que faz com que o audio produzido seja deficiente e um pouco rob\u00f3tico, isto em DMR, nos restantes modos o desvio \u00e9 exemplar.<\/span><br \/>\n<span style=\"font-family: arial, helvetica, sans-serif;\">Como ponto de referencia, um \u2018bom hotspot\u2019, com material de qualidade, poder\u00e1 custar entre os 80 a 150\u20ac, este pre\u00e7o n\u00e3o faz referencia ao OpenSpot, portanto qualquer coisa abaixo disto pode trabalhar mas n\u00e3o \u00e9 a mesma coisa.<\/span><\/p>\n<p>&nbsp;<\/p>\n<p><span style=\"font-family: arial, helvetica, sans-serif;\">Dentro dos hotspot com qualidade, ressalvando os defeitos apontados acima ao chip usado, temos a DVMega, s\u00f3 suporta DSTAR, C4FM e DMR, podem adquirir aqui: <a title=\"DVMega\" href=\"brandmeister.network\/index.php?page=profile&amp;call=CT1ENU\" target=\"_blank\" rel=\"nofollow noopener noreferrer\">https:\/\/www.combitronics.nl\/index.php?route=product\/category&amp;path=61<\/a>.<br \/>\nComo segunda op\u00e7\u00e3o, a placa <\/span><span id=\"productTitle\" class=\"a-size-large product-title-word-break\" style=\"font-family: arial, helvetica, sans-serif; font-size: 16px;\">AURSINC MMDVM Hotspot USB HAT tem um custo de at\u00e9 40\u20ac pode ser adquirida na Amazon. Esta placa permite o uso GPIO ou USB.<br \/>\nComo terceira op\u00e7\u00e3o temos o OpenSpot, vers\u00e3o muito comercial, tem um firmware pr\u00f3prio opera todos os modos digitais usados alimenta\u00e7\u00e3o pr\u00f3pria e a vantagem de usar antena cer\u00e2mica, tem um custo vari\u00e1vel entre os 200 e os 250\u20ac.<\/span><\/p>\n<p><span id=\"productTitle\" class=\"a-size-large product-title-word-break\" style=\"font-family: arial, helvetica, sans-serif; font-size: 16px;\"><br \/>\nAcerca da antena cer\u00e2mica, este \u00e9 um ponto que ainda n\u00e3o foi referido mas muito influente visto a pouca seletividade do ADF7021 devia ser\u00a0 quase que absolutamente necess\u00e1rio o uso de antena cer\u00e2mica.<\/span><\/p>\n<p>&nbsp;<\/p>\n<p style=\"text-align: center;\"><strong><span style=\"font-family: arial, helvetica, sans-serif; font-size: 20px;\">Fotos rececionadas<\/span><\/strong><\/p>\n<p>&nbsp;<\/p>\n<div id=\"attachment_3670\" style=\"width: 242px\" class=\"wp-caption aligncenter\"><a href=\"https:\/\/dmr-portugal.org\/wp-content\/uploads\/2024\/10\/CT7AOJ-7a.jpg\" target=\"_blank\" rel=\"noopener\"><img decoding=\"async\" aria-describedby=\"caption-attachment-3670\" class=\"wp-image-3670 size-medium\" src=\"https:\/\/dmr-portugal.org\/wp-content\/uploads\/2024\/10\/CT7AOJ-7a-232x300.jpg\" alt=\"\" width=\"232\" height=\"300\" srcset=\"https:\/\/dmr-portugal.org\/wp-content\/uploads\/2024\/10\/CT7AOJ-7a-232x300.jpg 232w, https:\/\/dmr-portugal.org\/wp-content\/uploads\/2024\/10\/CT7AOJ-7a-791x1024.jpg 791w, https:\/\/dmr-portugal.org\/wp-content\/uploads\/2024\/10\/CT7AOJ-7a-768x994.jpg 768w, https:\/\/dmr-portugal.org\/wp-content\/uploads\/2024\/10\/CT7AOJ-7a-116x150.jpg 116w, https:\/\/dmr-portugal.org\/wp-content\/uploads\/2024\/10\/CT7AOJ-7a.jpg 999w\" sizes=\"(max-width: 232px) 100vw, 232px\" \/><\/a><p id=\"caption-attachment-3670\" class=\"wp-caption-text\"><span style=\"font-family: arial, helvetica, sans-serif;\">CT7AOJ 4 pontos<\/span><\/p><\/div>\n<p style=\"text-align: center;\"><strong><span style=\"font-family: arial, helvetica, sans-serif; font-size: 20px;\">Pontos<\/span><\/strong><\/p>\n<p style=\"text-align: center;\"><strong><span style=\"font-family: arial, helvetica, sans-serif;\">Top &#8216;Selfies&#8217;\/Quiz<\/span><\/strong><\/p>\n<p><img decoding=\"async\" class=\"size-full wp-image-3671 aligncenter\" src=\"https:\/\/dmr-portugal.org\/wp-content\/uploads\/2024\/10\/quiz-7.png\" alt=\"\" width=\"259\" height=\"444\" srcset=\"https:\/\/dmr-portugal.org\/wp-content\/uploads\/2024\/10\/quiz-7.png 259w, https:\/\/dmr-portugal.org\/wp-content\/uploads\/2024\/10\/quiz-7-175x300.png 175w, https:\/\/dmr-portugal.org\/wp-content\/uploads\/2024\/10\/quiz-7-88x150.png 88w\" sizes=\"(max-width: 259px) 100vw, 259px\" \/><\/p>\n<p>&nbsp;<\/p>\n<p style=\"text-align: center;\"><span style=\"font-family: arial, helvetica, sans-serif; font-size: 20px;\"><strong>Utilizador mais ativo sem. 10\/10 ~ 15\/10<\/strong><\/span><\/p>\n<p>&nbsp;<\/p>\n<table style=\"border-collapse: collapse; width: 100%;\">\n<tbody>\n<tr>\n<td style=\"width: 50%; text-align: center;\"><img loading=\"lazy\" decoding=\"async\" class=\"alignnone size-full wp-image-3672\" src=\"https:\/\/dmr-portugal.org\/wp-content\/uploads\/2024\/10\/top-da-semana-7.png\" alt=\"\" width=\"486\" height=\"707\" srcset=\"https:\/\/dmr-portugal.org\/wp-content\/uploads\/2024\/10\/top-da-semana-7.png 486w, https:\/\/dmr-portugal.org\/wp-content\/uploads\/2024\/10\/top-da-semana-7-206x300.png 206w, https:\/\/dmr-portugal.org\/wp-content\/uploads\/2024\/10\/top-da-semana-7-103x150.png 103w\" sizes=\"(max-width: 486px) 100vw, 486px\" \/><\/td>\n<td style=\"width: 50%; text-align: center;\">&nbsp;<\/p>\n<p>&nbsp;<\/p>\n<p>&nbsp;<\/p>\n<p>&nbsp;<\/p>\n<p>&nbsp;<\/p>\n<p>&nbsp;<\/p>\n<p>&nbsp;<\/p>\n<p>&nbsp;<\/p>\n<p>&nbsp;<\/p>\n<p><img loading=\"lazy\" decoding=\"async\" class=\"alignnone size-full wp-image-3673\" src=\"https:\/\/dmr-portugal.org\/wp-content\/uploads\/2024\/10\/top-tg-7.png\" alt=\"\" width=\"391\" height=\"319\" srcset=\"https:\/\/dmr-portugal.org\/wp-content\/uploads\/2024\/10\/top-tg-7.png 391w, https:\/\/dmr-portugal.org\/wp-content\/uploads\/2024\/10\/top-tg-7-300x245.png 300w, https:\/\/dmr-portugal.org\/wp-content\/uploads\/2024\/10\/top-tg-7-150x122.png 150w\" sizes=\"(max-width: 391px) 100vw, 391px\" \/><\/td>\n<\/tr>\n<\/tbody>\n<\/table>\n<p>&nbsp;<\/p>\n<p>&nbsp;<\/p>\n<p style=\"text-align: center;\"><img loading=\"lazy\" decoding=\"async\" class=\"alignnone size-full wp-image-3674\" src=\"https:\/\/dmr-portugal.org\/wp-content\/uploads\/2024\/10\/associacoes-7.png\" alt=\"\" width=\"307\" height=\"460\" srcset=\"https:\/\/dmr-portugal.org\/wp-content\/uploads\/2024\/10\/associacoes-7.png 307w, https:\/\/dmr-portugal.org\/wp-content\/uploads\/2024\/10\/associacoes-7-200x300.png 200w, https:\/\/dmr-portugal.org\/wp-content\/uploads\/2024\/10\/associacoes-7-100x150.png 100w\" sizes=\"(max-width: 307px) 100vw, 307px\" \/><\/p>\n<p>&nbsp;<\/p>\n<hr \/>\n<p><span id=\"productTitle\" class=\"a-size-large product-title-word-break\" style=\"font-family: arial, helvetica, sans-serif; font-size: 16px;\">\u00a0<\/span><\/p>\n<p><span style=\"font-family: arial, helvetica, sans-serif;\">\u00a0<\/span><\/p>\n","protected":false},"excerpt":{"rendered":"<p>&nbsp; Hist\u00f3rico da 7\u00aa sess\u00e3o &nbsp; Log da 7\u00aa sess\u00e3o do 8\u00ba ano &nbsp; 19 colegas fizeram representar a sua associa\u00e7\u00e3o. 8 responderam ao Quiz, muito embora n\u00e3o justificassem a sua resposta, sendo atribu\u00edda uma pontua\u00e7\u00e3o relativa ao pouco desenvolvimento dado por cada um. Foi notada uma resposta que embora \u2026 <a class=\"continue-reading-link\" href=\"https:\/\/dmr-portugal.org\/?page_id=3659\"> Continua&#8230; <span class=\"meta-nav\">&rarr; <\/span><\/a><\/p>\n","protected":false},"author":1,"featured_media":0,"parent":3842,"menu_order":40,"comment_status":"closed","ping_status":"closed","template":"","meta":{"footnotes":""},"class_list":["post-3659","page","type-page","status-publish","hentry"],"_links":{"self":[{"href":"https:\/\/dmr-portugal.org\/index.php?rest_route=\/wp\/v2\/pages\/3659","targetHints":{"allow":["GET"]}}],"collection":[{"href":"https:\/\/dmr-portugal.org\/index.php?rest_route=\/wp\/v2\/pages"}],"about":[{"href":"https:\/\/dmr-portugal.org\/index.php?rest_route=\/wp\/v2\/types\/page"}],"author":[{"embeddable":true,"href":"https:\/\/dmr-portugal.org\/index.php?rest_route=\/wp\/v2\/users\/1"}],"replies":[{"embeddable":true,"href":"https:\/\/dmr-portugal.org\/index.php?rest_route=%2Fwp%2Fv2%2Fcomments&post=3659"}],"version-history":[{"count":17,"href":"https:\/\/dmr-portugal.org\/index.php?rest_route=\/wp\/v2\/pages\/3659\/revisions"}],"predecessor-version":[{"id":3682,"href":"https:\/\/dmr-portugal.org\/index.php?rest_route=\/wp\/v2\/pages\/3659\/revisions\/3682"}],"up":[{"embeddable":true,"href":"https:\/\/dmr-portugal.org\/index.php?rest_route=\/wp\/v2\/pages\/3842"}],"wp:attachment":[{"href":"https:\/\/dmr-portugal.org\/index.php?rest_route=%2Fwp%2Fv2%2Fmedia&parent=3659"}],"curies":[{"name":"wp","href":"https:\/\/api.w.org\/{rel}","templated":true}]}}