{"id":3641,"date":"2024-10-15T18:37:26","date_gmt":"2024-10-15T17:37:26","guid":{"rendered":"https:\/\/dmr-portugal.org\/?page_id=3641"},"modified":"2025-01-14T17:32:29","modified_gmt":"2025-01-14T17:32:29","slug":"netct-6a-sessao","status":"publish","type":"page","link":"https:\/\/dmr-portugal.org\/?page_id=3641","title":{"rendered":"netCT 6\u00aa sess\u00e3o"},"content":{"rendered":"<p>&nbsp;<\/p>\n<p>&nbsp;<\/p>\n<p style=\"text-align: center;\"><strong><span style=\"font-family: arial, helvetica, sans-serif; font-size: 20px;\">Hist\u00f3rico da 6\u00aa sess\u00e3o<\/span><\/strong><\/p>\n<p>&nbsp;<\/p>\n<p><img fetchpriority=\"high\" decoding=\"async\" class=\"size-full wp-image-3642 aligncenter\" src=\"https:\/\/dmr-portugal.org\/wp-content\/uploads\/2024\/10\/Log-net-08_06.png\" alt=\"\" width=\"1007\" height=\"755\" srcset=\"https:\/\/dmr-portugal.org\/wp-content\/uploads\/2024\/10\/Log-net-08_06.png 1007w, https:\/\/dmr-portugal.org\/wp-content\/uploads\/2024\/10\/Log-net-08_06-300x225.png 300w, https:\/\/dmr-portugal.org\/wp-content\/uploads\/2024\/10\/Log-net-08_06-768x576.png 768w, https:\/\/dmr-portugal.org\/wp-content\/uploads\/2024\/10\/Log-net-08_06-150x112.png 150w\" sizes=\"(max-width: 1007px) 100vw, 1007px\" \/><\/p>\n<p>&nbsp;<\/p>\n<p style=\"text-align: center;\"><span style=\"font-family: arial, helvetica, sans-serif; font-size: 20px;\"><em><strong>Log da 6\u00aa sess\u00e3o do 8\u00ba ano<\/strong><\/em><\/span><\/p>\n<p>&nbsp;<\/p>\n<p><span style=\"font-family: arial, helvetica, sans-serif;\">Nesta sess\u00e3o 11 colegas fizeram representar a sua associa\u00e7\u00e3o, todos responderam ao Quiz sem justificarem a resposta e n\u00e3o tendo sido a mesma considerada. Foram rececionadas 3 fotos. No final foi dada resposta ao Quiz.<\/span><\/p>\n<p>&nbsp;<\/p>\n<p style=\"text-align: center;\"><strong><span style=\"font-family: arial, helvetica, sans-serif; font-size: 20px;\">Quiz<\/span><\/strong><\/p>\n<p>&nbsp;<\/p>\n<p style=\"padding-left: 40px;\"><span style=\"font-family: arial, helvetica, sans-serif;\">&#8211; Para usar o Peanut preciso de algum registo \u00a0?<\/span><\/p>\n<p>&nbsp;<\/p>\n<p style=\"text-align: center;\"><strong><span style=\"font-size: 20px;\">\u2297<\/span><\/strong><\/p>\n<p>&nbsp;<\/p>\n<p><span style=\"font-family: arial, helvetica, sans-serif;\"><strong>R:\u00a0<\/strong><\/span>&#8211; <em>Independentemente da necessidade l\u00f3gica de se pedir um PIN para poder usar o Peanut a pergunta era referente ao uso nas redes de amador.<br \/>\n<\/em><span style=\"font-family: arial, helvetica, sans-serif;\">Ent\u00e3o a resposta correta ser\u00e1:<\/span><\/p>\n<p><span style=\"font-family: arial, helvetica, sans-serif;\">No caso nacional precisa de registo em DSTAR e em DMR. Qualquer das redes necessita de um utilizador com registo. No DSTAR porque a rede tem no seu sistema um reflector DPlus, \u00e9 obrigat\u00f3rio ter um registo na rede ICOM. No DMR \u00e9 preciso ter um DMR ID sob pena de n\u00e3o ser escutado nessa rede, isto mesmo usando o Peanut somente em DSTAR (existe liga\u00e7\u00e3o com a rede DMR).<\/span><\/p>\n<p>&nbsp;<\/p>\n<p style=\"text-align: center;\"><strong><span style=\"font-family: arial, helvetica, sans-serif; font-size: 20px;\">Fotos rececionadas<\/span><\/strong><\/p>\n<p>&nbsp;<\/p>\n<table style=\"border-collapse: collapse; width: 100%;\">\n<tbody>\n<tr>\n<td style=\"width: 16.6667%; text-align: center;\">\n<p><div id=\"attachment_3645\" style=\"width: 160px\" class=\"wp-caption aligncenter\"><a href=\"https:\/\/dmr-portugal.org\/wp-content\/uploads\/2024\/10\/CT1DRU-6a.jpg\" target=\"_blank\" rel=\"noopener\"><img decoding=\"async\" aria-describedby=\"caption-attachment-3645\" class=\"wp-image-3645 size-thumbnail\" src=\"https:\/\/dmr-portugal.org\/wp-content\/uploads\/2024\/10\/CT1DRU-6a-150x150.jpg\" alt=\"\" width=\"150\" height=\"150\" \/><\/a><p id=\"caption-attachment-3645\" class=\"wp-caption-text\">CT1DRU 4 pontos<\/p><\/div><\/td>\n<td style=\"width: 16.6667%; text-align: center;\">\n<div class=\"mceTemp\"><\/div>\n<p><div id=\"attachment_3649\" style=\"width: 160px\" class=\"wp-caption aligncenter\"><a href=\"https:\/\/dmr-portugal.org\/wp-content\/uploads\/2024\/10\/CS7ATL-6aa.jpg\" target=\"_blank\" rel=\"noopener\"><img decoding=\"async\" aria-describedby=\"caption-attachment-3649\" class=\"wp-image-3649 size-thumbnail\" src=\"https:\/\/dmr-portugal.org\/wp-content\/uploads\/2024\/10\/CS7ATL-6aa-150x150.jpg\" alt=\"\" width=\"150\" height=\"150\" \/><\/a><p id=\"caption-attachment-3649\" class=\"wp-caption-text\">CS7ATL 4 pontos<\/p><\/div><\/td>\n<td style=\"width: 33.3333%; text-align: center;\">\n<p><div id=\"attachment_3646\" style=\"width: 179px\" class=\"wp-caption aligncenter\"><a href=\"https:\/\/dmr-portugal.org\/wp-content\/uploads\/2024\/10\/CS7BGA-6a-scaled.jpg\" target=\"_blank\" rel=\"noopener\"><img loading=\"lazy\" decoding=\"async\" aria-describedby=\"caption-attachment-3646\" class=\"wp-image-3646 size-medium\" src=\"https:\/\/dmr-portugal.org\/wp-content\/uploads\/2024\/10\/CS7BGA-6a-169x300.jpg\" alt=\"\" width=\"169\" height=\"300\" srcset=\"https:\/\/dmr-portugal.org\/wp-content\/uploads\/2024\/10\/CS7BGA-6a-169x300.jpg 169w, https:\/\/dmr-portugal.org\/wp-content\/uploads\/2024\/10\/CS7BGA-6a-576x1024.jpg 576w, https:\/\/dmr-portugal.org\/wp-content\/uploads\/2024\/10\/CS7BGA-6a-768x1365.jpg 768w, https:\/\/dmr-portugal.org\/wp-content\/uploads\/2024\/10\/CS7BGA-6a-864x1536.jpg 864w, https:\/\/dmr-portugal.org\/wp-content\/uploads\/2024\/10\/CS7BGA-6a-1152x2048.jpg 1152w, https:\/\/dmr-portugal.org\/wp-content\/uploads\/2024\/10\/CS7BGA-6a-84x150.jpg 84w, https:\/\/dmr-portugal.org\/wp-content\/uploads\/2024\/10\/CS7BGA-6a-scaled.jpg 1440w\" sizes=\"(max-width: 169px) 100vw, 169px\" \/><\/a><p id=\"caption-attachment-3646\" class=\"wp-caption-text\">CS7BGA 3 pontos<\/p><\/div><\/td>\n<td style=\"width: 33.3333%; text-align: center;\">\n<p><div id=\"attachment_3647\" style=\"width: 160px\" class=\"wp-caption aligncenter\"><a href=\"https:\/\/dmr-portugal.org\/wp-content\/uploads\/2024\/10\/CT1EBN-6a.jpg\" target=\"_blank\" rel=\"noopener\"><img loading=\"lazy\" decoding=\"async\" aria-describedby=\"caption-attachment-3647\" class=\"wp-image-3647 size-thumbnail\" src=\"https:\/\/dmr-portugal.org\/wp-content\/uploads\/2024\/10\/CT1EBN-6a-150x150.jpg\" alt=\"\" width=\"150\" height=\"150\" \/><\/a><p id=\"caption-attachment-3647\" class=\"wp-caption-text\">CT1EBN 2 pontos<\/p><\/div><\/td>\n<\/tr>\n<\/tbody>\n<\/table>\n<p>&nbsp;<\/p>\n<p style=\"text-align: center;\"><strong><span style=\"font-size: 20px;\">Pontos<\/span><\/strong><\/p>\n<p style=\"text-align: center;\"><strong><span style=\"font-family: arial, helvetica, sans-serif;\">Top &#8216;Selfies&#8217;\/Quiz<\/span><\/strong><\/p>\n<p>&nbsp;<\/p>\n<p><img loading=\"lazy\" decoding=\"async\" class=\"size-full wp-image-3651 aligncenter\" src=\"https:\/\/dmr-portugal.org\/wp-content\/uploads\/2024\/10\/top.png\" alt=\"\" width=\"241\" height=\"338\" srcset=\"https:\/\/dmr-portugal.org\/wp-content\/uploads\/2024\/10\/top.png 241w, https:\/\/dmr-portugal.org\/wp-content\/uploads\/2024\/10\/top-214x300.png 214w, https:\/\/dmr-portugal.org\/wp-content\/uploads\/2024\/10\/top-107x150.png 107w\" sizes=\"(max-width: 241px) 100vw, 241px\" \/><\/p>\n<p>&nbsp;<\/p>\n<p style=\"text-align: center;\"><span style=\"font-family: arial, helvetica, sans-serif;\"><span style=\"font-size: 20px;\"><strong>Utilizador mais ativo sem. 03\/10 ~ 08\/10<\/strong><\/span><\/span><\/p>\n<p style=\"text-align: center;\"><strong><img loading=\"lazy\" decoding=\"async\" class=\"alignnone size-full wp-image-3652\" src=\"https:\/\/dmr-portugal.org\/wp-content\/uploads\/2024\/10\/top-semana-6.png\" alt=\"\" width=\"400\" height=\"693\" srcset=\"https:\/\/dmr-portugal.org\/wp-content\/uploads\/2024\/10\/top-semana-6.png 400w, https:\/\/dmr-portugal.org\/wp-content\/uploads\/2024\/10\/top-semana-6-173x300.png 173w, https:\/\/dmr-portugal.org\/wp-content\/uploads\/2024\/10\/top-semana-6-87x150.png 87w\" sizes=\"(max-width: 400px) 100vw, 400px\" \/><img loading=\"lazy\" decoding=\"async\" class=\"size-full wp-image-3653 alignnone\" src=\"https:\/\/dmr-portugal.org\/wp-content\/uploads\/2024\/10\/top-tg-2.png\" alt=\"\" width=\"491\" height=\"517\" srcset=\"https:\/\/dmr-portugal.org\/wp-content\/uploads\/2024\/10\/top-tg-2.png 491w, https:\/\/dmr-portugal.org\/wp-content\/uploads\/2024\/10\/top-tg-2-285x300.png 285w, https:\/\/dmr-portugal.org\/wp-content\/uploads\/2024\/10\/top-tg-2-142x150.png 142w\" sizes=\"(max-width: 491px) 100vw, 491px\" \/><\/strong><\/p>\n<p>&nbsp;<\/p>\n<p style=\"text-align: center;\"><span style=\"font-family: arial, helvetica, sans-serif; font-size: 20px;\"><strong>Associa\u00e7\u00f5es representadas<\/strong><\/span><\/p>\n<p>&nbsp;<\/p>\n<p style=\"text-align: center;\"><img loading=\"lazy\" decoding=\"async\" class=\"alignnone size-full wp-image-3655\" src=\"https:\/\/dmr-portugal.org\/wp-content\/uploads\/2024\/10\/associacos-6.png\" alt=\"\" width=\"285\" height=\"370\" srcset=\"https:\/\/dmr-portugal.org\/wp-content\/uploads\/2024\/10\/associacos-6.png 285w, https:\/\/dmr-portugal.org\/wp-content\/uploads\/2024\/10\/associacos-6-231x300.png 231w, https:\/\/dmr-portugal.org\/wp-content\/uploads\/2024\/10\/associacos-6-116x150.png 116w\" sizes=\"(max-width: 285px) 100vw, 285px\" \/><\/p>\n<p>&nbsp;<\/p>\n<hr \/>\n<p>&nbsp;<\/p>\n<p>&nbsp;<\/p>\n","protected":false},"excerpt":{"rendered":"<p>&nbsp; &nbsp; Hist\u00f3rico da 6\u00aa sess\u00e3o &nbsp; &nbsp; Log da 6\u00aa sess\u00e3o do 8\u00ba ano &nbsp; Nesta sess\u00e3o 11 colegas fizeram representar a sua associa\u00e7\u00e3o, todos responderam ao Quiz sem justificarem a resposta e n\u00e3o tendo sido a mesma considerada. Foram rececionadas 3 fotos. No final foi dada resposta ao \u2026 <a class=\"continue-reading-link\" href=\"https:\/\/dmr-portugal.org\/?page_id=3641\"> Continua&#8230; <span class=\"meta-nav\">&rarr; <\/span><\/a><\/p>\n","protected":false},"author":1,"featured_media":0,"parent":3842,"menu_order":41,"comment_status":"closed","ping_status":"closed","template":"","meta":{"footnotes":""},"class_list":["post-3641","page","type-page","status-publish","hentry"],"_links":{"self":[{"href":"https:\/\/dmr-portugal.org\/index.php?rest_route=\/wp\/v2\/pages\/3641","targetHints":{"allow":["GET"]}}],"collection":[{"href":"https:\/\/dmr-portugal.org\/index.php?rest_route=\/wp\/v2\/pages"}],"about":[{"href":"https:\/\/dmr-portugal.org\/index.php?rest_route=\/wp\/v2\/types\/page"}],"author":[{"embeddable":true,"href":"https:\/\/dmr-portugal.org\/index.php?rest_route=\/wp\/v2\/users\/1"}],"replies":[{"embeddable":true,"href":"https:\/\/dmr-portugal.org\/index.php?rest_route=%2Fwp%2Fv2%2Fcomments&post=3641"}],"version-history":[{"count":7,"href":"https:\/\/dmr-portugal.org\/index.php?rest_route=\/wp\/v2\/pages\/3641\/revisions"}],"predecessor-version":[{"id":3657,"href":"https:\/\/dmr-portugal.org\/index.php?rest_route=\/wp\/v2\/pages\/3641\/revisions\/3657"}],"up":[{"embeddable":true,"href":"https:\/\/dmr-portugal.org\/index.php?rest_route=\/wp\/v2\/pages\/3842"}],"wp:attachment":[{"href":"https:\/\/dmr-portugal.org\/index.php?rest_route=%2Fwp%2Fv2%2Fmedia&parent=3641"}],"curies":[{"name":"wp","href":"https:\/\/api.w.org\/{rel}","templated":true}]}}