{"id":3617,"date":"2024-10-09T09:03:15","date_gmt":"2024-10-09T08:03:15","guid":{"rendered":"https:\/\/dmr-portugal.org\/?page_id=3617"},"modified":"2025-01-14T17:32:08","modified_gmt":"2025-01-14T17:32:08","slug":"netct-5a-sessao","status":"publish","type":"page","link":"https:\/\/dmr-portugal.org\/?page_id=3617","title":{"rendered":"netCT 5\u00aa sess\u00e3o"},"content":{"rendered":"<p>&nbsp;<\/p>\n<p style=\"text-align: center;\"><strong><span style=\"font-family: arial, helvetica, sans-serif; font-size: 20px;\">Hist\u00f3rico da 5\u00aa sess\u00e3o<\/span><\/strong><\/p>\n<p>&nbsp;<\/p>\n<p style=\"text-align: center;\"><img fetchpriority=\"high\" decoding=\"async\" class=\"size-full wp-image-3619 aligncenter\" src=\"https:\/\/dmr-portugal.org\/wp-content\/uploads\/2024\/10\/Log-net-08_05.png\" alt=\"\" width=\"1002\" height=\"753\" srcset=\"https:\/\/dmr-portugal.org\/wp-content\/uploads\/2024\/10\/Log-net-08_05.png 1002w, https:\/\/dmr-portugal.org\/wp-content\/uploads\/2024\/10\/Log-net-08_05-300x225.png 300w, https:\/\/dmr-portugal.org\/wp-content\/uploads\/2024\/10\/Log-net-08_05-768x577.png 768w, https:\/\/dmr-portugal.org\/wp-content\/uploads\/2024\/10\/Log-net-08_05-150x113.png 150w\" sizes=\"(max-width: 1002px) 100vw, 1002px\" \/><\/p>\n<p>&nbsp;<\/p>\n<p style=\"text-align: center;\"><strong><em><span style=\"font-family: arial, helvetica, sans-serif; font-size: 20px;\">Log da 5\u00aa sess\u00e3o do 8\u00ba ano<\/span><\/em><\/strong><\/p>\n<p>&nbsp;<\/p>\n<p><span style=\"font-family: arial, helvetica, sans-serif;\">11 utilizadores fizeram representar a Associa\u00e7\u00e3o a que est\u00e3o ligados, alguns utilizadores responderam ao Quiz somente um acertou mas sem justificar. Foi anunciado a inclus\u00e3o do novo repetidor em modo C4FM da serra do Arestal e a primeira parte da modera\u00e7\u00e3o foi feita atrav\u00e9s desse repetidor no DG-ID 95 (liga\u00e7\u00e3o ao TG 268 do BrandMeister). No final foi dada a resposta ao Quiz.<\/span><\/p>\n<p>&nbsp;<\/p>\n<p style=\"text-align: center;\"><strong><span style=\"font-family: arial, helvetica, sans-serif; font-size: 20px;\">Quiz<\/span><\/strong><\/p>\n<p>&nbsp;<\/p>\n<ul>\n<li><span style=\"font-family: arial, helvetica, sans-serif;\">&#8211; Tenho varios ID\u2019s DMR em v\u00e1rios r\u00e1dios, no meu hotspot posso usar esses r\u00e1dios cada um com ID diferente ?.<\/span><\/li>\n<\/ul>\n<p>&nbsp;<\/p>\n<p style=\"text-align: center;\"><span style=\"font-family: arial, helvetica, sans-serif; font-size: 20px;\">\u2297<\/span><\/p>\n<p>&nbsp;<\/p>\n<p><span style=\"font-family: arial, helvetica, sans-serif;\"><strong>R: <\/strong>Pode, existe um param\u00eatro que permite definir o uso para um s\u00f3 ID ou para v\u00e1rios. Mas aten\u00e7\u00e3o deve definir numa lista separada por virgulas quais os ID\u2019s permitidos, porque sen\u00e3o qualquer um pode entrar no seu hotspot, sem o saber.<\/span><\/p>\n<p>&nbsp;<\/p>\n<p style=\"text-align: center;\"><strong><span style=\"font-family: arial, helvetica, sans-serif; font-size: 20px;\">Fotos rececionadas<\/span><\/strong><\/p>\n<p style=\"text-align: center;\"><span style=\"font-family: arial, helvetica, sans-serif;\">N\u00e3o foram recebidas fotos no periodo<\/span><\/p>\n<p>&nbsp;<\/p>\n<p style=\"text-align: center;\"><span style=\"font-family: arial, helvetica, sans-serif; font-size: 20px;\"><strong>Pontos<\/strong><\/span><\/p>\n<p style=\"text-align: center;\"><strong><span style=\"font-family: arial, helvetica, sans-serif;\">Top &#8216;Selfies&#8217;\/Quiz<\/span><\/strong><\/p>\n<p>&nbsp;<\/p>\n<p style=\"text-align: center;\"><img decoding=\"async\" class=\"alignnone size-full wp-image-3627\" src=\"https:\/\/dmr-portugal.org\/wp-content\/uploads\/2024\/10\/top-pontos-5.png\" alt=\"\" width=\"198\" height=\"242\" srcset=\"https:\/\/dmr-portugal.org\/wp-content\/uploads\/2024\/10\/top-pontos-5.png 198w, https:\/\/dmr-portugal.org\/wp-content\/uploads\/2024\/10\/top-pontos-5-123x150.png 123w\" sizes=\"(max-width: 198px) 100vw, 198px\" \/><\/p>\n<p>&nbsp;<\/p>\n<p style=\"text-align: center;\"><span style=\"font-family: arial, helvetica, sans-serif; font-size: 20px;\"><strong>Utilizador mais ativo sem. 26\/09 ~ 01\/10<\/strong><\/span><\/p>\n<p>&nbsp;<\/p>\n<table style=\"border-collapse: collapse; width: 100%;\">\n<tbody>\n<tr>\n<td style=\"width: 50%; text-align: center;\"><img decoding=\"async\" class=\"size-full wp-image-3631 aligncenter\" src=\"https:\/\/dmr-portugal.org\/wp-content\/uploads\/2024\/10\/top-semana.png\" alt=\"\" width=\"393\" height=\"739\" srcset=\"https:\/\/dmr-portugal.org\/wp-content\/uploads\/2024\/10\/top-semana.png 393w, https:\/\/dmr-portugal.org\/wp-content\/uploads\/2024\/10\/top-semana-160x300.png 160w, https:\/\/dmr-portugal.org\/wp-content\/uploads\/2024\/10\/top-semana-80x150.png 80w\" sizes=\"(max-width: 393px) 100vw, 393px\" \/><\/td>\n<td style=\"width: 50%; text-align: center;\">&nbsp;<\/p>\n<p>&nbsp;<\/p>\n<p>&nbsp;<\/p>\n<p>&nbsp;<\/p>\n<p>&nbsp;<\/p>\n<p>&nbsp;<\/p>\n<p>&nbsp;<\/p>\n<p><img loading=\"lazy\" decoding=\"async\" class=\"size-full wp-image-3632 aligncenter\" src=\"https:\/\/dmr-portugal.org\/wp-content\/uploads\/2024\/10\/top-tg-1.png\" alt=\"\" width=\"412\" height=\"465\" srcset=\"https:\/\/dmr-portugal.org\/wp-content\/uploads\/2024\/10\/top-tg-1.png 412w, https:\/\/dmr-portugal.org\/wp-content\/uploads\/2024\/10\/top-tg-1-266x300.png 266w, https:\/\/dmr-portugal.org\/wp-content\/uploads\/2024\/10\/top-tg-1-133x150.png 133w\" sizes=\"(max-width: 412px) 100vw, 412px\" \/><\/td>\n<\/tr>\n<\/tbody>\n<\/table>\n<p>&nbsp;<\/p>\n<p>&nbsp;<\/p>\n<p style=\"text-align: center;\"><span style=\"font-family: arial, helvetica, sans-serif; font-size: 20px;\"><strong>Associa\u00e7\u00f5es representadas<\/strong><\/span><\/p>\n<p>&nbsp;<\/p>\n<p><img loading=\"lazy\" decoding=\"async\" class=\"size-full wp-image-3638 aligncenter\" src=\"https:\/\/dmr-portugal.org\/wp-content\/uploads\/2024\/10\/Associacoes-5.png\" alt=\"\" width=\"213\" height=\"335\" srcset=\"https:\/\/dmr-portugal.org\/wp-content\/uploads\/2024\/10\/Associacoes-5.png 213w, https:\/\/dmr-portugal.org\/wp-content\/uploads\/2024\/10\/Associacoes-5-191x300.png 191w, https:\/\/dmr-portugal.org\/wp-content\/uploads\/2024\/10\/Associacoes-5-95x150.png 95w\" sizes=\"(max-width: 213px) 100vw, 213px\" \/><\/p>\n<p>&nbsp;<\/p>\n<p>&nbsp;<\/p>\n<hr \/>\n<p>&nbsp;<\/p>\n","protected":false},"excerpt":{"rendered":"<p>&nbsp; Hist\u00f3rico da 5\u00aa sess\u00e3o &nbsp; &nbsp; Log da 5\u00aa sess\u00e3o do 8\u00ba ano &nbsp; 11 utilizadores fizeram representar a Associa\u00e7\u00e3o a que est\u00e3o ligados, alguns utilizadores responderam ao Quiz somente um acertou mas sem justificar. Foi anunciado a inclus\u00e3o do novo repetidor em modo C4FM da serra do Arestal \u2026 <a class=\"continue-reading-link\" href=\"https:\/\/dmr-portugal.org\/?page_id=3617\"> Continua&#8230; <span class=\"meta-nav\">&rarr; <\/span><\/a><\/p>\n","protected":false},"author":1,"featured_media":0,"parent":3842,"menu_order":42,"comment_status":"closed","ping_status":"closed","template":"","meta":{"footnotes":""},"class_list":["post-3617","page","type-page","status-publish","hentry"],"_links":{"self":[{"href":"https:\/\/dmr-portugal.org\/index.php?rest_route=\/wp\/v2\/pages\/3617","targetHints":{"allow":["GET"]}}],"collection":[{"href":"https:\/\/dmr-portugal.org\/index.php?rest_route=\/wp\/v2\/pages"}],"about":[{"href":"https:\/\/dmr-portugal.org\/index.php?rest_route=\/wp\/v2\/types\/page"}],"author":[{"embeddable":true,"href":"https:\/\/dmr-portugal.org\/index.php?rest_route=\/wp\/v2\/users\/1"}],"replies":[{"embeddable":true,"href":"https:\/\/dmr-portugal.org\/index.php?rest_route=%2Fwp%2Fv2%2Fcomments&post=3617"}],"version-history":[{"count":16,"href":"https:\/\/dmr-portugal.org\/index.php?rest_route=\/wp\/v2\/pages\/3617\/revisions"}],"predecessor-version":[{"id":3640,"href":"https:\/\/dmr-portugal.org\/index.php?rest_route=\/wp\/v2\/pages\/3617\/revisions\/3640"}],"up":[{"embeddable":true,"href":"https:\/\/dmr-portugal.org\/index.php?rest_route=\/wp\/v2\/pages\/3842"}],"wp:attachment":[{"href":"https:\/\/dmr-portugal.org\/index.php?rest_route=%2Fwp%2Fv2%2Fmedia&parent=3617"}],"curies":[{"name":"wp","href":"https:\/\/api.w.org\/{rel}","templated":true}]}}