{"id":3576,"date":"2024-10-01T14:28:34","date_gmt":"2024-10-01T13:28:34","guid":{"rendered":"https:\/\/dmr-portugal.org\/?page_id=3576"},"modified":"2025-01-14T17:31:51","modified_gmt":"2025-01-14T17:31:51","slug":"netct-4a-sessao","status":"publish","type":"page","link":"https:\/\/dmr-portugal.org\/?page_id=3576","title":{"rendered":"netCT 4\u00aa sess\u00e3o"},"content":{"rendered":"<p>&nbsp;<\/p>\n<p>&nbsp;<\/p>\n<p style=\"text-align: center;\"><strong><span style=\"font-family: arial, helvetica, sans-serif; font-size: 20px;\">Hist\u00f3rico da 4\u00aa sess\u00e3o<\/span><\/strong><\/p>\n<p>&nbsp;<\/p>\n<p style=\"text-align: center;\"><img fetchpriority=\"high\" decoding=\"async\" class=\"size-full wp-image-3587 aligncenter\" src=\"https:\/\/dmr-portugal.org\/wp-content\/uploads\/2024\/10\/Log-net-08_04.png\" alt=\"\" width=\"1011\" height=\"758\" srcset=\"https:\/\/dmr-portugal.org\/wp-content\/uploads\/2024\/10\/Log-net-08_04.png 1011w, https:\/\/dmr-portugal.org\/wp-content\/uploads\/2024\/10\/Log-net-08_04-300x225.png 300w, https:\/\/dmr-portugal.org\/wp-content\/uploads\/2024\/10\/Log-net-08_04-768x576.png 768w, https:\/\/dmr-portugal.org\/wp-content\/uploads\/2024\/10\/Log-net-08_04-150x112.png 150w\" sizes=\"(max-width: 1011px) 100vw, 1011px\" \/><\/p>\n<p>&nbsp;<\/p>\n<p style=\"text-align: center;\"><span style=\"font-family: arial, helvetica, sans-serif;\"><strong><em>Log da 4\u00aa sess\u00e3o do 8\u00aa ano<\/em><\/strong><\/span><\/p>\n<p>&nbsp;<\/p>\n<p><span style=\"font-family: arial, helvetica, sans-serif;\">9 utilizadores fizeram representar as suas associa\u00e7\u00f5es e 5 responderam ao Quiz, muito embora o suporte tenha feito refer\u00eancia a que a resposta Sim\/N\u00e3o n\u00e3o justificada poderia n\u00e3o representar o conhecimento, essa explica\u00e7\u00e3o foi dada no final da chamada geral.<\/span><\/p>\n<p>&nbsp;<\/p>\n<p style=\"text-align: center;\"><span style=\"font-family: arial, helvetica, sans-serif;\"><strong><span style=\"font-size: 20px;\">Quiz<\/span><\/strong><\/span><\/p>\n<p>&nbsp;<\/p>\n<ul>\n<li>\n<p style=\"text-align: left;\">&#8211; <span style=\"font-family: arial, helvetica, sans-serif;\">Tenho um r\u00e1dio C4FM e disseram me que s\u00f3 funciona na rede Wires ou repetidores Fusion, mas tenho alguns conhecidos que teem o mesmo equipamento e falam para outras redes de voz digital. \u00c9 poss\u00edvel (1) ? <\/span><br \/>\n<span style=\"font-family: arial, helvetica, sans-serif;\">Preciso de ter um ID ou registo nas outras redes (2) ?<\/span><\/p>\n<\/li>\n<\/ul>\n<p style=\"text-align: center;\"><span style=\"font-family: arial, helvetica, sans-serif;\">\u2297<\/span><\/p>\n<p>&nbsp;<\/p>\n<p><strong><span style=\"font-family: arial, helvetica, sans-serif;\">R: <\/span><\/strong><span style=\"font-family: arial, helvetica, sans-serif;\">A rede C4FM da Yaesu tem um sistema pr\u00f3prio muito semelhante ao Echolink, existem em Portugal e pelo mundo diversos Room\u2019s onde se poder\u00e1 ligar, ou Node\u2019s, para isso necessita de um PC Windows + um dispositivo Hri200. Poder\u00e1 tamb\u00e9m, se pela sua zona tiver repetidores aceder a ele na esperan\u00e7a que esteja ligado a algum s\u00edtio e que possa alterar a Room ou Node pretendido.<\/span><br \/>\n<span style=\"font-family: arial, helvetica, sans-serif;\">Ou poder\u00e1 adquirir o seu pr\u00f3prio repetidor, conhecido como hotspot, e atrav\u00e9s do mesmo aceder ao disponibilizado na rede mundial ou a outras redes, por exemplo: ao DSTAR , ou ao DMR, mas perde a possibilidade de se ligar na rede Wires.<\/span><\/p>\n<p><span style=\"font-family: arial, helvetica, sans-serif;\">\u00c1 primeira pergunta (1) a resposta \u00e9 <strong>SIM<\/strong>, se acaso usar uma liga\u00e7\u00e3o autorizada.<\/span><br \/>\n<span style=\"font-family: arial, helvetica, sans-serif;\">\u00c1 segunda pergunta (2) a resposta \u00e9 <strong>N\u00c3O<\/strong>, no entanto o equipamento tem que o identificar sob pena de n\u00e3o passar para certas redes.<\/span><\/p>\n<p>&nbsp;<\/p>\n<p style=\"text-align: center;\"><span style=\"font-family: arial, helvetica, sans-serif; font-size: 20px;\"><strong>Fotos rececionadas<\/strong><\/span><\/p>\n<p>&nbsp;<\/p>\n<div id=\"attachment_3578\" style=\"width: 235px\" class=\"wp-caption aligncenter\"><a href=\"https:\/\/dmr-portugal.org\/?attachment_id=3578\" target=\"_blank\" rel=\"noopener\"><img decoding=\"async\" aria-describedby=\"caption-attachment-3578\" class=\"wp-image-3578 size-medium\" title=\"CT7AYK\" src=\"https:\/\/dmr-portugal.org\/wp-content\/uploads\/2024\/10\/CT7AYK-4oa-225x300.jpg\" alt=\"\" width=\"225\" height=\"300\" srcset=\"https:\/\/dmr-portugal.org\/wp-content\/uploads\/2024\/10\/CT7AYK-4oa-225x300.jpg 225w, https:\/\/dmr-portugal.org\/wp-content\/uploads\/2024\/10\/CT7AYK-4oa-768x1024.jpg 768w, https:\/\/dmr-portugal.org\/wp-content\/uploads\/2024\/10\/CT7AYK-4oa-1152x1536.jpg 1152w, https:\/\/dmr-portugal.org\/wp-content\/uploads\/2024\/10\/CT7AYK-4oa-1536x2048.jpg 1536w, https:\/\/dmr-portugal.org\/wp-content\/uploads\/2024\/10\/CT7AYK-4oa-113x150.jpg 113w, https:\/\/dmr-portugal.org\/wp-content\/uploads\/2024\/10\/CT7AYK-4oa-scaled.jpg 1920w\" sizes=\"(max-width: 225px) 100vw, 225px\" \/><\/a><p id=\"caption-attachment-3578\" class=\"wp-caption-text\"><span style=\"font-family: arial, helvetica, sans-serif;\">CT7AYK 3 pontos<\/span><\/p><\/div>\n<p>&nbsp;<\/p>\n<p style=\"text-align: center;\"><strong><span style=\"font-family: arial, helvetica, sans-serif; font-size: 20px;\">Pontos<\/span><\/strong><\/p>\n<p>&nbsp;<\/p>\n<p style=\"text-align: center;\"><img decoding=\"async\" class=\"alignnone size-full wp-image-3582\" src=\"https:\/\/dmr-portugal.org\/wp-content\/uploads\/2024\/10\/top-pontos.png\" alt=\"\" width=\"265\" height=\"344\" srcset=\"https:\/\/dmr-portugal.org\/wp-content\/uploads\/2024\/10\/top-pontos.png 265w, https:\/\/dmr-portugal.org\/wp-content\/uploads\/2024\/10\/top-pontos-231x300.png 231w, https:\/\/dmr-portugal.org\/wp-content\/uploads\/2024\/10\/top-pontos-116x150.png 116w\" sizes=\"(max-width: 265px) 100vw, 265px\" \/><\/p>\n<p style=\"text-align: center;\"><span style=\"font-family: arial, helvetica, sans-serif; font-size: 20px;\"><strong>Utilizador mais ativo sem. 19\/09 ~ 23\/09<\/strong><\/span><\/p>\n<p style=\"text-align: center;\"><span style=\"font-family: arial, helvetica, sans-serif;\"><strong>CT2HMX<\/strong> com 223 min de comunica\u00e7\u00e3o em 6 dias.<\/span><\/p>\n<p>&nbsp;<\/p>\n<table class=\" aligncenter\" style=\"border-collapse: collapse; width: 83.7302%;\">\n<tbody>\n<tr>\n<td style=\"width: 460.688px; border-style: hidden;\"><img loading=\"lazy\" decoding=\"async\" class=\"size-full wp-image-3579 aligncenter\" src=\"https:\/\/dmr-portugal.org\/wp-content\/uploads\/2024\/10\/top-users.png\" alt=\"\" width=\"306\" height=\"623\" srcset=\"https:\/\/dmr-portugal.org\/wp-content\/uploads\/2024\/10\/top-users.png 306w, https:\/\/dmr-portugal.org\/wp-content\/uploads\/2024\/10\/top-users-147x300.png 147w, https:\/\/dmr-portugal.org\/wp-content\/uploads\/2024\/10\/top-users-74x150.png 74w\" sizes=\"(max-width: 306px) 100vw, 306px\" \/><\/td>\n<td style=\"width: 285.297px; border-color: #ffffff; background-color: #ffffff; border-style: hidden;\"><img loading=\"lazy\" decoding=\"async\" class=\"size-full wp-image-3580 aligncenter\" src=\"https:\/\/dmr-portugal.org\/wp-content\/uploads\/2024\/10\/top-TG.png\" alt=\"\" width=\"321\" height=\"318\" srcset=\"https:\/\/dmr-portugal.org\/wp-content\/uploads\/2024\/10\/top-TG.png 321w, https:\/\/dmr-portugal.org\/wp-content\/uploads\/2024\/10\/top-TG-300x297.png 300w, https:\/\/dmr-portugal.org\/wp-content\/uploads\/2024\/10\/top-TG-150x150.png 150w\" sizes=\"(max-width: 321px) 100vw, 321px\" \/><\/td>\n<\/tr>\n<\/tbody>\n<\/table>\n<p style=\"text-align: center;\"><strong><span style=\"font-family: arial, helvetica, sans-serif; font-size: 20px;\">Associa\u00e7\u00f5es representadas<\/span><\/strong><\/p>\n<p>&nbsp;<\/p>\n<p style=\"text-align: center;\"><img loading=\"lazy\" decoding=\"async\" class=\"size-full wp-image-3581 aligncenter\" src=\"https:\/\/dmr-portugal.org\/wp-content\/uploads\/2024\/10\/Associacoes.png\" alt=\"\" width=\"263\" height=\"351\" srcset=\"https:\/\/dmr-portugal.org\/wp-content\/uploads\/2024\/10\/Associacoes.png 263w, https:\/\/dmr-portugal.org\/wp-content\/uploads\/2024\/10\/Associacoes-225x300.png 225w, https:\/\/dmr-portugal.org\/wp-content\/uploads\/2024\/10\/Associacoes-112x150.png 112w\" sizes=\"(max-width: 263px) 100vw, 263px\" \/><\/p>\n<p>&nbsp;<\/p>\n<p>&nbsp;<\/p>\n","protected":false},"excerpt":{"rendered":"<p>&nbsp; &nbsp; Hist\u00f3rico da 4\u00aa sess\u00e3o &nbsp; &nbsp; Log da 4\u00aa sess\u00e3o do 8\u00aa ano &nbsp; 9 utilizadores fizeram representar as suas associa\u00e7\u00f5es e 5 responderam ao Quiz, muito embora o suporte tenha feito refer\u00eancia a que a resposta Sim\/N\u00e3o n\u00e3o justificada poderia n\u00e3o representar o conhecimento, essa explica\u00e7\u00e3o foi \u2026 <a class=\"continue-reading-link\" href=\"https:\/\/dmr-portugal.org\/?page_id=3576\"> Continua&#8230; <span class=\"meta-nav\">&rarr; <\/span><\/a><\/p>\n","protected":false},"author":1,"featured_media":0,"parent":3842,"menu_order":43,"comment_status":"closed","ping_status":"closed","template":"","meta":{"footnotes":""},"class_list":["post-3576","page","type-page","status-publish","hentry"],"_links":{"self":[{"href":"https:\/\/dmr-portugal.org\/index.php?rest_route=\/wp\/v2\/pages\/3576","targetHints":{"allow":["GET"]}}],"collection":[{"href":"https:\/\/dmr-portugal.org\/index.php?rest_route=\/wp\/v2\/pages"}],"about":[{"href":"https:\/\/dmr-portugal.org\/index.php?rest_route=\/wp\/v2\/types\/page"}],"author":[{"embeddable":true,"href":"https:\/\/dmr-portugal.org\/index.php?rest_route=\/wp\/v2\/users\/1"}],"replies":[{"embeddable":true,"href":"https:\/\/dmr-portugal.org\/index.php?rest_route=%2Fwp%2Fv2%2Fcomments&post=3576"}],"version-history":[{"count":8,"href":"https:\/\/dmr-portugal.org\/index.php?rest_route=\/wp\/v2\/pages\/3576\/revisions"}],"predecessor-version":[{"id":3630,"href":"https:\/\/dmr-portugal.org\/index.php?rest_route=\/wp\/v2\/pages\/3576\/revisions\/3630"}],"up":[{"embeddable":true,"href":"https:\/\/dmr-portugal.org\/index.php?rest_route=\/wp\/v2\/pages\/3842"}],"wp:attachment":[{"href":"https:\/\/dmr-portugal.org\/index.php?rest_route=%2Fwp%2Fv2%2Fmedia&parent=3576"}],"curies":[{"name":"wp","href":"https:\/\/api.w.org\/{rel}","templated":true}]}}