{"id":3565,"date":"2024-09-23T18:19:08","date_gmt":"2024-09-23T17:19:08","guid":{"rendered":"https:\/\/dmr-portugal.org\/?page_id=3565"},"modified":"2025-01-14T17:31:29","modified_gmt":"2025-01-14T17:31:29","slug":"netct-3a-sessao","status":"publish","type":"page","link":"https:\/\/dmr-portugal.org\/?page_id=3565","title":{"rendered":"netCT 3\u00aa sess\u00e3o"},"content":{"rendered":"<p>&nbsp;<\/p>\n<p>&nbsp;<\/p>\n<p style=\"text-align: center;\"><strong><span style=\"font-family: arial, helvetica, sans-serif; font-size: 20px;\">Hist\u00f3rico da 3\u00aa sess\u00e3o<\/span><\/strong><\/p>\n<p>&nbsp;<\/p>\n<p style=\"text-align: center;\"><img fetchpriority=\"high\" decoding=\"async\" class=\"alignnone size-full wp-image-3566\" src=\"https:\/\/dmr-portugal.org\/wp-content\/uploads\/2024\/09\/Log-net-08_03.png\" alt=\"\" width=\"1010\" height=\"755\" srcset=\"https:\/\/dmr-portugal.org\/wp-content\/uploads\/2024\/09\/Log-net-08_03.png 1010w, https:\/\/dmr-portugal.org\/wp-content\/uploads\/2024\/09\/Log-net-08_03-300x224.png 300w, https:\/\/dmr-portugal.org\/wp-content\/uploads\/2024\/09\/Log-net-08_03-768x574.png 768w, https:\/\/dmr-portugal.org\/wp-content\/uploads\/2024\/09\/Log-net-08_03-150x112.png 150w\" sizes=\"(max-width: 1010px) 100vw, 1010px\" \/><\/p>\n<p>&nbsp;<\/p>\n<p style=\"text-align: center;\"><strong><span style=\"font-family: arial, helvetica, sans-serif; font-size: 20px;\"><em>Log da 3\u00aa sess\u00e3o do 8\u00aa ano<\/em><\/span><\/strong><\/p>\n<p>&nbsp;<\/p>\n<p><span style=\"font-family: arial, helvetica, sans-serif;\">Nenhum colega respondeu ao Quiz e 7 fizeram-se representar pela sua associa\u00e7\u00e3o. <strong>O somat\u00f3rio do n\u00famero de utilizadores por associa\u00e7\u00e3o leva a que no final da 8\u00aa s\u00e9rie seja atribu\u00eddo um diploma a essa associa\u00e7\u00e3o.<br \/>\n<\/strong><\/span>Tamb\u00e9m n\u00e3o foram rececionadas &#8216;Selfies&#8217; da opera\u00e7\u00e3o, contamos para a pr\u00f3xima que haja colegas que ponham a prova o seu engenho.<\/p>\n<p>&nbsp;<\/p>\n<p style=\"text-align: center;\"><strong><span style=\"font-family: arial, helvetica, sans-serif; font-size: 20px;\">Quiz<\/span><\/strong><\/p>\n<p style=\"padding-left: 40px;\"><span style=\"font-family: arial, helvetica, sans-serif;\">&#8211; O que me levou a escolher o DMR foi o audio melhorado e o s\u00f3 permitir uma comunica\u00e7\u00e3o por vez, n\u00e3o havendo os atropelos que acontecem nos sistemas anal\u00f3gicos isto como \u00a0exemplo. Acontece que \u00e0s vezes falo e quando acabo est\u00e3o outros a falar.<br \/>\nComo \u00e9 isto poss\u00edvel ?<\/span><\/p>\n<p style=\"text-align: center;\"><span style=\"font-family: arial, helvetica, sans-serif; font-size: 20px;\">\u2297<\/span><\/p>\n<p><strong><span style=\"font-family: arial, helvetica, sans-serif;\">R:\u00a0<\/span><\/strong><span style=\"font-family: arial, helvetica, sans-serif;\">O DMR se usado via repetidor, se o r\u00e1dio estiver bem configurado e se o r\u00e1dio em si cumprir as especifica\u00e7\u00f5es ETSI para o DMR, n\u00e3o permite isso. Se usado via hotspot e tamb\u00e9m ele, o r\u00e1dio devidamente configurado, poder\u00e1 raramente acontecer. <\/span><br \/>\n<span style=\"font-family: arial, helvetica, sans-serif;\">&#8211; Para isso o r\u00e1dio tem que ter configurada a permiss\u00e3o para emitir sob certas condi\u00e7\u00f5es, a sintaxe est\u00e1 dependente do fabricante e do software usado.\u00a0 Esse parametro chama-se no Anytone, Hytera e outros,\u00a0 \u201cTX Permit\u201d\u00a0 e \u00e9 definido por canal, por exemplo no Ailunce \u00e9 \u201cTX Authority\u201d.\u00a0 <\/span><br \/>\n<span style=\"font-family: arial, helvetica, sans-serif;\">R\u00e1dios baratos chineses n\u00e3o cumprem estes par\u00e2metros, certos softwares para melhoramento desses equipamentos n\u00e3o tem sequer a possibilidade de o usar. Isso faz com que o equipamento ignore que existe trafego no grupo usado e fale na mesma, a op\u00e7\u00e3o de \u2018<em>bem configurado<\/em>\u2019 n\u00e3o iria permitir ao utilizador o emitir, o r\u00e1dio recusaria e gerava um tom sinalizando que n\u00e3o foi poss\u00edvel emitir, isto sen\u00e3o tiver anulado os tons no equipamento. Por norma a defini\u00e7\u00e3o a escolher ser\u00e1 \u201cColor Code Free\u201d.<\/span><\/p>\n<p>&nbsp;<\/p>\n<p style=\"text-align: center;\"><strong><span style=\"font-family: arial, helvetica, sans-serif; font-size: 20px;\">Fotos rececionadas<\/span><\/strong><\/p>\n<p style=\"text-align: center;\"><span style=\"font-family: arial, helvetica, sans-serif;\">Esta semana s\u00f3 a modera\u00e7\u00e3o enviou foto, no entanto n\u00e3o conta para pontua\u00e7\u00e3o. Fica aqui para que &#8220;inspire&#8221; algum colega.<br \/>\n<\/span><\/p>\n<div id=\"attachment_3567\" style=\"width: 310px\" class=\"wp-caption aligncenter\"><img decoding=\"async\" aria-describedby=\"caption-attachment-3567\" class=\"wp-image-3567 size-medium\" src=\"https:\/\/dmr-portugal.org\/wp-content\/uploads\/2024\/09\/CT1FUH-3a-300x225.jpg\" alt=\"\" width=\"300\" height=\"225\" srcset=\"https:\/\/dmr-portugal.org\/wp-content\/uploads\/2024\/09\/CT1FUH-3a-300x225.jpg 300w, https:\/\/dmr-portugal.org\/wp-content\/uploads\/2024\/09\/CT1FUH-3a-1024x768.jpg 1024w, https:\/\/dmr-portugal.org\/wp-content\/uploads\/2024\/09\/CT1FUH-3a-768x576.jpg 768w, https:\/\/dmr-portugal.org\/wp-content\/uploads\/2024\/09\/CT1FUH-3a-1536x1152.jpg 1536w, https:\/\/dmr-portugal.org\/wp-content\/uploads\/2024\/09\/CT1FUH-3a-2048x1536.jpg 2048w, https:\/\/dmr-portugal.org\/wp-content\/uploads\/2024\/09\/CT1FUH-3a-150x113.jpg 150w\" sizes=\"(max-width: 300px) 100vw, 300px\" \/><p id=\"caption-attachment-3567\" class=\"wp-caption-text\"><span style=\"font-family: arial, helvetica, sans-serif; font-size: 16px;\">CT1FUH <\/span><\/p><\/div>\n<p>&nbsp;<\/p>\n<p style=\"text-align: center;\"><strong><span style=\"font-family: arial, helvetica, sans-serif; font-size: 20px;\">Utilizador mais ativo sem. 12\/09 ~ 17\/09<\/span><\/strong><\/p>\n<p>&nbsp;<\/p>\n<p style=\"text-align: center;\"><span style=\"font-family: arial, helvetica, sans-serif; font-size: 20px;\"><strong>CT2JTN<\/strong>\u00a0<span style=\"font-size: 16px;\">com 327 min de comunica\u00e7\u00e3o em 6 dias<\/span><\/span><\/p>\n<p>&nbsp;<\/p>\n<p style=\"text-align: center;\"><strong><span style=\"font-family: arial, helvetica, sans-serif;\">Top geral, at\u00e9 a data de 17\/09<\/span><\/strong><\/p>\n<p>&nbsp;<\/p>\n<p style=\"text-align: center;\"><img decoding=\"async\" class=\"alignnone size-full wp-image-3568\" src=\"https:\/\/dmr-portugal.org\/wp-content\/uploads\/2024\/09\/jorge_2024-09-23_181716.png\" alt=\"\" width=\"260\" height=\"554\" srcset=\"https:\/\/dmr-portugal.org\/wp-content\/uploads\/2024\/09\/jorge_2024-09-23_181716.png 260w, https:\/\/dmr-portugal.org\/wp-content\/uploads\/2024\/09\/jorge_2024-09-23_181716-141x300.png 141w, https:\/\/dmr-portugal.org\/wp-content\/uploads\/2024\/09\/jorge_2024-09-23_181716-70x150.png 70w\" sizes=\"(max-width: 260px) 100vw, 260px\" \/><\/p>\n<p>&nbsp;<\/p>\n<p style=\"text-align: center;\"><strong><span style=\"font-size: 20px;\">Top TG&#8217;s<\/span><\/strong><\/p>\n<p>&nbsp;<\/p>\n<p style=\"text-align: center;\"><img loading=\"lazy\" decoding=\"async\" class=\"alignnone size-full wp-image-3569\" src=\"https:\/\/dmr-portugal.org\/wp-content\/uploads\/2024\/09\/top-TG.png\" alt=\"\" width=\"321\" height=\"318\" srcset=\"https:\/\/dmr-portugal.org\/wp-content\/uploads\/2024\/09\/top-TG.png 321w, https:\/\/dmr-portugal.org\/wp-content\/uploads\/2024\/09\/top-TG-300x297.png 300w, https:\/\/dmr-portugal.org\/wp-content\/uploads\/2024\/09\/top-TG-150x150.png 150w\" sizes=\"(max-width: 321px) 100vw, 321px\" \/><\/p>\n<p>&nbsp;<\/p>\n<hr \/>\n<p>&nbsp;<\/p>\n","protected":false},"excerpt":{"rendered":"<p>&nbsp; &nbsp; Hist\u00f3rico da 3\u00aa sess\u00e3o &nbsp; &nbsp; Log da 3\u00aa sess\u00e3o do 8\u00aa ano &nbsp; Nenhum colega respondeu ao Quiz e 7 fizeram-se representar pela sua associa\u00e7\u00e3o. O somat\u00f3rio do n\u00famero de utilizadores por associa\u00e7\u00e3o leva a que no final da 8\u00aa s\u00e9rie seja atribu\u00eddo um diploma a essa \u2026 <a class=\"continue-reading-link\" href=\"https:\/\/dmr-portugal.org\/?page_id=3565\"> Continua&#8230; <span class=\"meta-nav\">&rarr; <\/span><\/a><\/p>\n","protected":false},"author":1,"featured_media":0,"parent":3842,"menu_order":44,"comment_status":"closed","ping_status":"closed","template":"","meta":{"footnotes":""},"class_list":["post-3565","page","type-page","status-publish","hentry"],"_links":{"self":[{"href":"https:\/\/dmr-portugal.org\/index.php?rest_route=\/wp\/v2\/pages\/3565","targetHints":{"allow":["GET"]}}],"collection":[{"href":"https:\/\/dmr-portugal.org\/index.php?rest_route=\/wp\/v2\/pages"}],"about":[{"href":"https:\/\/dmr-portugal.org\/index.php?rest_route=\/wp\/v2\/types\/page"}],"author":[{"embeddable":true,"href":"https:\/\/dmr-portugal.org\/index.php?rest_route=\/wp\/v2\/users\/1"}],"replies":[{"embeddable":true,"href":"https:\/\/dmr-portugal.org\/index.php?rest_route=%2Fwp%2Fv2%2Fcomments&post=3565"}],"version-history":[{"count":2,"href":"https:\/\/dmr-portugal.org\/index.php?rest_route=\/wp\/v2\/pages\/3565\/revisions"}],"predecessor-version":[{"id":3573,"href":"https:\/\/dmr-portugal.org\/index.php?rest_route=\/wp\/v2\/pages\/3565\/revisions\/3573"}],"up":[{"embeddable":true,"href":"https:\/\/dmr-portugal.org\/index.php?rest_route=\/wp\/v2\/pages\/3842"}],"wp:attachment":[{"href":"https:\/\/dmr-portugal.org\/index.php?rest_route=%2Fwp%2Fv2%2Fmedia&parent=3565"}],"curies":[{"name":"wp","href":"https:\/\/api.w.org\/{rel}","templated":true}]}}