{"id":3547,"date":"2024-09-12T17:19:59","date_gmt":"2024-09-12T16:19:59","guid":{"rendered":"https:\/\/dmr-portugal.org\/?page_id=3547"},"modified":"2025-01-14T17:31:04","modified_gmt":"2025-01-14T17:31:04","slug":"netct-2a-sessao","status":"publish","type":"page","link":"https:\/\/dmr-portugal.org\/?page_id=3547","title":{"rendered":"netCT 2\u00aa sess\u00e3o"},"content":{"rendered":"<p>&nbsp;<\/p>\n<p>&nbsp;<\/p>\n<p style=\"text-align: center;\"><span style=\"font-family: arial, helvetica, sans-serif; font-size: 20px;\">Hist\u00f3rico da 2\u00aa sess\u00e3o<\/span><\/p>\n<p>&nbsp;<\/p>\n<p style=\"text-align: center;\"><span style=\"font-family: arial, helvetica, sans-serif;\"><img fetchpriority=\"high\" decoding=\"async\" class=\"alignnone size-full wp-image-3548\" src=\"https:\/\/dmr-portugal.org\/wp-content\/uploads\/2024\/09\/Log-net-08_02.png\" alt=\"\" width=\"1010\" height=\"752\" srcset=\"https:\/\/dmr-portugal.org\/wp-content\/uploads\/2024\/09\/Log-net-08_02.png 1010w, https:\/\/dmr-portugal.org\/wp-content\/uploads\/2024\/09\/Log-net-08_02-300x223.png 300w, https:\/\/dmr-portugal.org\/wp-content\/uploads\/2024\/09\/Log-net-08_02-768x572.png 768w, https:\/\/dmr-portugal.org\/wp-content\/uploads\/2024\/09\/Log-net-08_02-150x112.png 150w\" sizes=\"(max-width: 1010px) 100vw, 1010px\" \/><\/span><\/p>\n<p>&nbsp;<\/p>\n<p style=\"text-align: center;\"><span style=\"font-family: arial, helvetica, sans-serif; font-size: 20px;\"><em>Log da 2\u00aa sess\u00e3o do 8\u00aa ano<\/em><\/span><\/p>\n<p>&nbsp;<\/p>\n<p><span style=\"font-family: arial, helvetica, sans-serif;\">A equipa achou por bem voltar a anunciar as novidades propostas aos utilizadores, a introdu\u00e7\u00e3o de um Quiz, o facto de a chamada ao continente nacional ser aleat\u00f3ria, o r\u00e1dio jornal, bem como o envio feito pelos utilizadores de uma foto mostrando a opera\u00e7\u00e3o do seu equipamento, que lhe garante uma pontua\u00e7\u00e3o vis\u00edvel no log e um diploma no fim da s\u00e9rie, prevista para 30 de Julho de 2025.<\/span><br \/>\n<span style=\"font-family: arial, helvetica, sans-serif;\">Houve 10 utilizadores que representam a associa\u00e7\u00e3o na qual s\u00e3o membros. \u2013 <em><strong>lembramos que devem anunciar sempre essa representatividade, o facto de operarem uma esta\u00e7\u00e3o de uso comum n\u00e3o pressup\u00f5e nem identifica a associa\u00e7\u00e3o<\/strong>.\u00a0<\/em>O somat\u00f3rio do n\u00famero de utilizadores por associa\u00e7\u00e3o leva a que no final da 8\u00aa s\u00e9rie seja atribu\u00eddo um diploma a essa associa\u00e7\u00e3o.<\/span><\/p>\n<p>&nbsp;<\/p>\n<p style=\"text-align: center;\"><strong><span style=\"font-family: arial, helvetica, sans-serif; font-size: 20px;\">Quiz<\/span><\/strong><\/p>\n<p>&nbsp;<\/p>\n<p>&nbsp;<\/p>\n<ul style=\"list-style-type: disc;\">\n<li><span style=\"font-family: arial, helvetica, sans-serif;\">&#8211; Tenho dois ID\u2019s DMR (ou mais), j\u00e1 n\u00e3o o\/s uso h\u00e1 uns anos, existe algum problema em o\/s usar na rede?<\/span><\/li>\n<\/ul>\n<p style=\"text-align: center;\">\u2297<\/p>\n<p><span style=\"font-family: arial, helvetica, sans-serif;\"><strong>R: &#8211; <\/strong>N\u00e3o existe problema algum em usar os indicativos de sua propriedade. <strong><em>No passado foi anunciado pela gest\u00e3o do RadioID, entidade que atribui os ID\u2019s, que o n\u00e3o uso e o n\u00e3o acesso a plataforma da RadioID provando que estava \u2018vivo\u2019, poderiam originar a \u2018suspen\u00e7\u00e3o\u2019 desse ID<\/em><\/strong>, no entanto devido a press\u00f5es dos sysop\u2019s das v\u00e1rias redes digitais, essa op\u00e7\u00e3o foi posta de parte. <\/span><\/p>\n<p><span style=\"font-family: arial, helvetica, sans-serif;\">Aconselhamos no entanto a que sen\u00e3o derem uso a um determinado ID que habilitem o campo \u201cAir Security\u201d no espa\u00e7o Selfcare do Brandmeister para o ID que n\u00e3o usam, tornando assim imposs\u00edvel que algu\u00e9m se possa servir desse ID.<\/span><\/p>\n<p>&nbsp;<\/p>\n<p style=\"text-align: center;\"><span style=\"font-family: arial, helvetica, sans-serif; font-size: 20px;\">Fotos rececionadas<\/span><\/p>\n<p>&nbsp;<\/p>\n<table style=\"border-collapse: collapse; width: 100%; height: 360px;\">\n<tbody>\n<tr style=\"height: 360px;\">\n<td style=\"width: 50%; text-align: center; height: 360px;\">\n<p><div id=\"attachment_3549\" style=\"width: 235px\" class=\"wp-caption aligncenter\"><a href=\"https:\/\/dmr-portugal.org\/wp-content\/uploads\/2024\/09\/CS7BGA-2a-scaled.jpg\" target=\"_blank\" rel=\"noopener\"><img decoding=\"async\" aria-describedby=\"caption-attachment-3549\" class=\"wp-image-3549 size-medium\" title=\"CS7BGA\" src=\"https:\/\/dmr-portugal.org\/wp-content\/uploads\/2024\/09\/CS7BGA-2a-225x300.jpg\" alt=\"\" width=\"225\" height=\"300\" srcset=\"https:\/\/dmr-portugal.org\/wp-content\/uploads\/2024\/09\/CS7BGA-2a-225x300.jpg 225w, https:\/\/dmr-portugal.org\/wp-content\/uploads\/2024\/09\/CS7BGA-2a-768x1024.jpg 768w, https:\/\/dmr-portugal.org\/wp-content\/uploads\/2024\/09\/CS7BGA-2a-1152x1536.jpg 1152w, https:\/\/dmr-portugal.org\/wp-content\/uploads\/2024\/09\/CS7BGA-2a-1536x2048.jpg 1536w, https:\/\/dmr-portugal.org\/wp-content\/uploads\/2024\/09\/CS7BGA-2a-113x150.jpg 113w, https:\/\/dmr-portugal.org\/wp-content\/uploads\/2024\/09\/CS7BGA-2a-scaled.jpg 1920w\" sizes=\"(max-width: 225px) 100vw, 225px\" \/><\/a><p id=\"caption-attachment-3549\" class=\"wp-caption-text\">CS7BGA 3 pontos<\/p><\/div><\/td>\n<td style=\"width: 50%; text-align: center; height: 360px;\">\n<p><div id=\"attachment_3550\" style=\"width: 310px\" class=\"wp-caption aligncenter\"><a href=\"https:\/\/dmr-portugal.org\/wp-content\/uploads\/2024\/09\/CT1DGC-2a-a-scaled.jpg\" target=\"_blank\" rel=\"noopener\"><img decoding=\"async\" aria-describedby=\"caption-attachment-3550\" class=\"wp-image-3550 size-medium\" title=\"CT1DGC\" src=\"https:\/\/dmr-portugal.org\/wp-content\/uploads\/2024\/09\/CT1DGC-2a-a-300x225.jpg\" alt=\"\" width=\"300\" height=\"225\" srcset=\"https:\/\/dmr-portugal.org\/wp-content\/uploads\/2024\/09\/CT1DGC-2a-a-300x225.jpg 300w, https:\/\/dmr-portugal.org\/wp-content\/uploads\/2024\/09\/CT1DGC-2a-a-1024x768.jpg 1024w, https:\/\/dmr-portugal.org\/wp-content\/uploads\/2024\/09\/CT1DGC-2a-a-768x576.jpg 768w, https:\/\/dmr-portugal.org\/wp-content\/uploads\/2024\/09\/CT1DGC-2a-a-1536x1152.jpg 1536w, https:\/\/dmr-portugal.org\/wp-content\/uploads\/2024\/09\/CT1DGC-2a-a-2048x1536.jpg 2048w, https:\/\/dmr-portugal.org\/wp-content\/uploads\/2024\/09\/CT1DGC-2a-a-150x113.jpg 150w\" sizes=\"(max-width: 300px) 100vw, 300px\" \/><\/a><p id=\"caption-attachment-3550\" class=\"wp-caption-text\">CT1DGC 4 pontos<\/p><\/div><\/td>\n<\/tr>\n<\/tbody>\n<\/table>\n<p>&nbsp;<\/p>\n<p>&nbsp;<\/p>\n<p style=\"text-align: center;\"><span style=\"font-family: arial, helvetica, sans-serif; font-size: 20px;\"><strong>Utilizador mais ativo sem. 05\/09 ~ 10\/09<\/strong><\/span><\/p>\n<p>&nbsp;<\/p>\n<p style=\"text-align: center;\"><span style=\"font-size: 20px; font-family: arial, helvetica, sans-serif;\"><strong>CT2JTN\u00a0<\/strong><span style=\"font-size: 16px;\">com 270 min de comunica\u00e7\u00e3o em 6 dias<\/span><\/span><\/p>\n<p>&nbsp;<\/p>\n<p style=\"text-align: center;\"><span style=\"font-family: arial, helvetica, sans-serif;\"><strong>Top at\u00e9 a data de 10\/09<\/strong><\/span><\/p>\n<p>&nbsp;<\/p>\n<p style=\"text-align: center;\"><img loading=\"lazy\" decoding=\"async\" class=\"alignnone size-full wp-image-3555\" src=\"https:\/\/dmr-portugal.org\/wp-content\/uploads\/2024\/09\/users.png\" alt=\"\" width=\"311\" height=\"657\" srcset=\"https:\/\/dmr-portugal.org\/wp-content\/uploads\/2024\/09\/users.png 311w, https:\/\/dmr-portugal.org\/wp-content\/uploads\/2024\/09\/users-142x300.png 142w, https:\/\/dmr-portugal.org\/wp-content\/uploads\/2024\/09\/users-71x150.png 71w\" sizes=\"(max-width: 311px) 100vw, 311px\" \/><\/p>\n<p>&nbsp;<\/p>\n<p style=\"text-align: center;\"><span style=\"font-family: arial, helvetica, sans-serif; font-size: 20px;\">Top ten TG&#8217;s mais usados at\u00e9 10\/09<\/span><\/p>\n<p>&nbsp;<\/p>\n<p style=\"text-align: center;\"><img loading=\"lazy\" decoding=\"async\" class=\"alignnone size-full wp-image-3556\" src=\"https:\/\/dmr-portugal.org\/wp-content\/uploads\/2024\/09\/tgs.png\" alt=\"\" width=\"363\" height=\"359\" srcset=\"https:\/\/dmr-portugal.org\/wp-content\/uploads\/2024\/09\/tgs.png 363w, https:\/\/dmr-portugal.org\/wp-content\/uploads\/2024\/09\/tgs-300x297.png 300w, https:\/\/dmr-portugal.org\/wp-content\/uploads\/2024\/09\/tgs-150x148.png 150w\" sizes=\"(max-width: 363px) 100vw, 363px\" \/><\/p>\n<p>&nbsp;<\/p>\n<p>&nbsp;<\/p>\n<p>&nbsp;<\/p>\n","protected":false},"excerpt":{"rendered":"<p>&nbsp; &nbsp; Hist\u00f3rico da 2\u00aa sess\u00e3o &nbsp; &nbsp; Log da 2\u00aa sess\u00e3o do 8\u00aa ano &nbsp; A equipa achou por bem voltar a anunciar as novidades propostas aos utilizadores, a introdu\u00e7\u00e3o de um Quiz, o facto de a chamada ao continente nacional ser aleat\u00f3ria, o r\u00e1dio jornal, bem como o \u2026 <a class=\"continue-reading-link\" href=\"https:\/\/dmr-portugal.org\/?page_id=3547\"> Continua&#8230; <span class=\"meta-nav\">&rarr; <\/span><\/a><\/p>\n","protected":false},"author":1,"featured_media":0,"parent":3842,"menu_order":45,"comment_status":"closed","ping_status":"closed","template":"","meta":{"footnotes":""},"class_list":["post-3547","page","type-page","status-publish","hentry"],"_links":{"self":[{"href":"https:\/\/dmr-portugal.org\/index.php?rest_route=\/wp\/v2\/pages\/3547","targetHints":{"allow":["GET"]}}],"collection":[{"href":"https:\/\/dmr-portugal.org\/index.php?rest_route=\/wp\/v2\/pages"}],"about":[{"href":"https:\/\/dmr-portugal.org\/index.php?rest_route=\/wp\/v2\/types\/page"}],"author":[{"embeddable":true,"href":"https:\/\/dmr-portugal.org\/index.php?rest_route=\/wp\/v2\/users\/1"}],"replies":[{"embeddable":true,"href":"https:\/\/dmr-portugal.org\/index.php?rest_route=%2Fwp%2Fv2%2Fcomments&post=3547"}],"version-history":[{"count":8,"href":"https:\/\/dmr-portugal.org\/index.php?rest_route=\/wp\/v2\/pages\/3547\/revisions"}],"predecessor-version":[{"id":3562,"href":"https:\/\/dmr-portugal.org\/index.php?rest_route=\/wp\/v2\/pages\/3547\/revisions\/3562"}],"up":[{"embeddable":true,"href":"https:\/\/dmr-portugal.org\/index.php?rest_route=\/wp\/v2\/pages\/3842"}],"wp:attachment":[{"href":"https:\/\/dmr-portugal.org\/index.php?rest_route=%2Fwp%2Fv2%2Fmedia&parent=3547"}],"curies":[{"name":"wp","href":"https:\/\/api.w.org\/{rel}","templated":true}]}}