{"id":3536,"date":"2024-09-12T12:20:13","date_gmt":"2024-09-12T11:20:13","guid":{"rendered":"https:\/\/dmr-portugal.org\/?page_id=3536"},"modified":"2025-09-18T10:06:45","modified_gmt":"2025-09-18T09:06:45","slug":"netct-2024","status":"publish","type":"page","link":"https:\/\/dmr-portugal.org\/?page_id=3536","title":{"rendered":"netCT 2024\/2025"},"content":{"rendered":"<p>&nbsp;<\/p>\n<p>&nbsp;<\/p>\n<p><span style=\"font-family: arial, helvetica, sans-serif;\">A netCT nasceu a 5 de Julho de 2017 como um espa\u00e7o de reuni\u00e3o para encontro de amadores em l\u00edngua Portuguesa, sendo que ao se reunir um n\u00famero de utilizadores pudesse servir como espa\u00e7o de informa\u00e7\u00e3o, novas funcionalidades, novos produtos e tecnologias, troca de conhecimentos entre colegas, isto sempre com a ajuda da equipa de suporte e da modera\u00e7\u00e3o \u00e0s redes de voz digital nos seus variados modos: DMR, DSTAR, C4FM, NXDN e rec\u00e9m-chegado Tetra.<\/span><\/p>\n<p><span style=\"font-family: arial, helvetica, sans-serif;\">Estes 7 anos de exist\u00eancia deram-nos a conhecer o comportamento t\u00edpico do amador nacional (outros ter\u00e3o a mesma postura noutros pa\u00edses mas para o caso o nosso interesse \u00e9 nos nacionais), e pens\u00e1mos em criar algo diferente, mais apelativo, mais interessante e que leve a que o utilizador se sinta mais preenchido, mais colaborativo, e que possa apreender algo dessa reuni\u00e3o.<\/span><\/p>\n<p style=\"text-align: center;\"><span style=\"font-family: arial, helvetica, sans-serif;\">#<\/span><\/p>\n<p><span style=\"font-family: arial, helvetica, sans-serif;\">Neste novo ano, que se iniciou com a sess\u00e3o 43, iremos apresentar as novidades para o pr\u00f3ximo ano da vossa netCT.<\/span><\/p>\n<p>&nbsp;<\/p>\n<ol start=\"&quot;1=\">\n<li><span style=\"font-family: arial, helvetica, sans-serif;\"><strong>Rotatividade no processo de chamadas a Portugal e Ilhas<br \/>\n<\/strong><\/span><\/li>\n<\/ol>\n<p>&nbsp;<\/p>\n<p><span style=\"font-family: arial, helvetica, sans-serif;\">Como sabem a netCT tem um procedimento de chamada, iniciando sempre pela Oceania e Europa, tal acontece pela diferen\u00e7a hor\u00e1ria, depois ser\u00e1 a chamada ao continente que se iniciava sempre pela regi\u00e3o 1, Viana do Castelo, Braga, Porto, Vila Real e Bragan\u00e7a, seguindo-se a regi\u00e3o 2 e sucessivas.\u00a0<\/span><\/p>\n<p>&nbsp;<\/p>\n<p><span style=\"font-family: arial, helvetica, sans-serif;\"><strong><em>O que vai mudar ?<\/em><\/strong><\/span><\/p>\n<p>&nbsp;<\/p>\n<p><span style=\"font-family: arial, helvetica, sans-serif;\">\u00ab&#8230;Durante estes 7 anos constat\u00e1mos\u00a0 a entrada de colegas mais ou menos no hor\u00e1rio previsto \u00e0 chamada da sua zona, ignorando tudo o que possa ter sido apresentado na netCT, e a sa\u00edda da mesma ap\u00f3s confirma\u00e7\u00e3o em log&#8230;\u00bb<\/span><\/p>\n<p>&nbsp;<\/p>\n<p><strong><em><span style=\"font-family: arial, helvetica, sans-serif;\">&#8211; A modera\u00e7\u00e3o todas as semanas escolher\u00e1 a ordem de chamada das diferentes regi\u00f5es aleatoriamente, podendo come\u00e7ar pelos A\u00e7ores ou pelo Alentejo.<\/span><\/em><\/strong><\/p>\n<p>&nbsp;<\/p>\n<p><span style=\"font-family: arial, helvetica, sans-serif;\">Isto levar\u00e1 a uma melhor presen\u00e7a do utilizador e uma melhor aten\u00e7\u00e3o ao que iremos apresentar no ponto 2.<\/span><\/p>\n<p>&nbsp;<\/p>\n<ol start=\"2\">\n<li><span style=\"font-family: arial, helvetica, sans-serif;\"><strong>Perguntas e respostas<\/strong><\/span><\/li>\n<\/ol>\n<p><span style=\"font-family: arial, helvetica, sans-serif;\">Nesta primeira fase da netCT (at\u00e9 \u00e0 sess\u00e3o 22 da 8\u00aa temporada) a modera\u00e7\u00e3o ir\u00e1 colocar 1 quest\u00e3o por sess\u00e3o. Essa quest\u00e3o engloba todos os modos de voz digital, podem eles ser DSTAR, DMR, C4FM, Tetra ou outros. Esta quest\u00e3o \u00e9 difundida por diversas vezes durante o decorrer da netCT, sendo tamb\u00e9m ela aleat\u00f3ria ao decorrer da Net<\/span><br \/>\n<span style=\"font-family: arial, helvetica, sans-serif;\">A resposta \u00e0 quest\u00e3o colocada durante a sess\u00e3o ser\u00e1 dada no final da <em>chamada geral<\/em>, mas n\u00e3o se preocupe, pode colocar tamb\u00e9m a sua quest\u00e3o, ou se pretender responder a quest\u00e3o do Quiz poder\u00e1 faz\u00ea-lo, ter\u00e1 5 pontos se a resposta for a correta.<\/span><\/p>\n<p>&nbsp;<\/p>\n<p><span style=\"font-family: arial, helvetica, sans-serif;\">\u00a0\u00a0\u00a0\u00a0\u00a0\u00a0\u00a0\u00a0\u00a0\u00a0\u00a0 <strong><em>Objectivo ?<\/em><\/strong><\/span><\/p>\n<p>&nbsp;<\/p>\n<p><span style=\"font-family: arial, helvetica, sans-serif;\">Aprender ouvindo, e&#8230; a partir da sess\u00e3o 23 da 8\u00ba temporada, quem o queira fazer, responder \u00e0 quest\u00e3o colocada pela modera\u00e7\u00e3o. As quest\u00f5es ser\u00e3o exatamente as que foram apresentadas com resposta nas primeiras 22 sess\u00f5es. Para cada resposta correta corresponder\u00e3o 5 pontos, havendo semanalmente um somat\u00f3rio dos pontos atribu\u00eddos que podem ser consultados nos logs publicados.<\/span><br \/>\n<span style=\"font-family: arial, helvetica, sans-serif;\">Os 20 utilizadores com maior pontua\u00e7\u00e3o, que pode ser vista semanalmente no log do netCT, receber\u00e3o a 30 de Julho de 2025 a divulga\u00e7\u00e3o na netCT e um diploma relativo ao Quiz.<\/span><\/p>\n<p>&nbsp;<\/p>\n<ol start=\"3\">\n<li><span style=\"font-family: arial, helvetica, sans-serif;\"><strong>Envie uma selfie em que prove o uso da sua esta\u00e7\u00e3o no netCT<\/strong><\/span><\/li>\n<\/ol>\n<p>&nbsp;<\/p>\n<p><span style=\"font-family: arial, helvetica, sans-serif;\">Esta ser\u00e1 mais uma novidade inserida no contexto da net em l\u00edngua portuguesa. Fa\u00e7a uma selfie de si operando a sua esta\u00e7\u00e3o em que seja vis\u00edvel o equipamento e o TG \/ modulo Dstar \/ liga\u00e7\u00e3o YSF ou DG-ID. Essa foto deve ser enviada para o endere\u00e7o <a href=\"mailto:team.dmr.pt@gmail.com\">team.dmr.pt@gmail.com<\/a>, na semana seguinte confirmaremos os envios e de quem bem como no final anual atribuiremos um diploma \u00e0s melhores \u2018selfies\u2019. Esta &#8216;selfie\/foto&#8217; dever\u00e1 ser enviada pelo email atr\u00e1s referido, tendo como prazo de rece\u00e7\u00e3o as 22h do dia seguinte \u00e0 netCT.<\/span><\/p>\n<p>&nbsp;<\/p>\n<ol start=\"4\">\n<li><span style=\"font-family: arial, helvetica, sans-serif;\">\u00a0<strong>Representa\u00e7\u00e3o Associativa<\/strong><\/span><\/li>\n<\/ol>\n<p>&nbsp;<\/p>\n<p><span style=\"font-family: arial, helvetica, sans-serif;\">Para os que pretenderem e que sejam membros efetivos de alguma associa\u00e7\u00e3o poder\u00e3o indica-la aquando da sua apresenta\u00e7\u00e3o A 30 de Julho indicaremos na net qual a associa\u00e7\u00e3o com maior representatividade e atribuiremos um Diploma a essa associa\u00e7\u00e3o.<br \/>\nChamamos a aten\u00e7\u00e3o que o utilizador ter\u00e1 sempre que enunciar a Associa\u00e7\u00e3o, o facto de estar a usar um indicativo de uso comum n\u00e3o pressup\u00f4e a presen\u00e7a, ter\u00e1 sempre que ser comunicada oralmente.<\/span><\/p>\n<p>&nbsp;<\/p>\n<ol start=\"5\">\n<li><span style=\"font-family: arial, helvetica, sans-serif;\"><strong>Radio Jornal<\/strong><\/span><\/li>\n<\/ol>\n<p>&nbsp;<\/p>\n<p><span style=\"font-family: arial, helvetica, sans-serif;\">Regresso daquilo que foi feito h\u00e1 muitos anos, inclus\u00edve por um dos moderadores, desta forma de difundir not\u00edcias do nosso meio. Muito embora hoje em dia existam mais meios de informa\u00e7\u00e3o, a mesma \u00e9 muitas vezes demasiada e n\u00e3o filtrada obrigando a um exerc\u00edcio de \u2018ter toda a informa\u00e7\u00e3o e n\u00e3o ter nenhuma\u2019.<\/span><\/p>\n<p>&nbsp;<\/p>\n<ol start=\"6\">\n<li><span style=\"font-family: arial, helvetica, sans-serif;\"><strong>Abrir a modera\u00e7\u00e3o a colegas que queiram ser eles moderadores.<\/strong><\/span><\/li>\n<\/ol>\n<p>&nbsp;<\/p>\n<p><span style=\"font-family: arial, helvetica, sans-serif;\">Permitir a que qualquer um queira \u2018experienciar\u2019 o que \u00e9 ser um moderador de um espa\u00e7o publico, as dificuldades e as solu\u00e7\u00f5es. Todos ser\u00e3o bem-vindos, mas lan\u00e7amos um convite especial aos colegas CR\u2019x que queiram \u201cdesinibir-se\u201d do receio do microfone.<\/span><\/p>\n<p>&nbsp;<\/p>\n<ol start=\"7\">\n<li><span style=\"font-family: arial, helvetica, sans-serif;\"><strong>Os mais ativos nas redes de voz digital<\/strong><\/span><\/li>\n<\/ol>\n<p>&nbsp;<\/p>\n<p><span style=\"font-family: arial, helvetica, sans-serif;\">Semanalmente a modera\u00e7\u00e3o enunciar\u00e1 as esta\u00e7\u00f5es mais presentes na semana anterior a netCT, e os grupos mais utilizados no m\u00eas anterior (esta informa\u00e7\u00e3o ser\u00e1 mensal), nos modos de voz digital, DSTAR, DMR, C4FM, Tetra e NXDN. Esta an\u00e1lise diz sempre respeito a semana anterior entre as quintas e ter\u00e7as da semana da anterior \u00e0 netCT.<\/span><\/p>\n<p>&nbsp;<\/p>\n<p>&nbsp;<\/p>\n<p><strong><span style=\"font-family: arial, helvetica, sans-serif;\"><em>Esperamos com estas novidades cativar, informar e interessar mais colegas para estes modos de voz digital, bem como contribuir para uma melhoria da rede, utilizadores mais informados melhoram por eles mesmo o seu desempenho.<\/em><\/span><\/strong><\/p>\n<p>&nbsp;<\/p>\n<hr \/>\n<p>&nbsp;<\/p>\n","protected":false},"excerpt":{"rendered":"<p>&nbsp; &nbsp; A netCT nasceu a 5 de Julho de 2017 como um espa\u00e7o de reuni\u00e3o para encontro de amadores em l\u00edngua Portuguesa, sendo que ao se reunir um n\u00famero de utilizadores pudesse servir como espa\u00e7o de informa\u00e7\u00e3o, novas funcionalidades, novos produtos e tecnologias, troca de conhecimentos entre colegas, isto \u2026 <a class=\"continue-reading-link\" href=\"https:\/\/dmr-portugal.org\/?page_id=3536\"> Continua&#8230; <span class=\"meta-nav\">&rarr; <\/span><\/a><\/p>\n","protected":false},"author":1,"featured_media":0,"parent":4482,"menu_order":3,"comment_status":"closed","ping_status":"closed","template":"","meta":{"footnotes":""},"class_list":["post-3536","page","type-page","status-publish","hentry"],"_links":{"self":[{"href":"https:\/\/dmr-portugal.org\/index.php?rest_route=\/wp\/v2\/pages\/3536","targetHints":{"allow":["GET"]}}],"collection":[{"href":"https:\/\/dmr-portugal.org\/index.php?rest_route=\/wp\/v2\/pages"}],"about":[{"href":"https:\/\/dmr-portugal.org\/index.php?rest_route=\/wp\/v2\/types\/page"}],"author":[{"embeddable":true,"href":"https:\/\/dmr-portugal.org\/index.php?rest_route=\/wp\/v2\/users\/1"}],"replies":[{"embeddable":true,"href":"https:\/\/dmr-portugal.org\/index.php?rest_route=%2Fwp%2Fv2%2Fcomments&post=3536"}],"version-history":[{"count":2,"href":"https:\/\/dmr-portugal.org\/index.php?rest_route=\/wp\/v2\/pages\/3536\/revisions"}],"predecessor-version":[{"id":3831,"href":"https:\/\/dmr-portugal.org\/index.php?rest_route=\/wp\/v2\/pages\/3536\/revisions\/3831"}],"up":[{"embeddable":true,"href":"https:\/\/dmr-portugal.org\/index.php?rest_route=\/wp\/v2\/pages\/4482"}],"wp:attachment":[{"href":"https:\/\/dmr-portugal.org\/index.php?rest_route=%2Fwp%2Fv2%2Fmedia&parent=3536"}],"curies":[{"name":"wp","href":"https:\/\/api.w.org\/{rel}","templated":true}]}}