{"id":349,"date":"2016-01-08T11:55:31","date_gmt":"2016-01-08T11:55:31","guid":{"rendered":"https:\/\/dmr-portugal.org\/?page_id=349"},"modified":"2023-06-27T16:22:05","modified_gmt":"2023-06-27T15:22:05","slug":"brandmeister-pt","status":"publish","type":"page","link":"https:\/\/dmr-portugal.org\/?page_id=349","title":{"rendered":"BrandMeister PT"},"content":{"rendered":"<p style=\"text-align: center;\"><span style=\"color: #000000; font-family: arial,helvetica,sans-serif; font-size: 18pt;\">BrandMeister<\/span><\/p>\n<p style=\"text-align: center;\"><a href=\"https:\/\/dmr-portugal.org\/wp-content\/uploads\/2016\/01\/\u00edndice.png\"><img fetchpriority=\"high\" decoding=\"async\" class=\"aligncenter wp-image-350 size-full\" src=\"https:\/\/dmr-portugal.org\/wp-content\/uploads\/2016\/01\/\u00edndice.png\" alt=\"\u00edndice\" width=\"372\" height=\"135\" srcset=\"https:\/\/dmr-portugal.org\/wp-content\/uploads\/2016\/01\/\u00edndice.png 372w, https:\/\/dmr-portugal.org\/wp-content\/uploads\/2016\/01\/\u00edndice-300x109.png 300w, https:\/\/dmr-portugal.org\/wp-content\/uploads\/2016\/01\/\u00edndice-150x54.png 150w\" sizes=\"(max-width: 372px) 100vw, 372px\" \/><\/a><\/p>\n<p><span style=\"color: #000000; font-family: arial,helvetica,sans-serif; font-size: 12pt;\">O BrandMeister (vulgo BM) \u00e9 mais uma forma de aceder \u00e0 rede DMR. Este software criado por um grupo de colegas radioamadores, permite a liga\u00e7\u00e3o em &#8220;estrela&#8221; de toda a rede utilizando o protocolo FastForward. Este sistema garante a continuidade da rede mesmo que um &#8220;master&#8221; se desligue permite que todos os restantes se mantenham em funcionamento bastando mudar para o master mais perto. Este sistema, que criou na fase de lan\u00e7amento ciss\u00f5es entre a comunidade radioamadoristica, permite essencialmente a utiliza\u00e7\u00e3o da rede por uma forma mais &#8220;democr\u00e1tica&#8221; sendo responsabilidade dos &#8220;sysop&#8217;s&#8221; de cada <span style=\"text-decoration: underline;\">Master<\/span> a n\u00e3o permiss\u00e3o de uma utiliza\u00e7\u00e3o anarquica da mesma.<br \/>\n<\/span><\/p>\n<p>&nbsp;<\/p>\n<p style=\"text-align: center;\"><span style=\"font-family: arial,helvetica,sans-serif; font-size: 12pt;\">\u2297<\/span><\/p>\n<p>&nbsp;<\/p>\n<p style=\"text-align: left;\"><span style=\"font-family: arial,helvetica,sans-serif; font-size: 12pt;\">Enquanto na rede MARC os repetidores, que s\u00f3 poderiam ser Motorola, se encontram ligados a diversas <a href=\"http:\/\/www.rayfield.net\/c-bridge\" target=\"_blank\" rel=\"noopener\">c-Bridges<\/a> espalhadas pelo mundo e controladas pelo seu &#8220;dono&#8221; e pelas rotas j\u00e1 criadas como seja o caso por exemplo do TG15 que permite um grupo de conversa\u00e7\u00e3o em l\u00edngua portuguesa. No entanto se alguma Associa\u00e7\u00e3o pretende-se ter um grupo s\u00f3 para falar com colegas brasileiros fora do acesso ao pa\u00eds (724) n\u00e3o o conseguiria fazer pelo facto do grupo n\u00e3o existir e de &#8220;esses donos de c-bridges&#8221; serem pouco receptivos a altera\u00e7\u00f5es estruturais que teriam que ser em toda a rede mundial.<\/span><\/p>\n<p>&nbsp;<\/p>\n<p style=\"text-align: left;\"><span style=\"font-family: arial,helvetica,sans-serif; font-size: 12pt;\">O DMRPlus (DMR+) apareceu dando a possibilidade de trabalhar com repetidores Hytera, que tem um protocolo de rede diferente dos Motorola, e interliga-los com a rede Motorola, atrav\u00e9s de aplicativo desenvolvido para o efeito (Moto-Bridge), isto possibilitava os repetidores Motorola a terem acesso na slot1 \u00e0 rede MARC e na slot2 \u00e1 rede DMR+. O DMR+ permitia o acesso a reflectores, a hotspots (DV4mini) e \u00e0 interliga\u00e7\u00e3o \u00e0 rede DSTAR. Continuava a ser um sistema gerido por terceiros (grupo alem\u00e3o detentor do projeto e o mesmo fechado) n\u00e3o dando a possibilidade de desenvolvimento noutras \u00e1reas. \u00c0 que agradecer a este grupo a cria\u00e7\u00e3o de uma base de dados internacional para convers\u00e3o dos indicativos de operadores em num\u00e9rico, isto porque a rede DMR (ou MotoTRBO) \u00e9 uma rede num\u00e9rica n\u00e3o compat\u00edvel com os indicativos de chamada dos radioamadores. Em Agosto de 2015 apareceu uma nova rede no horizonte, criada nos pa\u00edses de Leste (Ucrania\/Russia com contributo da Holanda) que permitia atrav\u00e9s de script em Lua que cada sysop gerisse a sua pr\u00f3pria rede. Esta abertura e, talvez, a pouca informa\u00e7\u00e3o na fase de lan\u00e7amento deu origem a que certos pa\u00edses, devido a serem muito &#8220;inventivos&#8221;, criassem uma anarquia na rede, anarquia essa que se generalizou durante uns meses e que levou a que o grupo MARC cortasse os acessos com a Europa, deixando o DMR+ de poder partilhar essa rede e fazendo tamb\u00e9m com que os gestores do DMR+, por sua vez, tentassem por uma forma desesperada eliminar a concorr\u00eancia, foi um per\u00edodo conturbado, com cortes de acessos a fun\u00e7\u00f5es e aplicativos que at\u00e9 a\u00ed trabalhavam, quando questionados n\u00e3o respondiam e este comportamento acabou por levar ao abandono de muitos repetidores por todo o planeta, originando a busca por uma solu\u00e7\u00e3o que foi o BrandMeister.<\/span><\/p>\n<p>&nbsp;<\/p>\n<p style=\"text-align: center;\"><span style=\"font-family: arial,helvetica,sans-serif; font-size: 12pt;\">\u2297<\/span><\/p>\n<p>&nbsp;<\/p>\n<p style=\"text-align: left;\"><span style=\"font-family: arial,helvetica,sans-serif; font-size: 12pt;\">Passados estes meses iniciais reparamos ent\u00e3o que o crescimento do BrandMeister e o conhecimento dos sysop&#8217;s est\u00e3o a levar \u00e0 abertura da rede MARC aos diversos masters BM bem como uma maior oferta de servi\u00e7os e modos na rede DMR.<\/span><\/p>\n<p>&nbsp;<\/p>\n<p>&nbsp;<\/p>\n","protected":false},"excerpt":{"rendered":"<p>BrandMeister O BrandMeister (vulgo BM) \u00e9 mais uma forma de aceder \u00e0 rede DMR. Este software criado por um grupo de colegas radioamadores, permite a liga\u00e7\u00e3o em &#8220;estrela&#8221; de toda a rede utilizando o protocolo FastForward. Este sistema garante a continuidade da rede mesmo que um &#8220;master&#8221; se desligue permite \u2026 <a class=\"continue-reading-link\" href=\"https:\/\/dmr-portugal.org\/?page_id=349\"> Continua&#8230; <span class=\"meta-nav\">&rarr; <\/span><\/a><\/p>\n","protected":false},"author":1,"featured_media":350,"parent":132,"menu_order":2,"comment_status":"closed","ping_status":"closed","template":"","meta":{"footnotes":""},"class_list":["post-349","page","type-page","status-publish","has-post-thumbnail","hentry"],"_links":{"self":[{"href":"https:\/\/dmr-portugal.org\/index.php?rest_route=\/wp\/v2\/pages\/349","targetHints":{"allow":["GET"]}}],"collection":[{"href":"https:\/\/dmr-portugal.org\/index.php?rest_route=\/wp\/v2\/pages"}],"about":[{"href":"https:\/\/dmr-portugal.org\/index.php?rest_route=\/wp\/v2\/types\/page"}],"author":[{"embeddable":true,"href":"https:\/\/dmr-portugal.org\/index.php?rest_route=\/wp\/v2\/users\/1"}],"replies":[{"embeddable":true,"href":"https:\/\/dmr-portugal.org\/index.php?rest_route=%2Fwp%2Fv2%2Fcomments&post=349"}],"version-history":[{"count":1,"href":"https:\/\/dmr-portugal.org\/index.php?rest_route=\/wp\/v2\/pages\/349\/revisions"}],"predecessor-version":[{"id":3243,"href":"https:\/\/dmr-portugal.org\/index.php?rest_route=\/wp\/v2\/pages\/349\/revisions\/3243"}],"up":[{"embeddable":true,"href":"https:\/\/dmr-portugal.org\/index.php?rest_route=\/wp\/v2\/pages\/132"}],"wp:featuredmedia":[{"embeddable":true,"href":"https:\/\/dmr-portugal.org\/index.php?rest_route=\/wp\/v2\/media\/350"}],"wp:attachment":[{"href":"https:\/\/dmr-portugal.org\/index.php?rest_route=%2Fwp%2Fv2%2Fmedia&parent=349"}],"curies":[{"name":"wp","href":"https:\/\/api.w.org\/{rel}","templated":true}]}}