{"id":3239,"date":"2023-06-27T16:20:21","date_gmt":"2023-06-27T15:20:21","guid":{"rendered":"https:\/\/dmr-portugal.org\/?page_id=3239"},"modified":"2024-12-26T10:01:26","modified_gmt":"2024-12-26T10:01:26","slug":"regras-do-brandmeister-portugal","status":"publish","type":"page","link":"https:\/\/dmr-portugal.org\/?page_id=3239","title":{"rendered":"Regras no BrandMeister Portugal"},"content":{"rendered":"<p><span style=\"font-family: arial, helvetica, sans-serif; font-size: 20px;\"><strong>N\u00e3o s\u00e3o aprovadas liga\u00e7\u00f5es a redes\/servidores como o TG-IF, FreeStar, FreeDMR, AllStarLink, ADN.Systems ou qualquer liga\u00e7\u00e3o anal\u00f3gica de FM ou outra, isto inclu\u00ed Echolink, FRN e outras tantas liga\u00e7\u00f5es dependentes de liga\u00e7\u00e3o VoiP e que n\u00e3o consigam identificar o utilizador que de momento a esteja a usar.<\/strong><\/span><\/p>\n<p>&nbsp;<\/p>\n<p><strong><span style=\"font-family: arial, helvetica, sans-serif;\">Qualquer Bridge ligada sem o nosso conhecimento levar\u00e1 ao bloqueio dela e do ID do utilizador, sendo revista esta posi\u00e7\u00e3o ap\u00f3s o contato do mesmo.<\/span><\/strong><\/p>\n<p><span style=\"font-family: arial, helvetica, sans-serif;\">Apoiamos o desenvolvimento individual, cada um \u00e9 livre de utilizar a rede e modo que entender, no entanto deve-a manter a n\u00edvel particular. \u00e9 neste sentido que existem regras de opera\u00e7\u00e3o da rede. Um utilizador ao ligar o seu hotspot est\u00e1 a estabelecer uma liga\u00e7\u00e3o em modo &#8216;peer&#8217;, qualquer comunica\u00e7\u00e3o vinda do seu dispositivo identificar\u00e1 sempre e s\u00f3 o dispositivo, que sendo do mesmo propriet\u00e1rio n\u00e3o tem problema algum, o problema surge quando esse mesmo utilizador pretende encaminhar outros servi\u00e7os, que at\u00e9 podem estar identificados para ele mas que pelo facto do modo como \u00e9 feita a liga\u00e7\u00e3o identificar\u00e1 sempre e s\u00f3 o seu dispositivo, perdendo-se quem \u00e9 o utilizador falante.<br \/>\nEste desenvolvimento pessoal exige conhecimentos, n\u00e3o se deve utilizar a primeira pe\u00e7a de software conhecida sem que primeiro se conhe\u00e7a, temos por exemplo o uso do HBLink interdito ao uso, mas pass\u00edvel de ser autorizado se o utilizador explicar quais os objetivos dessa pretens\u00e3o e cumprir com o seguinte:<\/span><\/p>\n<p>&nbsp;<\/p>\n<p><em><span style=\"font-family: arial, helvetica, sans-serif;\">Nas liga\u00e7\u00f5es OpenBridge, onde se incluem, HBLink, HBLink3, DVLink, os requisitos s\u00e3o os seguintes:<\/span><\/em><\/p>\n<p>&nbsp;<\/p>\n<p style=\"padding-left: 40px;\"><span style=\"font-family: arial, helvetica, sans-serif;\">DMR ID<\/span><br \/>\n<span style=\"font-family: arial, helvetica, sans-serif;\">Indicativo<\/span><br \/>\n<span style=\"font-family: arial, helvetica, sans-serif;\">Endere\u00e7o IP ou nome de dominio (pode ser um DDNS)<\/span><br \/>\n<span style=\"font-family: arial, helvetica, sans-serif;\">Que grupos de conversa\u00e7\u00e3o pretende usar, sendo que os grupos de conversa s\u00f3 ser\u00e3o atribu\u00eddos os que constem do nosso MCC e na lista publicada no Wiki Portugal, excluindo todos os que liguem a outras redes, exemp: C4FM(YSF), Wires, NXDN, exclui-se tamb\u00e9m todos os TG de 3,4,5 e 6 d\u00edgitos.<\/span><\/p>\n<p>&nbsp;<\/p>\n<p>&nbsp;<\/p>\n<p><span style=\"font-family: arial, helvetica, sans-serif; font-size: 20px;\"><strong>A\u00a0 rede nacional suporta liga\u00e7\u00f5es a C-Bridge, OpenBridge, XLX Interlink, IPSC2 Openbridge, YSF Client, Wires-X, repetidores IMRS, NXDN Client e TetraPack.<\/strong><\/span><\/p>\n<p>&nbsp;<\/p>\n<hr \/>\n<p>&nbsp;<\/p>\n","protected":false},"excerpt":{"rendered":"<p>N\u00e3o s\u00e3o aprovadas liga\u00e7\u00f5es a redes\/servidores como o TG-IF, FreeStar, FreeDMR, AllStarLink, ADN.Systems ou qualquer liga\u00e7\u00e3o anal\u00f3gica de FM ou outra, isto inclu\u00ed Echolink, FRN e outras tantas liga\u00e7\u00f5es dependentes de liga\u00e7\u00e3o VoiP e que n\u00e3o consigam identificar o utilizador que de momento a esteja a usar. &nbsp; Qualquer Bridge \u2026 <a class=\"continue-reading-link\" href=\"https:\/\/dmr-portugal.org\/?page_id=3239\"> Continua&#8230; <span class=\"meta-nav\">&rarr; <\/span><\/a><\/p>\n","protected":false},"author":1,"featured_media":0,"parent":132,"menu_order":1,"comment_status":"closed","ping_status":"closed","template":"","meta":{"footnotes":""},"class_list":["post-3239","page","type-page","status-publish","hentry"],"_links":{"self":[{"href":"https:\/\/dmr-portugal.org\/index.php?rest_route=\/wp\/v2\/pages\/3239","targetHints":{"allow":["GET"]}}],"collection":[{"href":"https:\/\/dmr-portugal.org\/index.php?rest_route=\/wp\/v2\/pages"}],"about":[{"href":"https:\/\/dmr-portugal.org\/index.php?rest_route=\/wp\/v2\/types\/page"}],"author":[{"embeddable":true,"href":"https:\/\/dmr-portugal.org\/index.php?rest_route=\/wp\/v2\/users\/1"}],"replies":[{"embeddable":true,"href":"https:\/\/dmr-portugal.org\/index.php?rest_route=%2Fwp%2Fv2%2Fcomments&post=3239"}],"version-history":[{"count":8,"href":"https:\/\/dmr-portugal.org\/index.php?rest_route=\/wp\/v2\/pages\/3239\/revisions"}],"predecessor-version":[{"id":3809,"href":"https:\/\/dmr-portugal.org\/index.php?rest_route=\/wp\/v2\/pages\/3239\/revisions\/3809"}],"up":[{"embeddable":true,"href":"https:\/\/dmr-portugal.org\/index.php?rest_route=\/wp\/v2\/pages\/132"}],"wp:attachment":[{"href":"https:\/\/dmr-portugal.org\/index.php?rest_route=%2Fwp%2Fv2%2Fmedia&parent=3239"}],"curies":[{"name":"wp","href":"https:\/\/api.w.org\/{rel}","templated":true}]}}