{"id":2997,"date":"2022-01-02T19:50:22","date_gmt":"2022-01-02T19:50:22","guid":{"rendered":"https:\/\/dmr-portugal.org\/?page_id=2997"},"modified":"2025-07-09T16:49:52","modified_gmt":"2025-07-09T15:49:52","slug":"novo-hoseline-disponivel-com-novos-recursos-incriveis","status":"publish","type":"page","link":"https:\/\/dmr-portugal.org\/?page_id=2997","title":{"rendered":"Novo Hoseline dispon\u00edvel com novos recursos incr\u00edveis!"},"content":{"rendered":"<p>&nbsp;<\/p>\n<p>&nbsp;<\/p>\n<p><span style=\"font-family: arial, helvetica, sans-serif; font-size: 20px;\"><strong>Novo interface<\/strong><\/span><\/p>\n<p><span style=\"font-family: arial, helvetica, sans-serif;\">A p\u00e1gina inicial do Hoseline mostra uma lista de \u201cblocos\u201d. Cada bloco representa um grupo de conversa\u00e7\u00e3o, junto com as informa\u00e7\u00f5es atuais ou da \u00faltima transmiss\u00e3o. Novos blocos aparecer\u00e3o \u00e0 medida que o tr\u00e1fego surgir. Se voc\u00ea deseja ouvir um grupo de conversa\u00e7\u00e3o, basta clicar no bloco correspondente.<\/span><\/p>\n<p>&nbsp;<\/p>\n<p><span style=\"font-family: arial, helvetica, sans-serif;\">Para evitar confus\u00e3o, apenas grupos de conversa\u00e7\u00e3o entre 90 e 9999 s\u00e3o exibidos. Voc\u00ea pode ouvir grupos de conversa\u00e7\u00e3o acima deste limite usando a op\u00e7\u00e3o \u201cEscuta de m\u00faltiplos grupos de conversa\u00e7\u00e3o\u201d.<\/span><\/p>\n<p>&nbsp;<\/p>\n<p><span style=\"font-family: arial, helvetica, sans-serif; font-size: 20px;\"><strong>Escuta de um \u00fanico grupo de conversa\u00e7\u00e3o<\/strong><\/span><\/p>\n<p><span style=\"font-family: arial, helvetica, sans-serif;\">Ao clicar num bloco da p\u00e1gina inicial, ir\u00e1 se registar nesse grupo de conversa\u00e7\u00e3o e qualquer QSO ser\u00e1 reproduzido nos s0100eus alto-falantes. Se clicar noutro bloco, deixar\u00e1 de estar registado no grupo de conversa\u00e7\u00e3o anterior e ser\u00e1 registado para ouvir o grupo de conversa\u00e7\u00e3o correspondente ao novo bloco em que clicou.<\/span><\/p>\n<p><span style=\"font-family: arial, helvetica, sans-serif; font-size: 20px;\"><strong>Novas caracter\u00edsticas<\/strong><\/span><\/p>\n<p><span style=\"font-family: arial, helvetica, sans-serif;\">Ao usar o novo Hoseline, notar\u00e1 esses novos recursos incr\u00edveis dispon\u00edveis apenas na rede DMR da Brandmeister:<\/span><\/p>\n<p>&nbsp;<\/p>\n<p><span style=\"font-family: arial, helvetica, sans-serif; font-size: 20px;\"><strong>Melhor qualidade de \u00e1udio<\/strong><\/span><\/p>\n<p><span style=\"font-family: arial, helvetica, sans-serif;\">Os desenvolvedores do BM est\u00e3o trazendo uma qualidade de \u00e1udio impressionante e incompar\u00e1vel. N\u00e3o vai acreditar no que est\u00e1 ouvindo!<\/span><\/p>\n<p>&nbsp;<\/p>\n<p><span style=\"font-family: arial, helvetica, sans-serif; font-size: 20px;\"><strong>Medidor Vu em tempo real<\/strong><\/span><\/p>\n<p><span style=\"font-family: arial, helvetica, sans-serif;\">Um novo medidor VU foi adicionado dentro do player, logo abaixo do(s) n\u00famero(s) do grupo de conversa\u00e7\u00e3o. Ele mede o \u00e1udio antes do AGC. Isso \u00e9 feito dentro da plataforma BrandMeister e relatado independentemente do \u00e1udio fornecido. O c\u00f3digo de cores \u00e9 o seguinte:<\/span><\/p>\n<p><span style=\"font-family: arial, helvetica, sans-serif;\">&#8211; Amarelo: menos de -20 dBm<\/span><\/p>\n<p><span style=\"font-family: arial, helvetica, sans-serif;\">&#8211; Verde: entre -20dBm e -3dBm<\/span><\/p>\n<p><span style=\"font-family: arial, helvetica, sans-serif;\">&#8211; Vermelho: acima de -3dBm<\/span><\/p>\n<p>&nbsp;<\/p>\n<p><span style=\"font-family: arial, helvetica, sans-serif; font-size: 20px;\"><strong>Suporte para v\u00e1rios navegadores<\/strong><\/span><\/p>\n<p><span style=\"font-family: arial, helvetica, sans-serif;\">A maioria dos navegadores modernos \u00e9 compat\u00edvel. Quer goste do Chrome, Firefox ou Safari, o novo Hoseline funcionar\u00e1 em desktops ou dispositivos m\u00f3veis!<\/span><\/p>\n<p>&nbsp;<\/p>\n<p><span style=\"font-family: arial, helvetica, sans-serif; font-size: 20px;\"><strong>Normaliza\u00e7\u00e3o de volume<\/strong><\/span><\/p>\n<p><span style=\"font-family: arial, helvetica, sans-serif;\">Est\u00e1 cansado de aumentar ou diminuir o volume porque as pessoas est\u00e3o chegando mais alto ou mais baixo do que outras? N\u00f3s tamb\u00e9m, e agora o volume no Hoseline \u00e9 normalizado automaticamente. O \u00e1udio de todos est\u00e1 no mesmo n\u00edvel!<\/span><\/p>\n<p><span style=\"font-family: arial, helvetica, sans-serif; font-size: 20px;\"><strong>Reconex\u00e3o autom\u00e1tica<\/strong><\/span><\/p>\n<p><span style=\"font-family: arial, helvetica, sans-serif;\">Est\u00e1 a ter problemas de conex\u00e3o com a Internet? N\u00e3o tem problema, Hoseline ir\u00e1 reconect\u00e1-lo perfeitamente assim que sua conex\u00e3o com a Internet for restaurada.<\/span><\/p>\n<p>&nbsp;<\/p>\n<p><span style=\"font-family: arial, helvetica, sans-serif; font-size: 20px;\"><strong>Reprodu\u00e7\u00e3o instant\u00e2nea ao se inscrever e cancelar<\/strong><\/span><\/p>\n<p><span style=\"font-family: arial, helvetica, sans-serif;\">Se clicar num bloco de grupo de conversa\u00e7\u00e3o ou adicionar um grupo de conversa\u00e7\u00e3o no player onde h\u00e1 tr\u00e1fego atual, o \u00e1udio ser\u00e1 reproduzido instantaneamente. N\u00e3o precisar\u00e1 esperar pela pr\u00f3xima transmiss\u00e3o. Da mesma forma, se estiver inscrito em v\u00e1rios grupos de conversa\u00e7\u00e3o e dois deles se tornarem ativos ao mesmo tempo, ouvir\u00e1 o \u00e1udio do grupo que iniciou a transmiss\u00e3o primeiro. Se decidir cancelar o registo desse grupo de conversa\u00e7\u00e3o enquanto o seu \u00e1udio estiver sendo reproduzido, o \u00e1udio do segundo grupo de conversa\u00e7\u00e3o come\u00e7ar\u00e1 imediatamente, sem esperar pela pr\u00f3xima transmiss\u00e3o. \u00c9 t\u00e3o r\u00e1pido!<\/span><\/p>\n<p>&nbsp;<\/p>\n<p><span style=\"font-family: arial, helvetica, sans-serif; font-size: 20px;\"><strong>Lista de inscri\u00e7\u00f5es salva automaticamente<\/strong><\/span><\/p>\n<p><span style=\"font-family: arial, helvetica, sans-serif;\">Fechou o navegador ou o Windows reiniciou o computador sem perguntar? Sem problemas, a sua lista de assinaturas de grupos de conversa\u00e7\u00e3o est\u00e1 salva e estar\u00e1 no player quando voc\u00ea voltar para a nova p\u00e1gina do hoseline. Basta clicar em reproduzir e estar\u00e1 de volta onde estava!<\/span><\/p>\n<p>&nbsp;<\/p>\n<p><span style=\"font-family: arial, helvetica, sans-serif;\">Esperamos que goste desta nova vers\u00e3o do Hoseline. Embora atualmente esteja hospedado em um URL separado, ele se tornou parte da nova vers\u00e3o do Brandmeister DMR Dashboard quando for lan\u00e7ado. Se tiver d\u00favidas ou coment\u00e1rios, entre em contato connosco no Telegram.<\/span><\/p>\n<p>&nbsp;<\/p>\n<p style=\"text-align: center;\"><img fetchpriority=\"high\" decoding=\"async\" class=\"size-large wp-image-4355 aligncenter\" src=\"https:\/\/dmr-portugal.org\/wp-content\/uploads\/2025\/07\/hoseline-2-1024x467.png\" alt=\"\" width=\"1024\" height=\"467\" srcset=\"https:\/\/dmr-portugal.org\/wp-content\/uploads\/2025\/07\/hoseline-2-1024x467.png 1024w, https:\/\/dmr-portugal.org\/wp-content\/uploads\/2025\/07\/hoseline-2-300x137.png 300w, https:\/\/dmr-portugal.org\/wp-content\/uploads\/2025\/07\/hoseline-2-768x350.png 768w, https:\/\/dmr-portugal.org\/wp-content\/uploads\/2025\/07\/hoseline-2-150x68.png 150w, https:\/\/dmr-portugal.org\/wp-content\/uploads\/2025\/07\/hoseline-2.png 1198w\" sizes=\"(max-width: 1024px) 100vw, 1024px\" \/><\/p>\n<p>&nbsp;<\/p>\n<hr \/>\n<p>&nbsp;<\/p>\n","protected":false},"excerpt":{"rendered":"<p>&nbsp; &nbsp; Novo interface A p\u00e1gina inicial do Hoseline mostra uma lista de \u201cblocos\u201d. Cada bloco representa um grupo de conversa\u00e7\u00e3o, junto com as informa\u00e7\u00f5es atuais ou da \u00faltima transmiss\u00e3o. Novos blocos aparecer\u00e3o \u00e0 medida que o tr\u00e1fego surgir. Se voc\u00ea deseja ouvir um grupo de conversa\u00e7\u00e3o, basta clicar no \u2026 <a class=\"continue-reading-link\" href=\"https:\/\/dmr-portugal.org\/?page_id=2997\"> Continua&#8230; <span class=\"meta-nav\">&rarr; <\/span><\/a><\/p>\n","protected":false},"author":1,"featured_media":0,"parent":132,"menu_order":100,"comment_status":"closed","ping_status":"closed","template":"","meta":{"footnotes":""},"class_list":["post-2997","page","type-page","status-publish","hentry"],"_links":{"self":[{"href":"https:\/\/dmr-portugal.org\/index.php?rest_route=\/wp\/v2\/pages\/2997","targetHints":{"allow":["GET"]}}],"collection":[{"href":"https:\/\/dmr-portugal.org\/index.php?rest_route=\/wp\/v2\/pages"}],"about":[{"href":"https:\/\/dmr-portugal.org\/index.php?rest_route=\/wp\/v2\/types\/page"}],"author":[{"embeddable":true,"href":"https:\/\/dmr-portugal.org\/index.php?rest_route=\/wp\/v2\/users\/1"}],"replies":[{"embeddable":true,"href":"https:\/\/dmr-portugal.org\/index.php?rest_route=%2Fwp%2Fv2%2Fcomments&post=2997"}],"version-history":[{"count":4,"href":"https:\/\/dmr-portugal.org\/index.php?rest_route=\/wp\/v2\/pages\/2997\/revisions"}],"predecessor-version":[{"id":4356,"href":"https:\/\/dmr-portugal.org\/index.php?rest_route=\/wp\/v2\/pages\/2997\/revisions\/4356"}],"up":[{"embeddable":true,"href":"https:\/\/dmr-portugal.org\/index.php?rest_route=\/wp\/v2\/pages\/132"}],"wp:attachment":[{"href":"https:\/\/dmr-portugal.org\/index.php?rest_route=%2Fwp%2Fv2%2Fmedia&parent=2997"}],"curies":[{"name":"wp","href":"https:\/\/api.w.org\/{rel}","templated":true}]}}