{"id":2939,"date":"2021-09-07T21:22:07","date_gmt":"2021-09-07T20:22:07","guid":{"rendered":"https:\/\/dmr-portugal.org\/?page_id=2939"},"modified":"2021-09-07T21:40:13","modified_gmt":"2021-09-07T20:40:13","slug":"net-ct-como-nasceu","status":"publish","type":"page","link":"https:\/\/dmr-portugal.org\/?page_id=2939","title":{"rendered":"Net CT &#8211; como nasceu"},"content":{"rendered":"<p>&nbsp;<\/p>\n<table style=\"border-collapse: collapse; width: 100%; height: 423px;\">\n<tbody>\n<tr style=\"border-style: none;\">\n<td style=\"width: 104.872%; height: 423px;\"><a href=\"https:\/\/dmr-portugal.org\/?attachment_id=2940\" rel=\"attachment wp-att-2940\"><img fetchpriority=\"high\" decoding=\"async\" class=\"wp-image-2940 aligncenter\" src=\"https:\/\/dmr-portugal.org\/wp-content\/uploads\/2021\/09\/mapa-portugal-DMR-b.png\" alt=\"\" width=\"576\" height=\"403\" srcset=\"https:\/\/dmr-portugal.org\/wp-content\/uploads\/2021\/09\/mapa-portugal-DMR-b.png 977w, https:\/\/dmr-portugal.org\/wp-content\/uploads\/2021\/09\/mapa-portugal-DMR-b-300x210.png 300w, https:\/\/dmr-portugal.org\/wp-content\/uploads\/2021\/09\/mapa-portugal-DMR-b-768x538.png 768w, https:\/\/dmr-portugal.org\/wp-content\/uploads\/2021\/09\/mapa-portugal-DMR-b-150x105.png 150w\" sizes=\"(max-width: 576px) 100vw, 576px\" \/><\/a><\/td>\n<td style=\"width: 1.02564%; background-color: #756161; height: 403px;\">\n<p style=\"text-align: left;\"><span style=\"font-family: verdana, geneva, sans-serif; color: #ffffff;\"><span style=\"font-size: 24px;\">DMR BrandMeister Portugal<\/span><\/span><\/p>\n<p><span style=\"font-family: verdana, geneva, sans-serif;\"><span style=\"color: #ffff00;\">SITE OFICIAL<\/span><br \/>\n<span style=\"color: #ffffff;\"><a style=\"color: #ffffff;\" href=\"https:\/\/dmr-portugal.org\/\" target=\"_blank\" rel=\"noopener\">https:\/\/dmr-portugal.org\/<\/a><\/span><\/span><\/p>\n<p><span style=\"font-family: verdana, geneva, sans-serif;\"><span style=\"color: #ffff00;\">FACEBOOK<\/span><br \/>\n<span style=\"color: #ffffff;\"><a style=\"color: #ffffff;\" href=\"https:\/\/www.facebook.com\/groups\/DMR.Portugal\" target=\"_blank\" rel=\"noopener\">https:\/\/www.facebook.com\/groups\/DMR.Portugal<\/a><\/span><\/span><\/p>\n<p><span style=\"font-family: verdana, geneva, sans-serif;\"><span style=\"color: #ffff00;\">DASHBOARD BrandMeister Portugal<\/span><br \/>\n<span style=\"color: #ffffff;\"><a style=\"color: #ffffff;\" href=\"https:\/\/dmr-portugal.org\/bm268\/bm2682\/\" target=\"_blank\" rel=\"noopener\">https:\/\/dmr-portugal.org\/bm268\/bm2682\/<\/a><\/span><\/span><\/p>\n<p><span style=\"font-family: verdana, geneva, sans-serif;\"><span style=\"color: #ffff00;\">WIKI BrandMeister Portugal<\/span><br \/>\n<span style=\"color: #ffffff;\"><a style=\"color: #ffffff;\" href=\"https:\/\/wiki.brandmeister.network\/index.php\/Portugal\" target=\"_blank\" rel=\"noopener\">https:\/\/wiki.brandmeister.network\/index.php\/Portugal<\/a><\/span><\/span><\/p>\n<p><span style=\"font-family: verdana, geneva, sans-serif;\"><span style=\"color: #ffff00;\">Contacto<\/span><br \/>\n<span style=\"color: #ffffff;\">team.dmr.pt@gmail.com<\/span><\/span><\/p>\n<p><span style=\"font-family: verdana, geneva, sans-serif; color: #ffff00;\">Suporte TELEGRAM<\/span><br \/>\n<span style=\"font-family: verdana, geneva, sans-serif; color: #ffffff;\"><a style=\"color: #ffffff;\" href=\"https:\/\/t.me\/Brandmeister_Suporte_PT\" target=\"_blank\" rel=\"noopener\">https:\/\/t.me\/Brandmeister_Suporte_PT<\/a><\/span><\/p>\n<p>&nbsp;<\/td>\n<\/tr>\n<\/tbody>\n<\/table>\n<p>&nbsp;<\/p>\n<p>&nbsp;<\/p>\n<p><span style=\"font-family: verdana, geneva, sans-serif; font-size: 20px;\">O IN\u00cdCIO&#8230;<\/span><\/p>\n<p><span style=\"font-family: verdana, geneva, sans-serif;\">A Rede DMR Brandmeister Portugal nasceu em Janeiro de 2016 ap\u00f3s uma tentativa feita em 2015 na rede DMR+ (DMRPlus actual IPCS2) com um esp\u00edrito de divulga\u00e7\u00e3o de conhecimentos e ajuda entre os utilizadores. Tem as suas regras a n\u00edvel mundial, mas \u00e9 de uso\u00a0 democr\u00e1tico, os utilizadores s\u00f3 tem que ter em mente que sendo uma rede inform\u00e1tica algo que possamos fazer poder\u00e1 prejudicar terceiros, n\u00e3o sendo no entanto essa a nossa inten\u00e7\u00e3o, os utilizadores e sysops de repetidores conseguem definir o seu uso com uma grande autonomia e liberdade.<\/span><\/p>\n<p>&nbsp;<\/p>\n<p><span style=\"font-family: verdana, geneva, sans-serif;\">Ocorre um encontro MUNDIAL aos s\u00e1bados \u00e0s 16:00H UTC moderado\u00a0 por colegas que disp\u00f5em do seu tempo para permitir a participa\u00e7\u00e3o de radioamadores do mundo todo. N\u00e3o \u00e9 um encontro para QSO mas sim um encontro de integra\u00e7\u00e3o para divulgar conhecimentos e quest\u00f5es na rede.<\/span><\/p>\n<p>&nbsp;<\/p>\n<p><span style=\"font-family: verdana, geneva, sans-serif;\"><strong><em>Esta Net MUNDIAL, conhecida por WW deu-nos a ideia de fazer algo semelhante mas na nossa l\u00edngua e assim nasceu&#8230;<\/em><\/strong><\/span><\/p>\n<p>&nbsp;<\/p>\n<p><span style=\"font-size: 20px; font-family: verdana, geneva, sans-serif;\"><span style=\"color: #ff0000;\">NET CT<\/span>&#8230;. <em>COMO TUDO COME\u00c7OU<\/em><\/span><\/p>\n<p>&nbsp;<\/p>\n<p><span style=\"font-family: verdana, geneva, sans-serif;\">A rede DMR Brandmeister foi crescendo devagar e em Julho de 2017, inici\u00e1mos o nosso &#8216;WW&#8217; mas em portugu\u00eas.<\/span><\/p>\n<p>&nbsp;<\/p>\n<p><span style=\"font-family: verdana, geneva, sans-serif;\"><em>Objectivo:<\/em><br \/>\nVerifica\u00e7\u00e3o da rede, trocas de conhecimentos, duvidas dos utilizadores e novidades, e assim nasceu o Net CT, um caminho sem volta.<\/span><\/p>\n<p>&nbsp;<\/p>\n<p><span style=\"font-family: verdana, geneva, sans-serif;\">A Net CT tem tido ajustes constantes sempre visando melhorias e atendimento a sugest\u00f5es dos colegas, mas o seu objectivo prim\u00e1rio, isto em 2017, caiu por terra a falta de intera\u00e7\u00e3o entre os utilizadores e a modera\u00e7\u00e3o\/suporte tem levado muitos a pensarem que a Net CT n\u00e3o \u00e9 mais que um local onde se d\u00e1 o indicativo para aparecer numa lista publicada em v\u00e1rios locais.<\/span><\/p>\n<p>&nbsp;<\/p>\n<p><span style=\"font-family: verdana, geneva, sans-serif;\">No atual contexto resolvemos uma vez mais criar novo modelo em que iremos passar informa\u00e7\u00f5es que \u00e0 voz digital diga respeito e iremos mudar de TG de apresenta\u00e7\u00e3o, permitindo assim que outros colegas de outros modos possam estar presentes na net sem altera\u00e7\u00f5es de modulo, esta mudan\u00e7a numa fase de ensaio ir\u00e1 ser quinzenal entre o TG 915 e o TG 268912 (DSTAR), se houver apoio pelo lado dos utilizadores pretendemos incluir o Fusion neste novo modelo.<\/span><\/p>\n<p>&nbsp;<\/p>\n<p><span style=\"font-family: verdana, geneva, sans-serif;\">\u00c9 esta a vossa net, contamos com todos para que possa fazer sentido a sua manuten\u00e7\u00e3o e o tempo por n\u00f3s empregue.<\/span><\/p>\n<p>&nbsp;<\/p>\n<p><strong><span style=\"font-family: verdana, geneva, sans-serif;\">At\u00e9 \u00e0 pr\u00f3xima net<\/span><\/strong><\/p>\n<p>&nbsp;<\/p>\n<hr \/>\n<p>&nbsp;<\/p>\n<p>&nbsp;<\/p>\n","protected":false},"excerpt":{"rendered":"<p>&nbsp; DMR BrandMeister Portugal SITE OFICIAL https:\/\/dmr-portugal.org\/ FACEBOOK https:\/\/www.facebook.com\/groups\/DMR.Portugal DASHBOARD BrandMeister Portugal https:\/\/dmr-portugal.org\/bm268\/bm2682\/ WIKI BrandMeister Portugal https:\/\/wiki.brandmeister.network\/index.php\/Portugal Contacto team.dmr.pt@gmail.com Suporte TELEGRAM https:\/\/t.me\/Brandmeister_Suporte_PT &nbsp; &nbsp; &nbsp; O IN\u00cdCIO&#8230; A Rede DMR Brandmeister Portugal nasceu em Janeiro de 2016 ap\u00f3s uma tentativa feita em 2015 na rede DMR+ (DMRPlus actual IPCS2) com \u2026 <a class=\"continue-reading-link\" href=\"https:\/\/dmr-portugal.org\/?page_id=2939\"> Continua&#8230; <span class=\"meta-nav\">&rarr; <\/span><\/a><\/p>\n","protected":false},"author":1,"featured_media":0,"parent":132,"menu_order":4,"comment_status":"closed","ping_status":"closed","template":"","meta":{"footnotes":""},"class_list":["post-2939","page","type-page","status-publish","hentry"],"_links":{"self":[{"href":"https:\/\/dmr-portugal.org\/index.php?rest_route=\/wp\/v2\/pages\/2939","targetHints":{"allow":["GET"]}}],"collection":[{"href":"https:\/\/dmr-portugal.org\/index.php?rest_route=\/wp\/v2\/pages"}],"about":[{"href":"https:\/\/dmr-portugal.org\/index.php?rest_route=\/wp\/v2\/types\/page"}],"author":[{"embeddable":true,"href":"https:\/\/dmr-portugal.org\/index.php?rest_route=\/wp\/v2\/users\/1"}],"replies":[{"embeddable":true,"href":"https:\/\/dmr-portugal.org\/index.php?rest_route=%2Fwp%2Fv2%2Fcomments&post=2939"}],"version-history":[{"count":0,"href":"https:\/\/dmr-portugal.org\/index.php?rest_route=\/wp\/v2\/pages\/2939\/revisions"}],"up":[{"embeddable":true,"href":"https:\/\/dmr-portugal.org\/index.php?rest_route=\/wp\/v2\/pages\/132"}],"wp:attachment":[{"href":"https:\/\/dmr-portugal.org\/index.php?rest_route=%2Fwp%2Fv2%2Fmedia&parent=2939"}],"curies":[{"name":"wp","href":"https:\/\/api.w.org\/{rel}","templated":true}]}}