{"id":263,"date":"2015-11-26T22:18:47","date_gmt":"2015-11-26T22:18:47","guid":{"rendered":"https:\/\/dmr-portugal.org\/?page_id=263"},"modified":"2022-10-09T16:21:08","modified_gmt":"2022-10-09T15:21:08","slug":"duvidas-nas-frequencias-a-configurar-nos-hotspots","status":"publish","type":"page","link":"https:\/\/dmr-portugal.org\/?page_id=263","title":{"rendered":"D\u00favidas nas frequ\u00eancias a configurar nos Hotspots"},"content":{"rendered":"<h2><span style=\"font-family: arial,helvetica,sans-serif;\">D\u00favidas nas frequ\u00eancias a configurar nos Hotspots, DSTAR DMR ou Fusion em Digital<\/span><\/h2>\n<p>&nbsp;<\/p>\n<p><span style=\"font-family: arial,helvetica,sans-serif;\">Este assunto tem solicitado quest\u00f5es que espero explicar agora. Os hotpots particulares com uma pot\u00eancia efectiva de 10mW s\u00e3o aos olhos da lei ilegais. Por mais raz\u00f5es que sejam apresentadas como o facto da pouca pot\u00eancia ou at\u00e9 mesmo o s\u00f3 responder ao ID do seu propriet\u00e1rio, n\u00e3o s\u00e3o por forma alguma justifica\u00e7\u00e3o pela a ANACOM.<br \/>\nAssim, e desde o primeiro codeplug por n\u00f3s distribu\u00eddo, que se aponta a frequ\u00eancia a usar como sendo os 433.450MHz, segundo a tabela da IARU para a regi\u00e3o 1, \u00e9 a frequ\u00eancia a usar em modo simplex. Ora um hotspot n\u00e3o \u00e9 mais que uma liga\u00e7\u00e3o em simplex.<br \/>\nSobra ainda a possibilidade de o tornarmos exclusivo ao nosso ID, para isso o campo &#8220;SelfOnly&#8221; na entrada [DMR] no ficheiro MMDVM.ini deve conter em vez de <strong>0 <\/strong>um <strong>1<\/strong>.<br \/>\n<\/span><span style=\"font-family: arial,helvetica,sans-serif;\">Por \u00faltimo, limitem o mais poss\u00edvel a radia\u00e7\u00e3o do hotspot, <strong>nunca usando<\/strong> antena externa e se poss\u00edvel em vez das costumeiras &#8220;rubber ducky&#8221; por uma carga fict\u00edcia.<\/span><br \/>\n<span style=\"font-family: arial,helvetica,sans-serif;\">O uso de uma \u00fanica frequ\u00eancia nos hotspots, a sua perfeita configura\u00e7\u00e3o de modo &#8220;privado&#8221;, permite que o emprego da frequ\u00eancia de 433.450 possa tamb\u00e9m ela ser usada em modo directo, ali\u00e1s isto j\u00e1 foi feito nas v\u00e1rias feiras nacionais. Com um canal podem ter dois usos, o desubscrever um TG est\u00e1tico (aguardando 10 min para o desligar) e o modo directo.<\/span><\/p>\n<p>&nbsp;<\/p>\n<p>&nbsp;<\/p>\n<p style=\"text-align: center;\"><span style=\"font-size: 20px;\"><strong><span style=\"font-family: arial,helvetica,sans-serif;\">Esta informa\u00e7\u00e3o s\u00f3 \u00e9 aplic\u00e1vel a LSF&#8217;s (links simplex autorizados)<\/span><\/strong><\/span><\/p>\n<p>Tem surgido d\u00favidas quanto \u00e0 frequ\u00eancia a atribuir aos hotspots digitais, com a colabora\u00e7\u00e3o do colega Carlos Nora &#8211; CT1END segundo recolha de informa\u00e7\u00e3o feita na ANACOM as frequ\u00eancias s\u00e3o as seguintes:<\/p>\n<p>&nbsp;<\/p>\n<p><a href=\"https:\/\/dmr-portugal.org\/wp-content\/uploads\/2015\/11\/mapa-Anacom.png\"><img fetchpriority=\"high\" decoding=\"async\" class=\"alignright wp-image-264\" src=\"https:\/\/dmr-portugal.org\/wp-content\/uploads\/2015\/11\/mapa-Anacom-e1448573654369.png\" alt=\"mapa Anacom\" width=\"475\" height=\"680\" \/><\/a><\/p>\n<p>&nbsp;<\/p>\n<p>&nbsp;<\/p>\n<p>&nbsp;<\/p>\n<p style=\"padding-left: 30px;\"><strong><span style=\"font-family: arial,helvetica,sans-serif;\">CANAL\u00a0\u00a0\u00a0\u00a0\u00a0\u00a0 Frequ\u00eancia\u00a0\u00a0\u00a0\u00a0\u00a0 Grupo<\/span><\/strong><br \/>\n<span style=\"font-family: arial,helvetica,sans-serif;\">U148\u00a0\u00a0\u00a0\u00a0\u00a0\u00a0\u00a0\u00a0\u00a0\u00a0\u00a0 431.8500\u00a0\u00a0\u00a0\u00a0\u00a0\u00a0\u00a0\u00a0\u00a0\u00a0\u00a0 X<\/span><br \/>\n<span style=\"font-family: arial,helvetica,sans-serif;\">U149\u00a0\u00a0\u00a0\u00a0\u00a0\u00a0\u00a0\u00a0\u00a0\u00a0\u00a0 431.8625\u00a0\u00a0\u00a0\u00a0\u00a0\u00a0\u00a0\u00a0\u00a0\u00a0\u00a0 Y<\/span><br \/>\n<span style=\"font-family: arial,helvetica,sans-serif;\">U150\u00a0\u00a0\u00a0\u00a0\u00a0\u00a0\u00a0\u00a0\u00a0\u00a0\u00a0 431.8750\u00a0\u00a0\u00a0\u00a0\u00a0\u00a0\u00a0\u00a0\u00a0\u00a0\u00a0 Z<\/span><br \/>\n<span style=\"font-family: arial,helvetica,sans-serif;\">U151\u00a0\u00a0\u00a0\u00a0\u00a0\u00a0\u00a0\u00a0\u00a0\u00a0\u00a0 431.8875\u00a0\u00a0\u00a0\u00a0\u00a0\u00a0\u00a0\u00a0\u00a0\u00a0\u00a0 X<\/span><br \/>\n<span style=\"font-family: arial,helvetica,sans-serif;\">U152\u00a0\u00a0\u00a0\u00a0\u00a0\u00a0\u00a0\u00a0\u00a0\u00a0\u00a0 431.9000\u00a0\u00a0\u00a0\u00a0\u00a0\u00a0\u00a0\u00a0\u00a0\u00a0\u00a0 Y<\/span><br \/>\n<span style=\"font-family: arial,helvetica,sans-serif;\">U153\u00a0\u00a0\u00a0\u00a0\u00a0\u00a0\u00a0\u00a0\u00a0\u00a0\u00a0 431.9125\u00a0\u00a0\u00a0\u00a0\u00a0\u00a0\u00a0\u00a0\u00a0\u00a0\u00a0 Z<\/span><br \/>\n<span style=\"font-family: arial,helvetica,sans-serif;\">U154\u00a0\u00a0\u00a0\u00a0\u00a0\u00a0\u00a0\u00a0\u00a0\u00a0\u00a0 431.9250\u00a0\u00a0\u00a0\u00a0\u00a0\u00a0\u00a0\u00a0\u00a0\u00a0\u00a0 X<\/span><br \/>\n<span style=\"font-family: arial,helvetica,sans-serif;\">U155\u00a0\u00a0\u00a0\u00a0\u00a0\u00a0\u00a0\u00a0\u00a0\u00a0\u00a0 431.9375\u00a0\u00a0\u00a0\u00a0\u00a0\u00a0\u00a0\u00a0\u00a0\u00a0\u00a0 Z<\/span><\/p>\n<p><span style=\"font-family: arial,helvetica,sans-serif; font-size: 12pt;\">Assim, e para a minha localiza\u00e7\u00e3o poderei escolher qualquer uma das c\u00e9lulas <strong>X<\/strong> o que significa, <\/span><\/p>\n<p><span style=\"font-family: arial,helvetica,sans-serif; font-size: 12pt;\">canal <strong>U148<\/strong>, <strong>U151<\/strong> ou <strong>U154<\/strong><\/span><\/p>\n<p>&nbsp;<\/p>\n<p>&nbsp;<\/p>\n<p>&nbsp;<\/p>\n<p>&nbsp;<\/p>\n<p>&nbsp;<\/p>\n<p style=\"text-align: center;\"><strong><span style=\"font-family: arial, helvetica, sans-serif; font-size: 24px;\">Frequ\u00eancias para uso em Simples<\/span><\/strong><\/p>\n<p>&nbsp;<\/p>\n<p>&nbsp;<\/p>\n<p style=\"text-align: center;\"><span style=\"font-family: arial, helvetica, sans-serif;\">Chamada <\/span><br \/>\n<span style=\"font-family: arial, helvetica, sans-serif;\">145.3750 TG9 S2 CC1<\/span><br \/>\n<span style=\"font-family: arial, helvetica, sans-serif;\">433.4500 TG9 S2 CC1<\/span><\/p>\n<p style=\"text-align: center;\"><span style=\"font-family: arial, helvetica, sans-serif;\">Chamada Dual Slot<\/span><br \/>\n<span style=\"font-family: arial, helvetica, sans-serif;\">144.8375 TG9 DS CC1<\/span><br \/>\n<span style=\"font-family: arial, helvetica, sans-serif;\">433.4500 TG9 DS CC1<\/span><\/p>\n<p style=\"text-align: center;\"><span style=\"font-family: arial, helvetica, sans-serif;\">Ap\u00f3s chamada, passar para os canais prim\u00e1rios<\/span><br \/>\n<span style=\"font-family: arial, helvetica, sans-serif;\">144.7000 TG9 S2 CC1<\/span><br \/>\n<span style=\"font-family: arial, helvetica, sans-serif;\">433.7000 TG9 S2 CC1<\/span><\/p>\n<p style=\"text-align: center;\"><span style=\"font-family: arial, helvetica, sans-serif;\">Canais secund\u00e1rios, caso os acima estejam ocupados<\/span><br \/>\n<span style=\"font-family: arial, helvetica, sans-serif;\">144.7250 TG9 S2 CC1<\/span><br \/>\n<span style=\"font-family: arial, helvetica, sans-serif;\">433.7250 TG9 S2 CC1<\/span><\/p>\n<p>&nbsp;<\/p>\n<p>&nbsp;<\/p>\n","protected":false},"excerpt":{"rendered":"<p>D\u00favidas nas frequ\u00eancias a configurar nos Hotspots, DSTAR DMR ou Fusion em Digital &nbsp; Este assunto tem solicitado quest\u00f5es que espero explicar agora. Os hotpots particulares com uma pot\u00eancia efectiva de 10mW s\u00e3o aos olhos da lei ilegais. Por mais raz\u00f5es que sejam apresentadas como o facto da pouca pot\u00eancia \u2026 <a class=\"continue-reading-link\" href=\"https:\/\/dmr-portugal.org\/?page_id=263\"> Continua&#8230; <span class=\"meta-nav\">&rarr; <\/span><\/a><\/p>\n","protected":false},"author":1,"featured_media":0,"parent":492,"menu_order":1,"comment_status":"closed","ping_status":"closed","template":"","meta":{"footnotes":""},"class_list":["post-263","page","type-page","status-publish","hentry"],"_links":{"self":[{"href":"https:\/\/dmr-portugal.org\/index.php?rest_route=\/wp\/v2\/pages\/263","targetHints":{"allow":["GET"]}}],"collection":[{"href":"https:\/\/dmr-portugal.org\/index.php?rest_route=\/wp\/v2\/pages"}],"about":[{"href":"https:\/\/dmr-portugal.org\/index.php?rest_route=\/wp\/v2\/types\/page"}],"author":[{"embeddable":true,"href":"https:\/\/dmr-portugal.org\/index.php?rest_route=\/wp\/v2\/users\/1"}],"replies":[{"embeddable":true,"href":"https:\/\/dmr-portugal.org\/index.php?rest_route=%2Fwp%2Fv2%2Fcomments&post=263"}],"version-history":[{"count":2,"href":"https:\/\/dmr-portugal.org\/index.php?rest_route=\/wp\/v2\/pages\/263\/revisions"}],"predecessor-version":[{"id":3080,"href":"https:\/\/dmr-portugal.org\/index.php?rest_route=\/wp\/v2\/pages\/263\/revisions\/3080"}],"up":[{"embeddable":true,"href":"https:\/\/dmr-portugal.org\/index.php?rest_route=\/wp\/v2\/pages\/492"}],"wp:attachment":[{"href":"https:\/\/dmr-portugal.org\/index.php?rest_route=%2Fwp%2Fv2%2Fmedia&parent=263"}],"curies":[{"name":"wp","href":"https:\/\/api.w.org\/{rel}","templated":true}]}}