{"id":2070,"date":"2018-09-13T12:54:38","date_gmt":"2018-09-13T11:54:38","guid":{"rendered":"https:\/\/dmr-portugal.org\/?page_id=2070"},"modified":"2018-11-23T15:52:35","modified_gmt":"2018-11-23T15:52:35","slug":"tytera-software","status":"publish","type":"page","link":"https:\/\/dmr-portugal.org\/?page_id=2070","title":{"rendered":"Tytera &#8211; Software"},"content":{"rendered":"<p>&nbsp;<\/p>\n<p style=\"text-align: center;\"><span style=\"font-family: arial, helvetica, sans-serif; font-size: 20px;\"><span style=\"text-decoration: underline;\"><strong><span style=\"font-size: 24px;\">\u00a0<\/span><\/strong><\/span><\/span><\/p>\n<p>&nbsp;<\/p>\n<p style=\"text-align: left;\"><span style=\"font-family: arial, helvetica, sans-serif;\">Certificado CE emitido \u00e0 Tyt Electronics. O mesmo garante que o produto &#8220;<strong>Travel Charger<\/strong>&#8221; fornecido por este fabricante cumpre as normas Europeias. <\/span><\/p>\n<p style=\"text-align: left;\"><span style=\"font-family: arial, helvetica, sans-serif;\">Este certificado n\u00e3o garante que o equipamento seja certificado, deve ser sempre feita a verifica\u00e7\u00e3o visual do selo CE que se encontra no espa\u00e7o reservado \u00e0 bateria. Vejam abaixo como diferenciar um equipamento certificado para a Europa.<\/span><\/p>\n<p><a href=\"https:\/\/dmr-portugal.org\/?attachment_id=2092\" rel=\"attachment wp-att-2092\"><img fetchpriority=\"high\" decoding=\"async\" class=\"size-full wp-image-2092 aligncenter\" src=\"https:\/\/dmr-portugal.org\/wp-content\/uploads\/2018\/09\/china-export.png\" alt=\"\" width=\"526\" height=\"225\" srcset=\"https:\/\/dmr-portugal.org\/wp-content\/uploads\/2018\/09\/china-export.png 526w, https:\/\/dmr-portugal.org\/wp-content\/uploads\/2018\/09\/china-export-300x128.png 300w, https:\/\/dmr-portugal.org\/wp-content\/uploads\/2018\/09\/china-export-150x64.png 150w\" sizes=\"(max-width: 526px) 100vw, 526px\" \/><\/a><\/p>\n<p style=\"text-align: center;\">\u00a0<a href=\"https:\/\/dmr-portugal.org\/?attachment_id=2090\" rel=\"attachment wp-att-2090\"><img decoding=\"async\" class=\"alignnone wp-image-2090\" src=\"https:\/\/dmr-portugal.org\/wp-content\/uploads\/2018\/09\/20160909102838.jpg\" alt=\"Tyt CE\" width=\"1020\" height=\"695\" srcset=\"https:\/\/dmr-portugal.org\/wp-content\/uploads\/2018\/09\/20160909102838.jpg 700w, https:\/\/dmr-portugal.org\/wp-content\/uploads\/2018\/09\/20160909102838-300x204.jpg 300w, https:\/\/dmr-portugal.org\/wp-content\/uploads\/2018\/09\/20160909102838-150x102.jpg 150w\" sizes=\"(max-width: 1020px) 100vw, 1020px\" \/><\/a><\/p>\n<p>&nbsp;<\/p>\n<p style=\"text-align: center;\"><span style=\"font-family: arial, helvetica, sans-serif; font-size: 20px;\">MD380<\/span><\/p>\n<p>&nbsp;<\/p>\n<table style=\"height: 366px;\">\n<tbody>\n<tr style=\"border-style: hidden;\">\n<td style=\"height: 24px; width: 1122.32px;\"><span style=\"font-family: arial, helvetica, sans-serif;\">TyteraFlashTool v1.04 &#8211; md380Tools (Portugu\u00eas)<\/span><\/td>\n<td style=\"text-align: right; height: 24px; width: 160.683px;\"><span style=\"font-size: 16px;\"><a href=\"https:\/\/github.com\/pjao\/md380tools-PT\/raw\/master\/TyteraFlashToolv1.04-PT.zip\" target=\"_blank\" rel=\"noopener\"><span style=\"font-family: arial, helvetica, sans-serif;\">FlashTool v1.04 PT<\/span><\/a><\/span><\/td>\n<\/tr>\n<tr style=\"border-style: hidden;\">\n<td style=\"height: 24px; width: 1122.32px;\"><span style=\"font-family: arial, helvetica, sans-serif;\">Firmware D13 com WX e StatusDisplay &#8211; Sem GPS &#8211; Descri\u00e7\u00e3o de fun\u00e7\u00f5es<\/span><\/td>\n<td style=\"text-align: right; height: 24px; width: 160.683px;\"><span style=\"font-size: 16px;\"><a href=\"https:\/\/dmr-portugal.org\/?p=1697\"><span style=\"font-family: arial, helvetica, sans-serif;\">Explica\u00e7\u00e3o<\/span><\/a><\/span><\/td>\n<\/tr>\n<tr style=\"border-style: hidden;\">\n<td style=\"height: 24px; width: 1122.32px;\"><span style=\"font-family: arial, helvetica, sans-serif;\">Manual simples de actualiza\u00e7\u00e3o &#8211; Firmware e contactos<\/span><\/td>\n<td style=\"text-align: right; height: 24px; width: 160.683px;\"><a href=\"https:\/\/www.dropbox.com\/s\/pyhxrsld8ek1h9n\/Manual%20basico%20de%20programa%C3%A7%C3%A3o.pdf?dl=0\"><span style=\"font-family: arial, helvetica, sans-serif;\">Manual<\/span><\/a><\/td>\n<\/tr>\n<tr style=\"border-style: hidden;\">\n<td style=\"height: 24px; width: 1122.32px;\"><span style=\"font-family: arial, helvetica, sans-serif;\">Programa para recuperar radio com password (ler o radio e depois escrever)<\/span><\/td>\n<td style=\"text-align: right; height: 24px; width: 160.683px;\"><a href=\"https:\/\/www.dropbox.com\/s\/oh3ft3hz3g67ay5\/MD380PassWordPass.rar?dl=0\"><span style=\"font-family: arial, helvetica, sans-serif;\">MD380PassWordPass<\/span><\/a><\/td>\n<\/tr>\n<tr style=\"border-style: hidden;\">\n<td style=\"height: 24px; width: 1122.32px;\"><\/td>\n<td style=\"height: 24px; width: 160.683px;\"><\/td>\n<\/tr>\n<tr style=\"border-style: hidden;\">\n<td style=\"height: 24px; width: 1122.32px;\"><\/td>\n<td style=\"height: 24px; width: 160.683px;\"><\/td>\n<\/tr>\n<tr style=\"border-style: hidden;\">\n<td style=\"height: 24px; width: 1122.32px;\"><\/td>\n<td style=\"text-align: right; height: 24px; width: 160.683px;\"><\/td>\n<\/tr>\n<tr style=\"border-style: hidden;\">\n<td style=\"height: 24px; width: 1122.32px;\"><span style=\"font-family: arial, helvetica, sans-serif;\">CPS Tytera MD-380<\/span><\/td>\n<td style=\"text-align: right; height: 24px; width: 160.683px;\"><a href=\"https:\/\/www.dropbox.com\/s\/u0yp6segr6rafbl\/MD-380-v130.exe.zip?dl=0\" target=\"_blank\" rel=\"noopener\"><span style=\"font-family: arial, helvetica, sans-serif;\">V1.30<\/span><\/a><\/td>\n<\/tr>\n<tr style=\"border-style: hidden;\">\n<td style=\"height: 24px; width: 1122.32px;\"><span style=\"font-family: arial, helvetica, sans-serif;\">Firmware Upgrade MD380-MD390 (sem chin\u00eas)<\/span><\/td>\n<td style=\"text-align: right; height: 24px; width: 160.683px;\"><a href=\"https:\/\/www.dropbox.com\/s\/pfsw961eys257y1\/MD380-MD390-Windows-Radio-Updater.zip?dl=0\" target=\"_blank\" rel=\"noopener\"><span style=\"font-family: arial, helvetica, sans-serif;\">NOVO Upgrade<\/span><\/a><\/td>\n<\/tr>\n<tr style=\"border-style: hidden;\">\n<td style=\"height: 24px; width: 1122.32px;\"><span style=\"font-family: arial, helvetica, sans-serif;\">Driver USB<\/span><\/td>\n<td style=\"text-align: right; height: 24px; width: 160.683px;\"><a href=\"https:\/\/www.dropbox.com\/s\/92a6jfwbo3evvme\/MD380%20USB%20driver%20only.rar?dl=0\" target=\"_blank\" rel=\"noopener\"><span style=\"font-family: arial, helvetica, sans-serif;\">Driver<\/span><\/a><\/td>\n<\/tr>\n<tr style=\"border-style: hidden;\">\n<td style=\"height: 24px; width: 1122.32px;\"><span style=\"font-family: arial, helvetica, sans-serif;\">Manual (ingl\u00eas)<\/span><\/td>\n<td style=\"text-align: right; height: 24px; width: 160.683px;\"><a href=\"https:\/\/www.dropbox.com\/s\/jp9xfhnsfgmt9ku\/md-380-manual.pdf?dl=0\" target=\"_blank\" rel=\"noopener\"><span style=\"font-family: arial, helvetica, sans-serif;\">Manual<\/span><\/a><\/td>\n<\/tr>\n<tr style=\"border-style: hidden;\">\n<td style=\"height: 54px; width: 1122.32px;\"><\/td>\n<td style=\"text-align: right; height: 54px; width: 160.683px;\"><\/td>\n<\/tr>\n<tr style=\"border-style: hidden;\">\n<td style=\"height: 48px; width: 1122.32px;\"><span style=\"font-family: arial, helvetica, sans-serif;\">CodePlug MD380\u00a0(<strong>updated 04\/03\/2018<\/strong>) &#8211;\u00a0Vers\u00e3o simplificada para o RT3 e MD380. Este codeplug poder\u00e1 ser usado como base para a personaliza\u00e7\u00e3o de cada colega. Actualizado os repetidores Anal\u00f3gicos e Digitais! (contributo CT1FZC)<\/span><\/td>\n<td style=\"text-align: right; height: 48px; width: 160.683px;\"><a href=\"https:\/\/www.dropbox.com\/s\/zutf96u3q8t59lz\/ct1fzc_web.rdt?dl=0\" target=\"_blank\" rel=\"noopener\"><span style=\"font-family: arial, helvetica, sans-serif;\">MD380-FZC-CP<\/span><\/a><\/td>\n<\/tr>\n<\/tbody>\n<\/table>\n<p>&nbsp;<\/p>\n<p style=\"text-align: center;\"><span style=\"font-size: 20px; font-family: arial, helvetica, sans-serif;\">MD2017 com GPS<\/span><\/p>\n<p>&nbsp;<\/p>\n<table style=\"border-style: hidden; height: 144px;\">\n<tbody>\n<tr style=\"border-style: hidden;\">\n<td style=\"width: 1064.35px; height: 24px;\"><span style=\"font-family: arial, helvetica, sans-serif;\">CPS MD2017<\/span><\/td>\n<td style=\"text-align: right; width: 218.65px; height: 24px;\"><a href=\"https:\/\/www.dropbox.com\/s\/o03gl21wkqnygq5\/CPS2017_117.rar?dl=0\" target=\"_blank\" rel=\"noopener\"><span style=\"font-family: arial, helvetica, sans-serif;\">CPS MD2017<\/span><\/a><\/td>\n<\/tr>\n<tr style=\"border-style: hidden;\">\n<td style=\"width: 1064.35px; height: 48px;\"><span style=\"font-family: arial, helvetica, sans-serif;\">CodePlug MD2017 &#8211; (contributo CT1JQJ) (<strong>updated 28\/02\/2018<\/strong>) Este \u00e9 o\u00a0ultimo codeplug produzido, n\u00e3o ir\u00e1 ser continuado ou actualizado. Este codeplug poder\u00e1 ser usado como base para a personaliza\u00e7\u00e3o de cada colega.<\/span><\/td>\n<td style=\"text-align: right; width: 218.65px; height: 48px;\"><a href=\"https:\/\/www.dropbox.com\/sh\/utb53v54wph7q8x\/AAD_QDQY6kJjuc3amoaMWvxva\/codeplug_rt82_ct1jqj.rdt?dl=1\" target=\"_blank\" rel=\"noopener\"><span style=\"font-family: arial, helvetica, sans-serif;\">Code MD2017<\/span><\/a><\/td>\n<\/tr>\n<tr style=\"border-style: hidden;\">\n<td style=\"width: 1064.35px; height: 24px;\"><span style=\"font-family: arial, helvetica, sans-serif;\">Firmware Update com firmware (leia primeiro o documento que o acompanha)<\/span><\/td>\n<td style=\"text-align: right; width: 218.65px; height: 24px;\"><a href=\"https:\/\/www.dropbox.com\/s\/fydd4njku3spi64\/RT82-updated-firmware.zip?dl=0\" target=\"_blank\" rel=\"noopener\"><span style=\"font-family: arial, helvetica, sans-serif;\">FW Update<\/span><\/a><\/td>\n<\/tr>\n<tr style=\"border-style: hidden;\">\n<td style=\"width: 1064.35px; height: 24px;\">Firmware Update 3.42 (22\/11)<\/td>\n<td style=\"text-align: right; width: 218.65px; height: 24px;\"><a href=\"https:\/\/www.dropbox.com\/s\/dn5phiruqp9i2cb\/RT82%20Firmware-Solve%20Short%20recording%20time%20problem-20171123.rar?dl=0\" target=\"_blank\" rel=\"noopener\"><span style=\"font-family: arial, helvetica, sans-serif;\">FW Update<\/span><\/a><\/td>\n<\/tr>\n<tr style=\"border-style: hidden;\">\n<td style=\"width: 1064.35px; height: 24px;\"><\/td>\n<td style=\"width: 218.65px; height: 24px;\"><\/td>\n<\/tr>\n<\/tbody>\n<\/table>\n<p>&nbsp;<\/p>\n<p style=\"text-align: center;\"><span style=\"font-family: arial, helvetica, sans-serif; font-size: 20px;\">MD9600<\/span><\/p>\n<p>&nbsp;<\/p>\n<table width=\"100%\">\n<tbody>\n<tr style=\"border-style: hidden;\">\n<td><span style=\"font-family: arial, helvetica, sans-serif;\">Tytera CPS 1.21<\/span><\/td>\n<td style=\"text-align: right;\"><a href=\"https:\/\/www.dropbox.com\/s\/nvlxpc917h47csr\/CPS-MD9600-Setup-v1.21.zip?dl=0\" target=\"_blank\" rel=\"noopener\"><span style=\"font-family: arial, helvetica, sans-serif;\">MD9600 v1.21<\/span><\/a><\/td>\n<\/tr>\n<tr style=\"border-style: hidden;\">\n<td><span style=\"font-family: arial, helvetica, sans-serif;\">Tytera MD-9600 &#8211; firmware 5.03<\/span><\/td>\n<td style=\"text-align: right;\"><a href=\"https:\/\/www.dropbox.com\/s\/jduyuuoafzzap2j\/MD9600-firmware-05-03.ZIP?dl=0\" target=\"_blank\" rel=\"noopener\"><span style=\"font-family: arial, helvetica, sans-serif;\">MD-9600 firmware 5.03<\/span><\/a><\/td>\n<\/tr>\n<\/tbody>\n<\/table>\n<p>&nbsp;<\/p>\n","protected":false},"excerpt":{"rendered":"<p>&nbsp; \u00a0 &nbsp; Certificado CE emitido \u00e0 Tyt Electronics. O mesmo garante que o produto &#8220;Travel Charger&#8221; fornecido por este fabricante cumpre as normas Europeias. Este certificado n\u00e3o garante que o equipamento seja certificado, deve ser sempre feita a verifica\u00e7\u00e3o visual do selo CE que se encontra no espa\u00e7o reservado \u2026 <a class=\"continue-reading-link\" href=\"https:\/\/dmr-portugal.org\/?page_id=2070\"> Continua&#8230; <span class=\"meta-nav\">&rarr; <\/span><\/a><\/p>\n","protected":false},"author":1,"featured_media":0,"parent":94,"menu_order":4,"comment_status":"closed","ping_status":"closed","template":"","meta":{"footnotes":""},"class_list":["post-2070","page","type-page","status-publish","hentry"],"_links":{"self":[{"href":"https:\/\/dmr-portugal.org\/index.php?rest_route=\/wp\/v2\/pages\/2070","targetHints":{"allow":["GET"]}}],"collection":[{"href":"https:\/\/dmr-portugal.org\/index.php?rest_route=\/wp\/v2\/pages"}],"about":[{"href":"https:\/\/dmr-portugal.org\/index.php?rest_route=\/wp\/v2\/types\/page"}],"author":[{"embeddable":true,"href":"https:\/\/dmr-portugal.org\/index.php?rest_route=\/wp\/v2\/users\/1"}],"replies":[{"embeddable":true,"href":"https:\/\/dmr-portugal.org\/index.php?rest_route=%2Fwp%2Fv2%2Fcomments&post=2070"}],"version-history":[{"count":0,"href":"https:\/\/dmr-portugal.org\/index.php?rest_route=\/wp\/v2\/pages\/2070\/revisions"}],"up":[{"embeddable":true,"href":"https:\/\/dmr-portugal.org\/index.php?rest_route=\/wp\/v2\/pages\/94"}],"wp:attachment":[{"href":"https:\/\/dmr-portugal.org\/index.php?rest_route=%2Fwp%2Fv2%2Fmedia&parent=2070"}],"curies":[{"name":"wp","href":"https:\/\/api.w.org\/{rel}","templated":true}]}}