{"id":2027,"date":"2018-09-12T21:11:41","date_gmt":"2018-09-12T20:11:41","guid":{"rendered":"https:\/\/dmr-portugal.org\/?page_id=2027"},"modified":"2019-05-08T21:15:15","modified_gmt":"2019-05-08T20:15:15","slug":"hytera","status":"publish","type":"page","link":"https:\/\/dmr-portugal.org\/?page_id=2027","title":{"rendered":"Hytera &#8211; Software"},"content":{"rendered":"<p>&nbsp;<\/p>\n<p style=\"text-align: center;\"><span style=\"font-family: arial, helvetica, sans-serif; font-size: 16px;\">CPS &#8211; software de gest\u00e3o do codeplug e firmware para alguns dos modelos em uso no nosso pa\u00eds. <\/span><\/p>\n<p style=\"text-align: center;\"><span style=\"font-family: arial, helvetica, sans-serif;\"><a href=\"https:\/\/www.dropbox.com\/sh\/je3in0heatdxmla\/AADrrJl8GeUBa3hphaW3SnEYa?dl=0\" target=\"_blank\" rel=\"noopener noreferrer\">Link para o software<\/a> (tem que verificar as vers\u00f5es)<\/span><\/p>\n<p style=\"text-align: center;\"><span style=\"text-decoration: underline;\"><span style=\"font-size: 20px;\"><strong><span style=\"font-family: arial, helvetica, sans-serif;\">PD3xx\/4xx<\/span><\/strong><\/span><\/span><\/p>\n<p>&nbsp;<\/p>\n<p><span style=\"font-family: arial, helvetica, sans-serif; font-size: 14px;\">Codeplug de inicia\u00e7\u00e3o, contributo de CT1ESJ Henrique \u00a0\u00a0 \u00a0\u00a0 \u00a0\u00a0 \u00a0\u00a0 \u00a0\u00a0 \u00a0\u00a0<\/span><a href=\"https:\/\/www.dropbox.com\/s\/29ajkgviu8zogfw\/pd365_codeplug.rcd?dl=0\" target=\"_blank\" rel=\"noopener noreferrer\"><span style=\"font-family: arial, helvetica, sans-serif; font-size: 12px;\">Codeplug<\/span><\/a><\/p>\n<p>&nbsp;<\/p>\n<p style=\"text-align: center;\"><span style=\"text-decoration: underline;\"><strong><span style=\"font-family: arial, helvetica, sans-serif; font-size: 20px;\">AR685G<\/span><\/strong><\/span><\/p>\n<p>&nbsp;<\/p>\n<div><\/div>\n<p><span style=\"font-family: arial, helvetica, sans-serif; font-size: 14px;\">Driver 32 bits &#8211; v5.30.42.0 (se necess\u00e1rio)<\/span> \u00a0 \u00a0 \u00a0 \u00a0 \u00a0 \u00a0 <a href=\"https:\/\/www.dropbox.com\/s\/7kypwt9nus43mwb\/dmr_sw_usb%20driver%20v5.30.42.0.zip?dl=0\" target=\"_blank\" rel=\"noopener noreferrer\"><span style=\"font-family: arial, helvetica, sans-serif; font-size: 12px;\">32bits<\/span><\/a><\/p>\n<p><span style=\"font-family: arial, helvetica, sans-serif; font-size: 14px;\">Driver 64 bits &#8211; v5.30.42.0.64 (se necess\u00e1rio) <\/span>\u00a0 \u00a0 \u00a0 \u00a0<a href=\"https:\/\/www.dropbox.com\/s\/u4uttlb2h6zfcbv\/DMR_SW_usb%20driver%20V5.30.42.0_64Bits.zip?dl=0\" target=\"_blank\" rel=\"noopener noreferrer\"><span style=\"font-family: arial, helvetica, sans-serif; font-size: 12px;\">64bits<\/span><\/a><span style=\"font-family: arial, helvetica, sans-serif; font-size: 12px;\">\u00a0<\/span><\/p>\n","protected":false},"excerpt":{"rendered":"<p>&nbsp; CPS &#8211; software de gest\u00e3o do codeplug e firmware para alguns dos modelos em uso no nosso pa\u00eds. Link para o software (tem que verificar as vers\u00f5es) PD3xx\/4xx &nbsp; Codeplug de inicia\u00e7\u00e3o, contributo de CT1ESJ Henrique \u00a0\u00a0 \u00a0\u00a0 \u00a0\u00a0 \u00a0\u00a0 \u00a0\u00a0 \u00a0\u00a0Codeplug &nbsp; AR685G &nbsp; Driver 32 bits &#8211; \u2026 <a class=\"continue-reading-link\" href=\"https:\/\/dmr-portugal.org\/?page_id=2027\"> Continua&#8230; <span class=\"meta-nav\">&rarr; <\/span><\/a><\/p>\n","protected":false},"author":1,"featured_media":2028,"parent":94,"menu_order":1,"comment_status":"closed","ping_status":"closed","template":"","meta":{"footnotes":""},"class_list":["post-2027","page","type-page","status-publish","has-post-thumbnail","hentry"],"_links":{"self":[{"href":"https:\/\/dmr-portugal.org\/index.php?rest_route=\/wp\/v2\/pages\/2027","targetHints":{"allow":["GET"]}}],"collection":[{"href":"https:\/\/dmr-portugal.org\/index.php?rest_route=\/wp\/v2\/pages"}],"about":[{"href":"https:\/\/dmr-portugal.org\/index.php?rest_route=\/wp\/v2\/types\/page"}],"author":[{"embeddable":true,"href":"https:\/\/dmr-portugal.org\/index.php?rest_route=\/wp\/v2\/users\/1"}],"replies":[{"embeddable":true,"href":"https:\/\/dmr-portugal.org\/index.php?rest_route=%2Fwp%2Fv2%2Fcomments&post=2027"}],"version-history":[{"count":0,"href":"https:\/\/dmr-portugal.org\/index.php?rest_route=\/wp\/v2\/pages\/2027\/revisions"}],"up":[{"embeddable":true,"href":"https:\/\/dmr-portugal.org\/index.php?rest_route=\/wp\/v2\/pages\/94"}],"wp:featuredmedia":[{"embeddable":true,"href":"https:\/\/dmr-portugal.org\/index.php?rest_route=\/wp\/v2\/media\/2028"}],"wp:attachment":[{"href":"https:\/\/dmr-portugal.org\/index.php?rest_route=%2Fwp%2Fv2%2Fmedia&parent=2027"}],"curies":[{"name":"wp","href":"https:\/\/api.w.org\/{rel}","templated":true}]}}