{"id":2,"date":"2015-09-21T13:37:32","date_gmt":"2015-09-21T13:37:32","guid":{"rendered":"http:\/\/ct1jib.com\/wordpress\/?page_id=2"},"modified":"2024-05-30T14:34:31","modified_gmt":"2024-05-30T13:34:31","slug":"pagina-exemplo","status":"publish","type":"page","link":"https:\/\/dmr-portugal.org\/?page_id=2","title":{"rendered":"Como inici\u00e1mos"},"content":{"rendered":"<p>&nbsp;<\/p>\n<h2><a href=\"https:\/\/dmr-portugal.org\/wp-content\/uploads\/2015\/09\/dmr-varios.jpg\"><img decoding=\"async\" class=\"wp-image-82 alignleft\" src=\"https:\/\/dmr-portugal.org\/wp-content\/uploads\/2015\/09\/dmr-varios.jpg\" alt=\"dmr-varios\" width=\"240\" height=\"161\" srcset=\"https:\/\/dmr-portugal.org\/wp-content\/uploads\/2015\/09\/dmr-varios.jpg 274w, https:\/\/dmr-portugal.org\/wp-content\/uploads\/2015\/09\/dmr-varios-150x101.jpg 150w\" sizes=\"(max-width: 240px) 100vw, 240px\" \/><\/a><span style=\"font-family: arial, helvetica, sans-serif; font-size: 16px;\">Somos um grupo de radioamadores apaixonados pelas novas tecnologias, o que levou ao nascimento da rede DSTAR em Portugal em 2008 e em 2015 ao DMR.<\/span><\/h2>\n<h2><span style=\"font-family: arial, helvetica, sans-serif; font-size: 16px;\">Isto n\u00e3o quer dizer que n\u00e3o existam outros modos ou que os modos anal\u00f3gicos estejam a ficar para tr\u00e1s, \u00e9 t\u00e3o somente uma nova forma de comunicar. O arranque do DMR em Portugal foi feito pela <em><strong><a href=\"http:\/\/www.arlc.pt\/\" target=\"_blank\" rel=\"noopener\">ARLC<\/a> <\/strong><\/em>em Mar\u00e7o de 2015 e foi este o &#8220;empurr\u00e3o&#8221; necess\u00e1rio para que novas ideias surgissem e, nasce-se assim este grupo de trabalho que se prop\u00f5e a colocar um segundo repetidor e regist\u00e1-lo na rede DMR+ (<em>DMRplus<\/em>), permitindo assim a interliga\u00e7\u00e3o nacional entre as redes DMR-MARC e DMR+. <\/span><\/h2>\n<p>&nbsp;<\/p>\n<p style=\"text-align: center;\"><span style=\"font-family: arial, helvetica, sans-serif; font-size: 20px;\"><strong>Mudan\u00e7a para a rede BrandMeister<\/strong> (Fev\/2016)<\/span><\/p>\n<h2><span style=\"font-family: arial, helvetica, sans-serif; font-size: 16px;\">Devido a diversos obst\u00e1culos colocados pelos desenvolvedores do DMR+ (atual IPCS2) que levaram \u00e0 separa\u00e7\u00e3o da DMR-MARC dos demais sistemas. A falta de compreens\u00e3o por parte deste grupo a estrutura &#8220;fechada&#8221; o n\u00e3o haver respostas para os novos desenvolvimentos e o aparecimento de um novo sistema, levaram a que este projecto tenha sido alterado para a rede\u00a0 BrandMeister. Este sistema permitir\u00e1 a integra\u00e7\u00e3o da rede DSTAR nacional bem como de outros pa\u00edses (Brasil, Espanha, It\u00e1lia, Alemanha, Holanda, Fran\u00e7a&#8230;) na rede DMR, permite tamb\u00e9m o acesso \u00e0 rede DMR nacional e internacional, alguns destes pa\u00edses com interliga\u00e7\u00e3o \u00e0 rede DMR-MARC do pr\u00f3prio. Em finais de 2016 permitiu a inclus\u00e3o da rede C4FM, atrav\u00e9s do uso de reflectores chamados YSF, e ainda a inclus\u00e3o do NXDN da ICOM chamado IDAS.<br \/>\nEm 2018 apareceu uma nova funcionalidade, a liga\u00e7\u00e3o a rede Wires-X, permitindo a HRi-200 do sistema C4FM ligar-se direta a um master BM. Em simultaneo tamb\u00e9m foi adicionada a inclus\u00e3o dos repetidores DR2-X ligarem-se via IMRS ao master permitindo o acesso aos TG&#8217;s DMR selecionados pelo dono do repetidor.<br \/>\nEm 2023 foi o ano de um novo sistema se poder ligar ao BM, \u00e9 ele o sistema Tetra mas em exclusivo ao modo TMO. Aguardam-se desenvolvimentos que venham a permitir o Tetra DMO usufruir da rede BM.\u00a0<\/span><\/h2>\n<h2><span style=\"font-family: arial, helvetica, sans-serif; font-size: 16px;\">Neste site pode encontrar informa\u00e7\u00e3o sobre o que \u00e9 o DMR, estrutura da rede, atribui\u00e7\u00e3o de ID&#8217;s software e configura\u00e7\u00e3o de equipamentos, vulgo &#8216;codeplug&#8217; (<a href=\"https:\/\/dmr-portugal.org\/?page_id=94\" target=\"_blank\" rel=\"noopener\">sess\u00e3o Software<\/a>).<br \/>\n<\/span><\/h2>\n<p>&nbsp;<\/p>\n<h2><span style=\"font-family: arial, helvetica, sans-serif; font-size: 16px;\">Os meus agradecimentos a todos os que tornaram poss\u00edvel a realiza\u00e7\u00e3o deste projecto com a aquisi\u00e7\u00e3o do primeiro repetidor Hytera:<\/span><\/h2>\n<p>&nbsp;<\/p>\n<p><em><span style=\"font-family: arial, helvetica, sans-serif;\">CT1HDC &#8211; Paulo Pereira, CT2HQT &#8211; Paulo Mendes, CT1DNU &#8211; Jos\u00e9 Ferreira, CT1ETG &#8211; Fernando Castanheira, CT1FUH &#8211; Paulo Sousa, CT1DUM &#8211; Carlos Moreira, CU3AT &#8211; Gerardo Silva, CU3YA &#8211; In\u00eas Zimbron, F1HBG &#8211; Jos\u00e9, CT2KEV &#8211; Lu\u00eds Franco, CT1EYY &#8211; Miguel Carvalho, CT1END &#8211; Carlos Nora, CT2CVW &#8211; Lu\u00eds Marques, CT2GKS &#8211; Paulo Pires, CT4RK &#8211; Carlos Mourato, CT2GXU &#8211; Ant\u00f3nio Jos\u00e9, CT1AIC &#8211; Rui Costa, CT2IXP &#8211; Vitor Moreira, CT1EXR &#8211; Jorge Lopes, CT2JTR &#8211; Pedro Costa, CT2IOK &#8211; Jos\u00e9 Carlos, CT1CEM &#8211; Carlos Barbosa.<\/span><br \/>\n<\/em><\/p>\n<p style=\"text-align: center;\"><span style=\"font-family: arial,helvetica,sans-serif; font-size: 14pt;\"><span style=\"font-size: 20px;\">Para todos, e em nome de todos, o meu muito obrigado.<\/span> <span style=\"font-size: 8pt;\">(J.S.)<\/span><\/span><\/p>\n","protected":false},"excerpt":{"rendered":"<p>&nbsp; Somos um grupo de radioamadores apaixonados pelas novas tecnologias, o que levou ao nascimento da rede DSTAR em Portugal em 2008 e em 2015 ao DMR. Isto n\u00e3o quer dizer que n\u00e3o existam outros modos ou que os modos anal\u00f3gicos estejam a ficar para tr\u00e1s, \u00e9 t\u00e3o somente uma \u2026 <a class=\"continue-reading-link\" href=\"https:\/\/dmr-portugal.org\/?page_id=2\"> Continua&#8230; <span class=\"meta-nav\">&rarr; <\/span><\/a><\/p>\n","protected":false},"author":1,"featured_media":0,"parent":880,"menu_order":1,"comment_status":"closed","ping_status":"open","template":"","meta":{"footnotes":""},"class_list":["post-2","page","type-page","status-publish","hentry"],"_links":{"self":[{"href":"https:\/\/dmr-portugal.org\/index.php?rest_route=\/wp\/v2\/pages\/2","targetHints":{"allow":["GET"]}}],"collection":[{"href":"https:\/\/dmr-portugal.org\/index.php?rest_route=\/wp\/v2\/pages"}],"about":[{"href":"https:\/\/dmr-portugal.org\/index.php?rest_route=\/wp\/v2\/types\/page"}],"author":[{"embeddable":true,"href":"https:\/\/dmr-portugal.org\/index.php?rest_route=\/wp\/v2\/users\/1"}],"replies":[{"embeddable":true,"href":"https:\/\/dmr-portugal.org\/index.php?rest_route=%2Fwp%2Fv2%2Fcomments&post=2"}],"version-history":[{"count":6,"href":"https:\/\/dmr-portugal.org\/index.php?rest_route=\/wp\/v2\/pages\/2\/revisions"}],"predecessor-version":[{"id":3433,"href":"https:\/\/dmr-portugal.org\/index.php?rest_route=\/wp\/v2\/pages\/2\/revisions\/3433"}],"up":[{"embeddable":true,"href":"https:\/\/dmr-portugal.org\/index.php?rest_route=\/wp\/v2\/pages\/880"}],"wp:attachment":[{"href":"https:\/\/dmr-portugal.org\/index.php?rest_route=%2Fwp%2Fv2%2Fmedia&parent=2"}],"curies":[{"name":"wp","href":"https:\/\/api.w.org\/{rel}","templated":true}]}}