{"id":132,"date":"2015-10-21T12:37:28","date_gmt":"2015-10-21T11:37:28","guid":{"rendered":"https:\/\/dmr-portugal.org\/?page_id=132"},"modified":"2025-05-20T18:51:35","modified_gmt":"2025-05-20T17:51:35","slug":"o-dmr-em-portugal","status":"publish","type":"page","link":"https:\/\/dmr-portugal.org\/?page_id=132","title":{"rendered":"O DMR em Portugal"},"content":{"rendered":"<p><strong><span style=\"font-family: arial, helvetica, sans-serif; font-size: 20px;\">O que \u00e9 o DMR&#8230;<\/span><\/strong><\/p>\n<p><span style=\"font-family: arial,helvetica,sans-serif; font-size: 18pt; color: #000000;\"><strong><br \/>\n<\/strong><span style=\"font-size: 16px; font-family: arial, helvetica, sans-serif;\">DMR, que significa &#8220;Digital Mobile Radio&#8221;, \u00e9 uma tecnologia de radiocomunica\u00e7\u00e3o digital que permite transmiss\u00e3o de voz, dados e mensagens de texto.<br \/>\n<\/span><\/span><span style=\"font-family: arial,helvetica,sans-serif; font-size: 18pt; color: #000000;\"><span style=\"font-size: 16px; font-family: arial, helvetica, sans-serif;\">No radioamadorismo, o DMR oferece uma alternativa eficiente e moderna para as comunica\u00e7\u00f5es de voz, com vantagens como maior clareza de \u00e1udio e a possibilidade de interagir em redes maiores e mais organizadas. <\/span><br \/>\n<\/span><\/p>\n<p><span style=\"font-family: arial,helvetica,sans-serif; font-size: 18pt; color: #000000;\"><span style=\"font-size: 16px; font-family: arial, helvetica, sans-serif;\">Resumindo, o DMR no radioamadorismo \u00e9 uma tecnologia digital que:<\/span><\/span><\/p>\n<p><span style=\"font-size: 16px; font-family: arial, helvetica, sans-serif;\">Permite comunica\u00e7\u00f5es de voz, dados e mensagens de texto:<\/span><\/p>\n<p><span style=\"font-size: 16px; font-family: arial, helvetica, sans-serif;\">Ao contr\u00e1rio dos sistemas anal\u00f3gicos, o DMR transmite a voz como dados digitais, o que resulta em maior clareza e menos ru\u00eddo.<\/span><\/p>\n<p>&nbsp;<\/p>\n<p><span style=\"font-size: 16px; font-family: arial, helvetica, sans-serif;\">Utiliza a t\u00e9cnica TDMA (Time Division Multiple Access):<\/span><\/p>\n<p><span style=\"font-size: 16px; font-family: arial, helvetica, sans-serif;\">Esta t\u00e9cnica permite que duas conversas de voz ocorram simultaneamente em uma \u00fanica frequ\u00eancia, otimizando o uso do espectro de r\u00e1dio.<\/span><\/p>\n<p>&nbsp;<\/p>\n<p><span style=\"font-size: 16px; font-family: arial, helvetica, sans-serif;\">Oferece uma maior capacidade de rede:<\/span><\/p>\n<p><span style=\"font-size: 16px; font-family: arial, helvetica, sans-serif;\">O DMR \u00e9 utilizado em redes maiores, como a BrandMeister, onde radioamadores podem se comunicar com pessoas em diferentes locais e at\u00e9 mesmo em outros pa\u00edses.<\/span><\/p>\n<p>&nbsp;<\/p>\n<p><span style=\"font-size: 16px; font-family: arial, helvetica, sans-serif;\">Facilita a organiza\u00e7\u00e3o e a interoperabilidade:<\/span><\/p>\n<p><span style=\"font-size: 16px; font-family: arial, helvetica, sans-serif;\">Com o uso de redes DMR, \u00e9 poss\u00edvel criar grupos de discuss\u00e3o, organizar eventos e compartilhar informa\u00e7\u00f5es de forma mais eficiente entre radioamadores.<\/span><\/p>\n<p>&nbsp;<\/p>\n<p><span style=\"font-size: 16px; font-family: arial, helvetica, sans-serif;\">Como funciona no radioamadorismo:<\/span><\/p>\n<p><span style=\"font-size: 16px; font-family: arial, helvetica, sans-serif;\">1. Equipamentos:<\/span><br \/>\n<span style=\"font-size: 16px; font-family: arial, helvetica, sans-serif;\">Os radioamadores utilizam r\u00e1dios DMR que s\u00e3o capazes de comunicar com repetidores, ou hotspots DMR. <\/span><\/p>\n<p><span style=\"font-size: 16px; font-family: arial, helvetica, sans-serif;\">2. Redes:<\/span><br \/>\n<span style=\"font-size: 16px; font-family: arial, helvetica, sans-serif;\">Os r\u00e1dios DMR se conectam a redes DMR, como a BrandMeister, que s\u00e3o sistemas de comunica\u00e7\u00e3o centralizados que permitem interagir com outros radioamadores. <\/span><\/p>\n<p><span style=\"font-size: 16px; font-family: arial, helvetica, sans-serif;\">3. Chamadas:<\/span><br \/>\n<span style=\"font-size: 16px; font-family: arial, helvetica, sans-serif;\">Os radioamadores podem realizar chamadas de voz, enviar mensagens de texto e, em alguns casos, at\u00e9 mesmo enviar dados entre si. <\/span><\/p>\n<p><span style=\"font-size: 16px; font-family: arial, helvetica, sans-serif;\">4. Identifica\u00e7\u00e3o:<\/span><br \/>\n<span style=\"font-size: 16px; font-family: arial, helvetica, sans-serif;\">Cada radioamador \u00e9 identificado por um ID \u00fanico dentro da rede DMR.<\/span><\/p>\n<p>&nbsp;<\/p>\n<p><span style=\"font-size: 16px; font-family: arial, helvetica, sans-serif;\">Vantagens do DMR no radioamadorismo:<\/span><\/p>\n<p><span style=\"font-size: 16px; font-family: arial, helvetica, sans-serif;\">Melhor qualidade de \u00e1udio: A transmiss\u00e3o digital elimina muitos dos ru\u00eddos e interfer\u00eancias comuns nos sistemas anal\u00f3gicos. <\/span><br \/>\n<span style=\"font-size: 16px; font-family: arial, helvetica, sans-serif;\">Maior capacidade de rede: Permite que mais pessoas se comuniquem simultaneamente. <\/span><br \/>\n<span style=\"font-size: 16px; font-family: arial, helvetica, sans-serif;\">Interoperabilidade: R\u00e1dios de diferentes fabricantes podem interagir em redes DMR. <\/span><br \/>\n<span style=\"font-size: 16px; font-family: arial, helvetica, sans-serif;\">Facilidade de comunica\u00e7\u00e3o: Facilita a organiza\u00e7\u00e3o e o compartilhamento de informa\u00e7\u00f5es entre radioamadores. <\/span><br \/>\n<span style=\"font-size: 16px; font-family: arial, helvetica, sans-serif;\">Em resumo, o DMR \u00e9 uma tecnologia que revolucionou as comunica\u00e7\u00f5es de r\u00e1dio no radioamadorismo, oferecendo uma alternativa mais eficiente (n\u00e3o substitui nada), moderna e com maior capacidade de rede do que os sistemas anal\u00f3gicos. <\/span><\/p>\n<p>&nbsp;<\/p>\n<p><span style=\"font-size: 20px;\"><strong><span style=\"font-family: arial, helvetica, sans-serif;\">Registos DMR, como os decompor.<\/span><\/strong><\/span><\/p>\n<p>&nbsp;<\/p>\n<p><span style=\"font-family: arial,helvetica,sans-serif; font-size: 12pt; color: #000000;\">Nos indicativos DMR, os tr\u00eas primeiros d\u00edgitos identificam o pa\u00eds. Esta escolha n\u00e3o aconteceu casualmente, os colegas alem\u00e3es basearam-se em algo j\u00e1 existente e regulamentado, a norma <span id=\"ctl00_ContentPlaceHolder1_lblrec1\"><a style=\"color: #000000;\" href=\"http:\/\/www.itu.int\/ITU-T\/E.212\">ITU-T E.212 (05\/2008<\/a><\/span>\u00a0 publicada pela ITU, que foi determinante para a aloca\u00e7\u00e3o dada hoje em dia aos dispositivos DMR.<\/span><\/p>\n<p><span style=\"font-family: arial,helvetica,sans-serif; font-size: 12pt; color: #000000;\">Os colegas alem\u00e3es basearam-se na divis\u00e3o de regi\u00f5es, apresentada por um qualquer partido politico nacional e, com base nessa divis\u00e3o e no estabelecido no documento da ITU, a Europa \u00e9 o 2 e Portugal 68, pelo que temos definido ent\u00e3o que no nosso pa\u00eds e ilhas o prefixo \u00e9 o <strong>268.<\/strong><\/span><\/p>\n<p>&nbsp;<\/p>\n<p><a href=\"https:\/\/dmr-portugal.org\/wp-content\/uploads\/2015\/10\/Portug43.jpg\"><img fetchpriority=\"high\" decoding=\"async\" class=\"wp-image-135 size-medium alignright\" src=\"https:\/\/dmr-portugal.org\/wp-content\/uploads\/2015\/10\/Portug43-242x300.jpg\" alt=\"Portug43\" width=\"242\" height=\"300\" srcset=\"https:\/\/dmr-portugal.org\/wp-content\/uploads\/2015\/10\/Portug43-242x300.jpg 242w, https:\/\/dmr-portugal.org\/wp-content\/uploads\/2015\/10\/Portug43-121x150.jpg 121w, https:\/\/dmr-portugal.org\/wp-content\/uploads\/2015\/10\/Portug43.jpg 383w\" sizes=\"(max-width: 242px) 100vw, 242px\" \/><\/a><\/p>\n<p><span style=\"font-family: arial,helvetica,sans-serif; font-size: 12pt; color: #000000;\"><strong>Divis\u00e3o Regional<\/strong><\/span><\/p>\n<p><span style=\"font-family: arial,helvetica,sans-serif; font-size: 12pt; color: #000000;\">2681 &#8211; Norte de Portugal, identificado pela cor verde no mapa<\/span><br \/>\n<span style=\"font-family: arial,helvetica,sans-serif; font-size: 12pt; color: #000000;\"> 2682 &#8211; Centro de Portugal, identificado pela cor rosa no mapa<\/span><br \/>\n<span style=\"font-family: arial,helvetica,sans-serif; font-size: 12pt; color: #000000;\"> 2683 &#8211; Lisboa-Set\u00fabal, identificado pela cor amarela no mapa<\/span><br \/>\n<span style=\"font-family: arial,helvetica,sans-serif; font-size: 12pt; color: #000000;\"> 2684 &#8211; Alentejo, identificado pela cor violeta no mapa<\/span><br \/>\n<span style=\"font-family: arial,helvetica,sans-serif; font-size: 12pt; color: #000000;\"> 2685 &#8211; Algarve, identificado pela cor laranja no mapa<\/span><br \/>\n<span style=\"font-family: arial,helvetica,sans-serif; font-size: 12pt; color: #000000;\"> 2686 &#8211; A\u00e7ores (em quadricula)<\/span><br \/>\n<span style=\"font-family: arial,helvetica,sans-serif; font-size: 12pt; color: #000000;\"> 2687 &#8211; Madeira (em quadricula)<\/span><\/p>\n<p><span style=\"font-family: arial,helvetica,sans-serif; font-size: 12pt; color: #000000;\">Todos os identificativos DMR s\u00e3o sempre compostos por estes 3 primeiros d\u00edgitos. A restante composi\u00e7\u00e3o tem a seguinte correspond\u00eancia:<\/span><\/p>\n<ul>\n<li><span style=\"font-family: arial,helvetica,sans-serif; font-size: 12pt; color: #000000;\">Um equipamento de uso comum (repetidor) ter\u00e1 o prefixo do pa\u00eds seguido do da regi\u00e3o e depois mais dois algarismos em ordem crescente. Por exemplo o CQ0UCSC (DMR Cascais) tem 268 para pa\u00eds, 3 para a regi\u00e3o e 01 por ser o primeiro, dando origem ent\u00e3o ao indicativo DMR 268301. Os repetidores s\u00f3 t\u00eam 6 caracteres.<\/span><\/li>\n<li><span style=\"font-family: arial,helvetica,sans-serif; font-size: 12pt; color: #000000;\"><span style=\"font-family: arial,helvetica,sans-serif; font-size: 12pt; color: #000000;\">O mesmo acontece se esse equipamento for de uso privado, como uma esta\u00e7\u00e3o de amador, nesse caso ser\u00e1 268 para pa\u00eds, 3 para regi\u00e3o e 001 para o utilizador. No caso do CT1HDC, ser\u00e1 o 2683001.<\/span><\/span><\/li>\n<\/ul>\n<p>&nbsp;<\/p>\n<p><strong>Desde 1 de Mar\u00e7o de 2020 deixou de haver distribui\u00e7\u00e3o por regi\u00f5es, sendo que os novos indicativos s\u00e3o sequenciais. Mantem-se os antigos, mantendo o seu registo agregado \u00e0 regi\u00e3o.<\/strong><\/p>\n<p>&nbsp;<\/p>\n<h2 style=\"text-align: center;\"><\/h2>\n<style>\n       .errordiv { padding:10px; margin:10px; border: 1px solid #555555;color: #000000;background-color: #f8f8f8; width:500px; }#iframe10 {visibility:visible;opacity:1;vertical-align:top;}.ai-info-bottom-iframe { position: fixed; z-index: 10000; bottom:0; left: 0; margin: 0px; text-align: center; width: 100%; background-color: #ff9999; padding-left: 5px;padding-bottom: 5px; border-top: 1px solid #aaa } a.ai-bold {font-weight: bold;}#ai-layer-div-iframe10 p {height:100%;margin:0;padding:0}<\/style><script type=\"text\/javascript\">var ai_iframe_width_iframe10 = 0;var ai_iframe_height_iframe10 = 0;var aiOnloadScrollTop=\"true\";var aiShowDebug=false;\n\t\tif (typeof aiReadyCallbacks === 'undefined') {\n\t\t\tvar aiReadyCallbacks = [];\n\t\t} else if (!(aiReadyCallbacks instanceof Array)) {\n\t\t\tvar aiReadyCallbacks = [];\n\t\t}    function aiShowIframeId(id_iframe) { jQuery(\"#\"+id_iframe).css(\"visibility\", \"visible\");    }    function aiResizeIframeHeight(height) { aiResizeIframeHeight(height,iframe10); }    function aiResizeIframeHeightId(height,width,id) {aiResizeIframeHeightById(id,height);}<\/script><iframe id=\"iframe10\"  name=\"iframe10\"  src=\"https:\/\/dmr-portugal.org\/bm268\/\"  width=\"100%\"  height=\"1024\"  scrolling=\"auto\"  frameborder=\"0\"  border=\"0\"  allowtransparency=\"true\"  loading=\"lazy\"  style=\";border-width: 0px;;border: none;;width:100%;;height:1024px;\" ><\/iframe><script type=\"text\/javascript\">var ifrm_iframe10 = document.getElementById(\"iframe10\");var hiddenTabsDoneiframe10 = false;\nfunction resizeCallbackiframe10() {}<\/script><script type=\"text\/javascript\"><\/script><p style=\"display:block !important; visibility:visible !important;margin: -18px 14px 0 0;padding-left: 3px;padding-top:3px;background: white; overflow: hidden; position: relative; line-height:15px;width: fit-content;\"><small style=\"display:block !important;visibility:visible !important\">powered by Advanced iFrame<\/small><\/p>\n","protected":false},"excerpt":{"rendered":"<p>O que \u00e9 o DMR&#8230; DMR, que significa &#8220;Digital Mobile Radio&#8221;, \u00e9 uma tecnologia de radiocomunica\u00e7\u00e3o digital que permite transmiss\u00e3o de voz, dados e mensagens de texto. No radioamadorismo, o DMR oferece uma alternativa eficiente e moderna para as comunica\u00e7\u00f5es de voz, com vantagens como maior clareza de \u00e1udio e \u2026 <a class=\"continue-reading-link\" href=\"https:\/\/dmr-portugal.org\/?page_id=132\"> Continua&#8230; <span class=\"meta-nav\">&rarr; <\/span><\/a><\/p>\n","protected":false},"author":1,"featured_media":0,"parent":0,"menu_order":2,"comment_status":"closed","ping_status":"closed","template":"","meta":{"footnotes":""},"class_list":["post-132","page","type-page","status-publish","hentry"],"_links":{"self":[{"href":"https:\/\/dmr-portugal.org\/index.php?rest_route=\/wp\/v2\/pages\/132","targetHints":{"allow":["GET"]}}],"collection":[{"href":"https:\/\/dmr-portugal.org\/index.php?rest_route=\/wp\/v2\/pages"}],"about":[{"href":"https:\/\/dmr-portugal.org\/index.php?rest_route=\/wp\/v2\/types\/page"}],"author":[{"embeddable":true,"href":"https:\/\/dmr-portugal.org\/index.php?rest_route=\/wp\/v2\/users\/1"}],"replies":[{"embeddable":true,"href":"https:\/\/dmr-portugal.org\/index.php?rest_route=%2Fwp%2Fv2%2Fcomments&post=132"}],"version-history":[{"count":7,"href":"https:\/\/dmr-portugal.org\/index.php?rest_route=\/wp\/v2\/pages\/132\/revisions"}],"predecessor-version":[{"id":4169,"href":"https:\/\/dmr-portugal.org\/index.php?rest_route=\/wp\/v2\/pages\/132\/revisions\/4169"}],"wp:attachment":[{"href":"https:\/\/dmr-portugal.org\/index.php?rest_route=%2Fwp%2Fv2%2Fmedia&parent=132"}],"curies":[{"name":"wp","href":"https:\/\/api.w.org\/{rel}","templated":true}]}}