{"id":1304,"date":"2017-08-09T17:11:18","date_gmt":"2017-08-09T16:11:18","guid":{"rendered":"https:\/\/dmr-portugal.org\/?page_id=1304"},"modified":"2024-05-30T12:33:22","modified_gmt":"2024-05-30T11:33:22","slug":"quem-somos-atualmente","status":"publish","type":"page","link":"https:\/\/dmr-portugal.org\/?page_id=1304","title":{"rendered":"Quem Somos"},"content":{"rendered":"<p style=\"text-align: center;\"><span style=\"font-size: 24pt;\"><strong><span style=\"font-family: arial,helvetica,sans-serif;\">A equipa DMR PT<\/span><\/strong><\/span><\/p>\n<p style=\"text-align: center;\"><em><span style=\"font-family: arial, helvetica, sans-serif; font-size: 16px;\">Porque um sistema desta natureza n\u00e3o trabalha sozinho esta \u00e9 toda a equipa que mant\u00e9m, colabora e apoia todas as estruturas da rede de voz digital em Portugal.<\/span><\/em><\/p>\n<table style=\"height: 784px; width: 96.0726%;\" width=\"578\">\n<tbody>\n<tr style=\"height: 784px; border-style: none;\">\n<td style=\"border-style: none; border-color: #ffffff; background-color: #ffffff; width: 89.5028%; height: 784px; text-align: center;\"><span style=\"font-family: arial,helvetica,sans-serif; font-size: 12pt;\">\u00a0<\/span><\/p>\n<table style=\"border-collapse: collapse; width: 114.16%; height: 479px;\">\n<tbody>\n<tr style=\"height: 256px;\">\n<td style=\"width: 33.3333%; height: 256px;\"><img fetchpriority=\"high\" decoding=\"async\" class=\"size-full wp-image-1306 aligncenter\" src=\"https:\/\/dmr-portugal.org\/wp-content\/uploads\/2017\/08\/PO.png\" alt=\"\" width=\"249\" height=\"250\" srcset=\"https:\/\/dmr-portugal.org\/wp-content\/uploads\/2017\/08\/PO.png 249w, https:\/\/dmr-portugal.org\/wp-content\/uploads\/2017\/08\/PO-150x150.png 150w\" sizes=\"(max-width: 249px) 100vw, 249px\" \/><\/td>\n<td style=\"width: 33.3333%; height: 256px;\"><img decoding=\"async\" class=\"size-full wp-image-1310 aligncenter\" src=\"https:\/\/dmr-portugal.org\/wp-content\/uploads\/2017\/08\/PS.png\" alt=\"\" width=\"284\" height=\"278\" srcset=\"https:\/\/dmr-portugal.org\/wp-content\/uploads\/2017\/08\/PS.png 284w, https:\/\/dmr-portugal.org\/wp-content\/uploads\/2017\/08\/PS-150x147.png 150w\" sizes=\"(max-width: 284px) 100vw, 284px\" \/><\/td>\n<td style=\"width: 47.4948%; height: 256px;\"><img decoding=\"async\" class=\"wp-image-1307 aligncenter\" src=\"https:\/\/dmr-portugal.org\/wp-content\/uploads\/2017\/08\/PP.png\" alt=\"\" width=\"238\" height=\"244\" \/><\/td>\n<\/tr>\n<tr style=\"height: 223px;\">\n<td style=\"width: 33.3333%; height: 223px;\"><img loading=\"lazy\" decoding=\"async\" class=\"size-full wp-image-1305 aligncenter\" src=\"https:\/\/dmr-portugal.org\/wp-content\/uploads\/2017\/08\/JS.png\" alt=\"\" width=\"171\" height=\"208\" srcset=\"https:\/\/dmr-portugal.org\/wp-content\/uploads\/2017\/08\/JS.png 171w, https:\/\/dmr-portugal.org\/wp-content\/uploads\/2017\/08\/JS-123x150.png 123w\" sizes=\"(max-width: 171px) 100vw, 171px\" \/><\/td>\n<td style=\"width: 33.3333%; height: 223px;\"><img loading=\"lazy\" decoding=\"async\" class=\"size-full wp-image-1308 aligncenter\" src=\"https:\/\/dmr-portugal.org\/wp-content\/uploads\/2017\/08\/PM.png\" alt=\"\" width=\"206\" height=\"211\" srcset=\"https:\/\/dmr-portugal.org\/wp-content\/uploads\/2017\/08\/PM.png 206w, https:\/\/dmr-portugal.org\/wp-content\/uploads\/2017\/08\/PM-146x150.png 146w\" sizes=\"(max-width: 206px) 100vw, 206px\" \/><\/td>\n<td style=\"width: 47.4948%; height: 223px;\"><img loading=\"lazy\" decoding=\"async\" class=\"wp-image-1309 aligncenter\" src=\"https:\/\/dmr-portugal.org\/wp-content\/uploads\/2017\/08\/NL.png\" alt=\"\" width=\"188\" height=\"208\" srcset=\"https:\/\/dmr-portugal.org\/wp-content\/uploads\/2017\/08\/NL.png 136w, https:\/\/dmr-portugal.org\/wp-content\/uploads\/2017\/08\/NL-135x150.png 135w\" sizes=\"(max-width: 188px) 100vw, 188px\" \/><\/td>\n<\/tr>\n<\/tbody>\n<\/table>\n<p style=\"text-align: left;\">\u00a0 \u00a0 \u00a0 \u00a0 \u00a0 \u00a0 \u00a0 \u00a0 \u00a0 \u00a0 \u00a0 \u00a0 \u00a0 \u00a0<img loading=\"lazy\" decoding=\"async\" class=\"wp-image-2964 alignnone\" src=\"https:\/\/dmr-portugal.org\/wp-content\/uploads\/2021\/10\/ct1fzc-freitas-225x300.jpg\" alt=\"\" width=\"184\" height=\"245\" srcset=\"https:\/\/dmr-portugal.org\/wp-content\/uploads\/2021\/10\/ct1fzc-freitas-225x300.jpg 225w, https:\/\/dmr-portugal.org\/wp-content\/uploads\/2021\/10\/ct1fzc-freitas-113x150.jpg 113w, https:\/\/dmr-portugal.org\/wp-content\/uploads\/2021\/10\/ct1fzc-freitas.jpg 240w\" sizes=\"(max-width: 184px) 100vw, 184px\" \/><img loading=\"lazy\" decoding=\"async\" class=\"wp-image-2965 alignright\" style=\"font-family: inherit;\" src=\"https:\/\/dmr-portugal.org\/wp-content\/uploads\/2021\/10\/ctapz-300x225.png\" alt=\"\" width=\"325\" height=\"243\" srcset=\"https:\/\/dmr-portugal.org\/wp-content\/uploads\/2021\/10\/ctapz-300x225.png 300w, https:\/\/dmr-portugal.org\/wp-content\/uploads\/2021\/10\/ctapz-768x577.png 768w, https:\/\/dmr-portugal.org\/wp-content\/uploads\/2021\/10\/ctapz-150x113.png 150w, https:\/\/dmr-portugal.org\/wp-content\/uploads\/2021\/10\/ctapz.png 771w\" sizes=\"(max-width: 325px) 100vw, 325px\" \/><\/p>\n<p>&nbsp;<\/td>\n<td style=\"border-style: hidden; border-color: #ffffff; background-color: #ffffff; width: 10.2762%; height: 784px;\"><\/td>\n<\/tr>\n<\/tbody>\n<\/table>\n<p><span style=\"font-family: arial, helvetica, sans-serif; font-size: 14pt;\">Desde o arranque do projecto que contamos com a colabora\u00e7\u00e3o e tempo do Paulo Pereira &#8211; CT1HDC e dos recentemente entrados (teste de equipamentos e configura\u00e7\u00e3o de &#8220;codeplug&#8221;) Paulo Martins &#8211; CS7AGH e Nuno Brand\u00e3o &#8211; CT1JQJ. Nas novas aplica\u00e7\u00f5es contamos com CT1ESJ &#8211; Henrique Portas e nos desenvolvimentos para invisuais a colabora\u00e7\u00e3o de CT1AFS &#8211; Victor Oliveira.<\/span><\/p>\n<table style=\"height: 10px; width: 100%;\" width=\"400\">\n<tbody>\n<tr style=\"height: 10px;\">\n<td style=\"height: 10px;\"><\/td>\n<td style=\"height: 10px;\"><\/td>\n<\/tr>\n<\/tbody>\n<\/table>\n<p style=\"text-align: center;\"><span style=\"font-family: arial,helvetica,sans-serif; font-size: 14pt;\">Na modera\u00e7\u00e3o da NET CT em l\u00edngua Portuguesa, CT1HDC &#8211; Paulo Pereira, CT1FUH &#8211; Paulo Sousa CT7APZ &#8211; Braulio Sousa e CT1FZC &#8211; Carlos Freitas.<\/span><\/p>\n<p>&nbsp;<\/p>\n<p>&nbsp;<\/p>\n<p style=\"text-align: center;\"><span style=\"font-family: arial, helvetica, sans-serif; font-size: 14pt;\">Esta \u00e9 a equipa! Ela s\u00f3 existe com o vosso apoio, colabora\u00e7\u00e3o o uso\/sugest\u00f5es que possam dar \u00e0 mesma, a todos o nosso muito obrigado.<\/span><\/p>\n<hr \/>\n","protected":false},"excerpt":{"rendered":"<p>A equipa DMR PT Porque um sistema desta natureza n\u00e3o trabalha sozinho esta \u00e9 toda a equipa que mant\u00e9m, colabora e apoia todas as estruturas da rede de voz digital em Portugal. \u00a0 \u00a0 \u00a0 \u00a0 \u00a0 \u00a0 \u00a0 \u00a0 \u00a0 \u00a0 \u00a0 \u00a0 \u00a0 \u00a0 \u00a0 &nbsp; Desde o \u2026 <a class=\"continue-reading-link\" href=\"https:\/\/dmr-portugal.org\/?page_id=1304\"> Continua&#8230; <span class=\"meta-nav\">&rarr; <\/span><\/a><\/p>\n","protected":false},"author":1,"featured_media":0,"parent":880,"menu_order":2,"comment_status":"closed","ping_status":"closed","template":"","meta":{"footnotes":""},"class_list":["post-1304","page","type-page","status-publish","hentry"],"_links":{"self":[{"href":"https:\/\/dmr-portugal.org\/index.php?rest_route=\/wp\/v2\/pages\/1304","targetHints":{"allow":["GET"]}}],"collection":[{"href":"https:\/\/dmr-portugal.org\/index.php?rest_route=\/wp\/v2\/pages"}],"about":[{"href":"https:\/\/dmr-portugal.org\/index.php?rest_route=\/wp\/v2\/types\/page"}],"author":[{"embeddable":true,"href":"https:\/\/dmr-portugal.org\/index.php?rest_route=\/wp\/v2\/users\/1"}],"replies":[{"embeddable":true,"href":"https:\/\/dmr-portugal.org\/index.php?rest_route=%2Fwp%2Fv2%2Fcomments&post=1304"}],"version-history":[{"count":6,"href":"https:\/\/dmr-portugal.org\/index.php?rest_route=\/wp\/v2\/pages\/1304\/revisions"}],"predecessor-version":[{"id":3132,"href":"https:\/\/dmr-portugal.org\/index.php?rest_route=\/wp\/v2\/pages\/1304\/revisions\/3132"}],"up":[{"embeddable":true,"href":"https:\/\/dmr-portugal.org\/index.php?rest_route=\/wp\/v2\/pages\/880"}],"wp:attachment":[{"href":"https:\/\/dmr-portugal.org\/index.php?rest_route=%2Fwp%2Fv2%2Fmedia&parent=1304"}],"curies":[{"name":"wp","href":"https:\/\/api.w.org\/{rel}","templated":true}]}}